{"id":9,"date":"2013-11-26T15:52:50","date_gmt":"2013-11-26T15:52:50","guid":{"rendered":"http:\/\/www.velika-trnovitica.hr\/?page_id=9"},"modified":"2014-05-13T18:53:06","modified_gmt":"2014-05-13T18:53:06","slug":"povijest-velika-trnovitice","status":"publish","type":"page","link":"https:\/\/www.velika-trnovitica.hr\/?page_id=9","title":{"rendered":"Povijest Velike Trnovitice"},"content":{"rendered":"<p style=\"text-align: justify;\">Trnovitica se spominje ve\u0107 u 12. stolje\u0107u kao posjed vlastelinstva bana Belu\u0161a, koji je bio banom od 1142. do 1157. godine, odnosno s prekidima do 1163. godine. Ban je cijenio pavlinski samostan Sv. Marije na Gori\u0107u u kojemu su djelovala bra\u0107a pustinjaci reda Sv. Pavla, prvog pustinjaka samostana Sv. Marije na Gori\u010dkim brdima. Kako su redovnici iz samostana \u0161tovali pustinjaka Sv. Martina, koji je \u017eivio u Zagreba\u010dkoj gori, mo\u017eda su i oni osniva\u010di crkve Sv. Martina u dana\u0161njoj Velikoj Trnovitici.<\/p>\n<p><a href=\"https:\/\/www.velika-trnovitica.hr\/wp-content\/uploads\/2013\/11\/Trnovitica_11.jpg\"><img loading=\"lazy\" decoding=\"async\" class=\"aligncenter size-large wp-image-44\" src=\"https:\/\/www.velika-trnovitica.hr\/wp-content\/uploads\/2013\/11\/Trnovitica_11-1024x794.jpg\" alt=\"Trnovitica_11\" width=\"725\" height=\"562\" srcset=\"https:\/\/www.velika-trnovitica.hr\/wp-content\/uploads\/2013\/11\/Trnovitica_11-1024x794.jpg 1024w, https:\/\/www.velika-trnovitica.hr\/wp-content\/uploads\/2013\/11\/Trnovitica_11-300x232.jpg 300w\" sizes=\"auto, (max-width: 725px) 100vw, 725px\" \/><\/a><\/p>\n<p>&nbsp;<\/p>\n<p style=\"text-align: justify;\">Pretpostavlja se da je crkva gra\u0111ena oko 1108. godine. U Spomenici trnoviti\u010dke \u017eupe spominju se i trnoviti\u010dki Pavlini. U 13. stolje\u0107u Trnovitica se zvala Komor, po plemi\u0107ima od Komora. U Kanonskoj vizitaciji spominje se crkva Sv. Martina u Komoru. Godine 1334. pod imenom \u00abEcclesia sancti Martini de Twviski\u00bb-Twviski je stariji ma\u0111arski oblik za Tiske (Ti\u0161ke), Trnje. Godine 1501. mjesto se spominje pod istim imenom, samo \u0161to umjesto dodatka \u00abde Twviski\u00bb stoji \u00abin Spinis\u00bb dakle i opet u Trnju.<\/p>\n<p style=\"text-align: justify;\">Mo\u017eda u tom dodatku le\u017ei i za\u010detak dana\u0161njeg imena Trnovitica. Kraj je bio dosta po\u0161umljen, a gdje je \u0161uma, tu je i trnje. Do Turskih provala u ove krajeve Trnovitica je bila sjedi\u0161te \u017eupe koja se spominje jo\u0161 od 1112. godine. Turci su ondje ostavili pusto\u0161-bez naselja i stanovnika skoro 150 godina.<\/p>\n<p style=\"text-align: justify;\">Godine 1737. sjedi\u0161te \u017eupe preneseno je iz Stare Plo\u0161\u0107ice u Veliku Trnoviticu. Srednjovjekovna barokizirana \u017eupna crkva Sv. Martina opremljena je vrijednim baroknim oltarom Sv. Martina iz 1746. godine. Lijevo od oltara Sv. Antuna nalazi se barokna propovjedaonica, a na vrhu pokrova nalazi se plastika Sv. Mihaela. Vizitator Antun Millos opisuje podrobno crkvu 1765. godine i iz tog opisa doznajemo da je crkva ve\u0107 tada imala dana\u0161nji oblik. \u017dupni stan nalazi se nasuprot \u017eupne crkve Sv. Martina u Velikoj Trnovitici. To je katnica sagra\u0111ena 1837. godine za \u017eupnikovanja Mihaela Kramari\u0107a (od 1831. do 1853. godine).<\/p>\n<p style=\"text-align: justify;\">Mje\u0161tani op\u0107ine Velika Trnovitica ponosni su i na povijest trnoviti\u010dkog \u0161kolstva-28. svibnja 1999. godine proslavljena je 240. godi\u0161njica \u0161kolstva. Naime, u povijesnim izvorima od 15. lipnja 1759. godine spominje se njema\u010dka \u0161kola u Velikoj Trnovitici. Trnoviti\u010dka Trivialschulle, drugi put se spominje prvih dana sije\u010dnja 1765. godine uz pobolj\u0161anje materijalnog stanja u\u010diteljstva (priplatak od 24 forinte). Godine 1802. \u0161kola je imala 19 polaznika. Trnoviti\u010dka njema\u010dka \u0161kola (Trivialschulle) zatvorena je 1873. godine, a \u0161kolsko zvono iz vremena carice Marije Terezije preseljeno je u tornji\u0107 stare Trnoviti\u010dke \u0161kole. Danas je zvono u novoj \u0161koli u postavi stalne etno-zbirke.<\/p>\n<p style=\"text-align: justify;\">Op\u0107a pu\u010dka \u0161kola koja se nalazila u stanu kraji\u0161kog \u010dasnika bila je pretijesna pa joj je 1886. godine dozidan jedan razred. Uz staru prizemnu \u0161kolu sagra\u0111ena je 1912. godine nova jednokatna zgrada. \u0160kolske godine 1945.\/46. uvodi se obvezno sedmogodi\u0161nje \u0161kolovanje. U velja\u010di 1957. godine pri \u0161koli je otvorena mlije\u010dna kuhinja i u\u010deni\u010dka zadruga, jedna od prvih na gare\u0161ni\u010dkom podru\u010dju.<\/p>\n<p><a href=\"https:\/\/www.velika-trnovitica.hr\/wp-content\/uploads\/2013\/11\/Trnovitica_12.jpg\"><img loading=\"lazy\" decoding=\"async\" class=\"aligncenter size-full wp-image-46\" src=\"https:\/\/www.velika-trnovitica.hr\/wp-content\/uploads\/2013\/11\/Trnovitica_12.jpg\" alt=\"Trnovitica_12\" width=\"517\" height=\"400\" \/><\/a><\/p>\n<p style=\"text-align: justify;\">Po\u010detkom 20. stolje\u0107a, to jest od 1905. do 1912. godine, u Velikoj Trnovitici je postojala Hrvatska pu\u010dka knji\u017enica. Osnovao ju je trnoviti\u010dki u\u010ditelj Ivan Skubin. Spomenuti u\u010ditelj osnovao je 1911. godine i Gospodarsko dru\u0161tvo kao zadrugu u Trnovitici. Godine 1922. osnovana je Sokolska \u010deta, a 1931. osnovano je dobrovoljno vatrogasno dru\u0161tvo. Godine 1934.\/35. odr\u017ean je op\u0107i poljoprivredni te\u010daj za \u017eene i mu\u0161karce.<\/p>\n","protected":false},"excerpt":{"rendered":"<p>Trnovitica se spominje ve\u0107 u 12. stolje\u0107u kao posjed vlastelinstva bana Belu\u0161a, koji je bio banom od 1142. do 1157. godine, odnosno s prekidima do 1163. godine. Ban je cijenio pavlinski samostan Sv. Marije na Gori\u0107u u kojemu su djelovala bra\u0107a pustinjaci reda Sv. Pavla, prvog pustinjaka samostana Sv. Marije na Gori\u010dkim brdima. Kako su [&hellip;]<\/p>\n","protected":false},"author":1,"featured_media":0,"parent":0,"menu_order":0,"comment_status":"closed","ping_status":"closed","template":"","meta":{"ngg_post_thumbnail":0,"footnotes":""},"class_list":["post-9","page","type-page","status-publish","hentry"],"_links":{"self":[{"href":"https:\/\/www.velika-trnovitica.hr\/index.php?rest_route=\/wp\/v2\/pages\/9","targetHints":{"allow":["GET"]}}],"collection":[{"href":"https:\/\/www.velika-trnovitica.hr\/index.php?rest_route=\/wp\/v2\/pages"}],"about":[{"href":"https:\/\/www.velika-trnovitica.hr\/index.php?rest_route=\/wp\/v2\/types\/page"}],"author":[{"embeddable":true,"href":"https:\/\/www.velika-trnovitica.hr\/index.php?rest_route=\/wp\/v2\/users\/1"}],"replies":[{"embeddable":true,"href":"https:\/\/www.velika-trnovitica.hr\/index.php?rest_route=%2Fwp%2Fv2%2Fcomments&post=9"}],"version-history":[{"count":5,"href":"https:\/\/www.velika-trnovitica.hr\/index.php?rest_route=\/wp\/v2\/pages\/9\/revisions"}],"predecessor-version":[{"id":168,"href":"https:\/\/www.velika-trnovitica.hr\/index.php?rest_route=\/wp\/v2\/pages\/9\/revisions\/168"}],"wp:attachment":[{"href":"https:\/\/www.velika-trnovitica.hr\/index.php?rest_route=%2Fwp%2Fv2%2Fmedia&parent=9"}],"curies":[{"name":"wp","href":"https:\/\/api.w.org\/{rel}","templated":true}]}}