{"id":4782,"date":"2026-03-18T12:01:27","date_gmt":"2026-03-18T12:01:27","guid":{"rendered":"https:\/\/www.velika-trnovitica.hr\/?page_id=4782"},"modified":"2026-03-18T12:01:28","modified_gmt":"2026-03-18T12:01:28","slug":"godisnji-izvjestaj-o-izvrsenju-proracuna-za-2025-godinu","status":"publish","type":"page","link":"https:\/\/www.velika-trnovitica.hr\/?page_id=4782","title":{"rendered":"Godi\u0161nji izvje\u0161taj o izvr\u0161enju prora\u010duna za 2025. godinu"},"content":{"rendered":"\n<div class=\"wp-block-file\"><a id=\"wp-block-file--media-fc6b08b0-1c54-4f93-b207-741c6fdf9f66\" href=\"https:\/\/www.velika-trnovitica.hr\/wp-content\/uploads\/2026\/03\/1.-Godisnji-izvjestaj-za-2025.-godinu-naslovna.pdf\">1. Godi\u0161nji izvje\u0161taj za 2025. godinu &#8211; naslovna<\/a><\/div>\n\n\n\n<div class=\"wp-block-file\"><a id=\"wp-block-file--media-24676a0f-9bf8-4927-8bd7-9cc423b614dc\" href=\"https:\/\/www.velika-trnovitica.hr\/wp-content\/uploads\/2026\/03\/2.-Godisnji-izvjestaj-za-2025.-godinu-opci-dio.pdf\">2. Godi\u0161nji izvje\u0161taj za 2025. godinu &#8211; op\u0107i dio<\/a><\/div>\n\n\n\n<div class=\"wp-block-file\"><a id=\"wp-block-file--media-71cdce3b-ab26-4004-940b-5ba1298eb19a\" href=\"https:\/\/www.velika-trnovitica.hr\/wp-content\/uploads\/2026\/03\/3.-Godisnji-izvjestaj-za-2025.-godinu-posebni-dio.pdf\">3. Godi\u0161nji izvje\u0161taj za 2025. godinu &#8211; posebni dio<\/a><\/div>\n\n\n\n<div class=\"wp-block-file\"><a id=\"wp-block-file--media-a9d3eed6-f575-4cf8-b6ea-b348b7bc7f46\" href=\"https:\/\/www.velika-trnovitica.hr\/wp-content\/uploads\/2026\/03\/4.-Godisnji-izvjestaj-za-2025.-godinu-biljeske.pdf\">4. Godi\u0161nji izvje\u0161taj za 2025. godinu bilje\u0161ke<\/a><\/div>\n\n\n\n<div class=\"wp-block-file\"><a id=\"wp-block-file--media-5861be5f-32fc-4048-8eb0-c0fd4ccac9ce\" href=\"https:\/\/www.velika-trnovitica.hr\/wp-content\/uploads\/2026\/03\/5.-Odluka-o-usvjanju-godisnjeg-izvjestaja-o-izvrsenju-proracun-aza-2025.-godinu-.pdf\">5. Odluka o usvjanju godi\u0161njeg izvje\u0161taja o izvr\u0161enju prora\u010dun aza 2025. godinu<\/a><\/div>\n\n\n\n<div class=\"wp-block-file\"><a id=\"wp-block-file--media-e5a9fccc-4734-4d62-88a3-82366cb1159e\" href=\"https:\/\/www.velika-trnovitica.hr\/wp-content\/uploads\/2026\/03\/6.-Godisnji-izvjestaj-o-zaduzivanju-za-2025.-godinu.pdf\">6. Godi\u0161nji izvje\u0161taj o zadu\u017eivanju za 2025. godinu<\/a><\/div>\n\n\n\n<div class=\"wp-block-file\"><a id=\"wp-block-file--media-291d1e31-ec3b-498f-82f5-c4b7f4df6144\" href=\"https:\/\/www.velika-trnovitica.hr\/wp-content\/uploads\/2026\/03\/7.-Izvjestaj-o-koristenju-proracunske-zalihe-za-2025.-godine.pdf\">7. Izvje\u0161taj o kori\u0161tenju prora\u010dunske zalihe za 2025. godine<\/a><\/div>\n\n\n\n<div class=\"wp-block-file\"><a id=\"wp-block-file--media-f171df6a-5425-49a3-a379-f29e61b56c12\" href=\"https:\/\/www.velika-trnovitica.hr\/wp-content\/uploads\/2026\/03\/8.-Odluka-o-raspodjeli-rezulata-2025.-godina.pdf\">8. Odluka o raspodjeli rezulata 2025. godina<\/a><\/div>\n\n\n\n<p><\/p>\n","protected":false},"excerpt":{"rendered":"","protected":false},"author":1,"featured_media":0,"parent":0,"menu_order":0,"comment_status":"closed","ping_status":"closed","template":"","meta":{"ngg_post_thumbnail":0,"footnotes":""},"class_list":["post-4782","page","type-page","status-publish","hentry"],"_links":{"self":[{"href":"https:\/\/www.velika-trnovitica.hr\/index.php?rest_route=\/wp\/v2\/pages\/4782","targetHints":{"allow":["GET"]}}],"collection":[{"href":"https:\/\/www.velika-trnovitica.hr\/index.php?rest_route=\/wp\/v2\/pages"}],"about":[{"href":"https:\/\/www.velika-trnovitica.hr\/index.php?rest_route=\/wp\/v2\/types\/page"}],"author":[{"embeddable":true,"href":"https:\/\/www.velika-trnovitica.hr\/index.php?rest_route=\/wp\/v2\/users\/1"}],"replies":[{"embeddable":true,"href":"https:\/\/www.velika-trnovitica.hr\/index.php?rest_route=%2Fwp%2Fv2%2Fcomments&post=4782"}],"version-history":[{"count":1,"href":"https:\/\/www.velika-trnovitica.hr\/index.php?rest_route=\/wp\/v2\/pages\/4782\/revisions"}],"predecessor-version":[{"id":4792,"href":"https:\/\/www.velika-trnovitica.hr\/index.php?rest_route=\/wp\/v2\/pages\/4782\/revisions\/4792"}],"wp:attachment":[{"href":"https:\/\/www.velika-trnovitica.hr\/index.php?rest_route=%2Fwp%2Fv2%2Fmedia&parent=4782"}],"curies":[{"name":"wp","href":"https:\/\/api.w.org\/{rel}","templated":true}]}}