{"id":4583,"date":"2025-11-27T07:59:56","date_gmt":"2025-11-27T07:59:56","guid":{"rendered":"https:\/\/www.velika-trnovitica.hr\/?page_id=4583"},"modified":"2025-11-27T08:01:47","modified_gmt":"2025-11-27T08:01:47","slug":"izvjesca-o-izvrsenju-provedbenog-programa","status":"publish","type":"page","link":"https:\/\/www.velika-trnovitica.hr\/?page_id=4583","title":{"rendered":"\u00a0Izvje\u0161\u0107a o izvr\u0161enju provedbenog programa"},"content":{"rendered":"\n<div class=\"wp-block-file\"><a id=\"wp-block-file--media-d2d0a15d-476f-4f53-9660-ddfa6748fb1e\" href=\"https:\/\/www.velika-trnovitica.hr\/wp-content\/uploads\/2025\/11\/IZVJESCE-O-PROVEDBI-PROVEDBENOG-PROGRAMA-ZA-2023.-GODINU.pdf\">IZVJE\u0160\u0106E O PROVEDBI PROVEDBENOG PROGRAMA ZA 2023. GODINU.<\/a><\/div>\n\n\n\n<div class=\"wp-block-file\"><a id=\"wp-block-file--media-15a5d9c8-f6cc-4ef2-906e-aa16c09a8b9b\" href=\"https:\/\/www.velika-trnovitica.hr\/wp-content\/uploads\/2025\/11\/Provedbeni-program-izvjesce-2024._0001.pdf\">Provedbeni program izvje\u0161\u0107e 2024._0001<\/a><\/div>\n\n\n\n<p><\/p>\n","protected":false},"excerpt":{"rendered":"","protected":false},"author":1,"featured_media":0,"parent":0,"menu_order":0,"comment_status":"closed","ping_status":"closed","template":"","meta":{"ngg_post_thumbnail":0,"footnotes":""},"class_list":["post-4583","page","type-page","status-publish","hentry"],"_links":{"self":[{"href":"https:\/\/www.velika-trnovitica.hr\/index.php?rest_route=\/wp\/v2\/pages\/4583","targetHints":{"allow":["GET"]}}],"collection":[{"href":"https:\/\/www.velika-trnovitica.hr\/index.php?rest_route=\/wp\/v2\/pages"}],"about":[{"href":"https:\/\/www.velika-trnovitica.hr\/index.php?rest_route=\/wp\/v2\/types\/page"}],"author":[{"embeddable":true,"href":"https:\/\/www.velika-trnovitica.hr\/index.php?rest_route=\/wp\/v2\/users\/1"}],"replies":[{"embeddable":true,"href":"https:\/\/www.velika-trnovitica.hr\/index.php?rest_route=%2Fwp%2Fv2%2Fcomments&post=4583"}],"version-history":[{"count":3,"href":"https:\/\/www.velika-trnovitica.hr\/index.php?rest_route=\/wp\/v2\/pages\/4583\/revisions"}],"predecessor-version":[{"id":4591,"href":"https:\/\/www.velika-trnovitica.hr\/index.php?rest_route=\/wp\/v2\/pages\/4583\/revisions\/4591"}],"wp:attachment":[{"href":"https:\/\/www.velika-trnovitica.hr\/index.php?rest_route=%2Fwp%2Fv2%2Fmedia&parent=4583"}],"curies":[{"name":"wp","href":"https:\/\/api.w.org\/{rel}","templated":true}]}}