{"id":4012,"date":"2024-06-18T21:26:59","date_gmt":"2024-06-18T21:26:59","guid":{"rendered":"https:\/\/www.velika-trnovitica.hr\/?page_id=4012"},"modified":"2024-06-18T21:26:59","modified_gmt":"2024-06-18T21:26:59","slug":"godisnji-izvjestaj-o-izvrsenju-proracuna","status":"publish","type":"page","link":"https:\/\/www.velika-trnovitica.hr\/?page_id=4012","title":{"rendered":"Godi\u0161nji izvje\u0161taj o izvr\u0161enju prora\u010duna"},"content":{"rendered":"\n<div class=\"wp-block-file\"><a id=\"wp-block-file--media-a90d7806-0840-4c3d-8b97-793ceeb61d98\" href=\"https:\/\/www.velika-trnovitica.hr\/wp-content\/uploads\/2024\/06\/Godisnji-izvjestaj-naslovna.pdf\">Godisnji-izvjestaj-naslovna<\/a><\/div>\n\n\n\n<div class=\"wp-block-file\"><a id=\"wp-block-file--media-4342721f-ab95-45d5-8d11-545bdbf60d6c\" href=\"https:\/\/www.velika-trnovitica.hr\/wp-content\/uploads\/2024\/06\/Opci-dio-godisnje-izvrsenje.pdf\">Opci-dio-godisnje-izvrsenje<\/a><\/div>\n\n\n\n<div class=\"wp-block-file\"><a id=\"wp-block-file--media-23a53d23-282c-4c4d-9c3e-68423d7778e4\" href=\"https:\/\/www.velika-trnovitica.hr\/wp-content\/uploads\/2024\/06\/Posebni-dio-godisnje-izvrsenje.pdf\">Posebni-dio-godisnje-izvrsenje<\/a><\/div>\n\n\n\n<div class=\"wp-block-file\"><a id=\"wp-block-file--media-947f35da-03a4-41e5-aae9-548be35771fe\" href=\"https:\/\/www.velika-trnovitica.hr\/wp-content\/uploads\/2024\/06\/Biljeske-godisnje-izvrsenje.pdf\">Biljeske-godisnje-izvrsenje<\/a><\/div>\n\n\n\n<div class=\"wp-block-file\"><a id=\"wp-block-file--media-81b0f9df-495a-43b9-ae64-9f3b1c9295ed\" href=\"https:\/\/www.velika-trnovitica.hr\/wp-content\/uploads\/2024\/06\/Odluka-godisnji-izvjestaj-2023.pdf\">Odluka-godisnji-izvjestaj-2023<\/a><\/div>\n\n\n\n<div class=\"wp-block-file\"><a id=\"wp-block-file--media-88a929d0-32f2-4a54-b2a9-14375fdab6b8\" href=\"https:\/\/www.velika-trnovitica.hr\/wp-content\/uploads\/2024\/06\/Izvjestaj-o-koristenju-proracunske-zalihe.pdf\">Izvjestaj-o-koristenju-proracunske-zalihe<\/a><\/div>\n\n\n\n<div class=\"wp-block-file\"><a id=\"wp-block-file--media-aa2f5240-edd8-4b01-8767-38d77d9b6fc5\" href=\"https:\/\/www.velika-trnovitica.hr\/wp-content\/uploads\/2024\/06\/Izvjestaj-o-zaduzivanju-2023.pdf\">Izvjestaj-o-zaduzivanju-2023<\/a><\/div>\n","protected":false},"excerpt":{"rendered":"","protected":false},"author":1,"featured_media":0,"parent":0,"menu_order":0,"comment_status":"closed","ping_status":"closed","template":"","meta":{"ngg_post_thumbnail":0,"footnotes":""},"class_list":["post-4012","page","type-page","status-publish","hentry"],"_links":{"self":[{"href":"https:\/\/www.velika-trnovitica.hr\/index.php?rest_route=\/wp\/v2\/pages\/4012","targetHints":{"allow":["GET"]}}],"collection":[{"href":"https:\/\/www.velika-trnovitica.hr\/index.php?rest_route=\/wp\/v2\/pages"}],"about":[{"href":"https:\/\/www.velika-trnovitica.hr\/index.php?rest_route=\/wp\/v2\/types\/page"}],"author":[{"embeddable":true,"href":"https:\/\/www.velika-trnovitica.hr\/index.php?rest_route=\/wp\/v2\/users\/1"}],"replies":[{"embeddable":true,"href":"https:\/\/www.velika-trnovitica.hr\/index.php?rest_route=%2Fwp%2Fv2%2Fcomments&post=4012"}],"version-history":[{"count":1,"href":"https:\/\/www.velika-trnovitica.hr\/index.php?rest_route=\/wp\/v2\/pages\/4012\/revisions"}],"predecessor-version":[{"id":4021,"href":"https:\/\/www.velika-trnovitica.hr\/index.php?rest_route=\/wp\/v2\/pages\/4012\/revisions\/4021"}],"wp:attachment":[{"href":"https:\/\/www.velika-trnovitica.hr\/index.php?rest_route=%2Fwp%2Fv2%2Fmedia&parent=4012"}],"curies":[{"name":"wp","href":"https:\/\/api.w.org\/{rel}","templated":true}]}}