{"id":3051,"date":"2022-09-22T21:20:51","date_gmt":"2022-09-22T21:20:51","guid":{"rendered":"http:\/\/www.velika-trnovitica.hr\/?page_id=3051"},"modified":"2022-09-22T21:20:51","modified_gmt":"2022-09-22T21:20:51","slug":"materijali-9-sjednica","status":"publish","type":"page","link":"https:\/\/www.velika-trnovitica.hr\/?page_id=3051","title":{"rendered":"Materijali 9. sjednica"},"content":{"rendered":"\n<div class=\"wp-block-file\"><a href=\"https:\/\/www.velika-trnovitica.hr\/wp-content\/uploads\/2022\/09\/1.-Zapisnik-20.-srpanj.2022..pdf\">1. Zapisnik 20. srpanj.2022.<\/a><\/div>\n\n\n\n<div class=\"wp-block-file\"><a href=\"https:\/\/www.velika-trnovitica.hr\/wp-content\/uploads\/2022\/09\/3a.Naslovna-strana-polugodi\u0161nje-izvr\u0161enje.pdf\">3a.Naslovna strana &#8211; polugodi\u0161nje izvr\u0161enje<\/a><\/div>\n\n\n\n<div class=\"wp-block-file\"><a href=\"https:\/\/www.velika-trnovitica.hr\/wp-content\/uploads\/2022\/09\/3b.-Op\u0107i-dio-polugodi\u0161nji-izvje\u0161taj.pdf\">3b. Op\u0107i dio &#8211; polugodi\u0161nji izvje\u0161taj<\/a><\/div>\n\n\n\n<div class=\"wp-block-file\"><a href=\"https:\/\/www.velika-trnovitica.hr\/wp-content\/uploads\/2022\/09\/3c.-Posebni-dio-polugodi\u0161nji-izvje\u0161taj.pdf\">3c. &#8211; Posebni dio &#8211; polugodi\u0161nji izvje\u0161taj<\/a><\/div>\n\n\n\n<div class=\"wp-block-file\"><a href=\"https:\/\/www.velika-trnovitica.hr\/wp-content\/uploads\/2022\/09\/3d.-Bilje\u0161ke-uz-polugodi\u0161nji-izvje\u0161taj-o-izvr\u0161enju-prora\u010duna.pdf\">3d. Bilje\u0161ke uz polugodi\u0161nji izvje\u0161taj o izvr\u0161enju prora\u010duna<\/a><\/div>\n\n\n\n<div class=\"wp-block-file\"><a href=\"https:\/\/www.velika-trnovitica.hr\/wp-content\/uploads\/2022\/09\/3e.-Izvje\u0161taj-o-kori\u0161tenju-prora\u010dunske-zalihe.pdf\">3e. Izvje\u0161taj o kori\u0161tenju prora\u010dunske zalihe<\/a><\/div>\n\n\n\n<div class=\"wp-block-file\"><a href=\"https:\/\/www.velika-trnovitica.hr\/wp-content\/uploads\/2022\/09\/3f.-Izvje\u0161taj-o-zadu\u017eivanju.pdf\">3f. Izvje\u0161taj o zadu\u017eivanju<\/a><\/div>\n\n\n\n<div class=\"wp-block-file\"><a href=\"https:\/\/www.velika-trnovitica.hr\/wp-content\/uploads\/2022\/09\/3g.-Odluka-polugodi\u0161nje-izvr\u0161enje.pdf\">3g. Odluka &#8211; polugodi\u0161nje izvr\u0161enje<\/a><\/div>\n\n\n\n<div class=\"wp-block-file\"><a href=\"https:\/\/www.velika-trnovitica.hr\/wp-content\/uploads\/2022\/09\/04.-Odluka-o-usvajanju-Godi\u0161njeg-plana-upravljanja-imovinom-za-2023.-godinu.pdf\">04. Odluka o usvajanju Godi\u0161njeg plana upravljanja imovinom za 2023. godinu<\/a><\/div>\n\n\n\n<div class=\"wp-block-file\"><a href=\"https:\/\/www.velika-trnovitica.hr\/wp-content\/uploads\/2022\/09\/04.a-PLAN-UPRAVLJANJA-IMOVINOM-U-VLASNI\u0160TVU-OP\u0106INE-VELIKA-TRNOVITICA-ZA-2023.-GODINU.pdf\">04.a PLAN UPRAVLJANJA IMOVINOM U VLASNI\u0160TVU OP\u0106INE VELIKA TRNOVITICA ZA 2023. GODINU<\/a><\/div>\n\n\n\n<div class=\"wp-block-file\"><a href=\"https:\/\/www.velika-trnovitica.hr\/wp-content\/uploads\/2022\/09\/05.-Odluka-o-komunalnim-djelatnostima-na-podru\u010dju-op\u0107ine-Velika-Trnovitica.pdf\">05. Odluka o komunalnim djelatnostima na podru\u010dju op\u0107ine Velika Trnovitica<\/a><\/div>\n","protected":false},"excerpt":{"rendered":"","protected":false},"author":1,"featured_media":0,"parent":0,"menu_order":0,"comment_status":"closed","ping_status":"closed","template":"","meta":{"ngg_post_thumbnail":0,"footnotes":""},"class_list":["post-3051","page","type-page","status-publish","hentry"],"_links":{"self":[{"href":"https:\/\/www.velika-trnovitica.hr\/index.php?rest_route=\/wp\/v2\/pages\/3051","targetHints":{"allow":["GET"]}}],"collection":[{"href":"https:\/\/www.velika-trnovitica.hr\/index.php?rest_route=\/wp\/v2\/pages"}],"about":[{"href":"https:\/\/www.velika-trnovitica.hr\/index.php?rest_route=\/wp\/v2\/types\/page"}],"author":[{"embeddable":true,"href":"https:\/\/www.velika-trnovitica.hr\/index.php?rest_route=\/wp\/v2\/users\/1"}],"replies":[{"embeddable":true,"href":"https:\/\/www.velika-trnovitica.hr\/index.php?rest_route=%2Fwp%2Fv2%2Fcomments&post=3051"}],"version-history":[{"count":1,"href":"https:\/\/www.velika-trnovitica.hr\/index.php?rest_route=\/wp\/v2\/pages\/3051\/revisions"}],"predecessor-version":[{"id":3064,"href":"https:\/\/www.velika-trnovitica.hr\/index.php?rest_route=\/wp\/v2\/pages\/3051\/revisions\/3064"}],"wp:attachment":[{"href":"https:\/\/www.velika-trnovitica.hr\/index.php?rest_route=%2Fwp%2Fv2%2Fmedia&parent=3051"}],"curies":[{"name":"wp","href":"https:\/\/api.w.org\/{rel}","templated":true}]}}