{"id":2854,"date":"2022-05-02T10:34:35","date_gmt":"2022-05-02T10:34:35","guid":{"rendered":"http:\/\/www.velika-trnovitica.hr\/?page_id=2854"},"modified":"2022-05-03T08:24:35","modified_gmt":"2022-05-03T08:24:35","slug":"zahtjevi","status":"publish","type":"page","link":"https:\/\/www.velika-trnovitica.hr\/?page_id=2854","title":{"rendered":"Zahtjevi"},"content":{"rendered":"\n<p>\n\nZahtjev za suglasnost za izvo\u0111enje radova se podnosi za izvo\u0111enje radova na groblju za koju se pla\u0107a naknada sukladno Odluci o naknadi za dodjelu grobnog mjesta na grobljima na podru\u010dju Op\u0107ine Velika Trnovitica (Slu\u017ebeni glasnik Op\u0107ine Velika Trnovitica broj 2\/19 &#8211;&nbsp;<a href=\"https:\/\/www.velika-trnovitica.hr\/wp-content\/uploads\/2019\/06\/SLU%C5%BDBENI-GLASNIK-2-2019.pdf\" target=\"_blank\" rel=\"noreferrer noopener\">https:\/\/www.velika-trnovitica.hr\/wp-content\/uploads\/2019\/06\/SLU%C5%BDBENI-GLASNIK-2-2019.pdf<\/a>&nbsp;)\n\n<\/p>\n\n\n\n<div class=\"wp-block-file\"><a href=\"https:\/\/www.velika-trnovitica.hr\/wp-content\/uploads\/2022\/05\/Zahtjev-za-suglasnost-za-izvo\u0111enje-radova.docx\">Zahtjev za suglasnost za izvo\u0111enje radova<\/a><\/div>\n\n\n\n<p>Zahtjev za dodjelu grobnog mjesta podnosi se prilikom dodjeljivanja grobnog mjesta za koji se pla\u0107a naknada sukladno Odluci o naknadi za dodjelu grobnog mjesta na grobljima na podru\u010dju Op\u0107ine Velika Trnovitica (Slu\u017ebeni glasnik Op\u0107ine Velika Trnovitica broj 2\/19 &#8211;&nbsp;<a href=\"https:\/\/www.velika-trnovitica.hr\/wp-content\/uploads\/2019\/06\/SLU%C5%BDBENI-GLASNIK-2-2019.pdf\" target=\"_blank\" rel=\"noreferrer noopener\">https:\/\/www.velika-trnovitica.hr\/wp-content\/uploads\/2019\/06\/SLU%C5%BDBENI-GLASNIK-2-2019.pdf<\/a>&nbsp;) i Odluci o dopuni Odluke o naknadi za dodjelu grobnog mjesta na grobljima na podru\u010dju Op\u0107ine Velika Trnovitica (Slu\u017ebeni glasnik Op\u0107ine Velika Trnovitica broj 3\/20 &#8211;&nbsp;<a href=\"https:\/\/www.velika-trnovitica.hr\/wp-content\/uploads\/2020\/10\/SLU%C5%BDBENI-GLASNIK-3-20.docx.pdf\" target=\"_blank\" rel=\"noreferrer noopener\">https:\/\/www.velika-trnovitica.hr\/wp-content\/uploads\/2020\/10\/SLU%C5%BDBENI-GLASNIK-3-20.docx.pdf<\/a>&nbsp;)<\/p>\n\n\n\n<div class=\"wp-block-file\"><a href=\"https:\/\/www.velika-trnovitica.hr\/wp-content\/uploads\/2022\/05\/Zahtjev-za-dodjelu-grobnog-mjesta.docx\">Zahtjev za dodjelu grobnog mjesta<\/a><\/div>\n\n\n\n<p>&nbsp;Zahtjev za sufinanciranje tro\u0161kova boravka djeteta u dje\u010djim vrti\u0107ima podnosi se za sufinanciranje tro\u0161kova boravka djece rane i pred\u0161kolske dobi s podru\u010dja Op\u0107ine Velika Trnovitica u dje\u010djim vrti\u0107ima sukladno Odluci o sufinanciranje tro\u0161kova boravka djece rane i pred\u0161kolske dobi s podru\u010dja Op\u0107ine Velika Trnovitica (Slu\u017ebeni glasnik Op\u0107ine Velika Trnovitica broj 7\/21 &#8211;&nbsp;<a href=\"https:\/\/www.velika-trnovitica.hr\/wp-content\/uploads\/2022\/01\/SLU%C5%BDBENI-GLASNIK-7-21.pdf\" target=\"_blank\" rel=\"noreferrer noopener\">https:\/\/www.velika-trnovitica.hr\/wp-content\/uploads\/2022\/01\/SLU%C5%BDBENI-GLASNIK-7-21.pdf<\/a>&nbsp;)<\/p>\n\n\n\n<div class=\"wp-block-file\"><a href=\"https:\/\/www.velika-trnovitica.hr\/wp-content\/uploads\/2022\/05\/Zahtjev-za-sufinanciranje-tro\u0161kova-boravka-djeteta-u-dje\u010djem-vrti\u0107u.docx\">Zahtjev za sufinanciranje tro\u0161kova boravka djeteta u dje\u010djem vrti\u0107u<\/a><\/div>\n\n\n\n<p>\n\nZahtjev za ostvarivanje prava na nov\u010danu pomo\u0107 za opremu novoro\u0111enog djeteta podnose roditelji novoro\u0111enog djeteta u obitelji za jednokratnu nov\u010danu pomo\u0107 u teku\u0107oj godini u kojoj je &nbsp;dijete ro\u0111eno, a sukladno Odluci o pomo\u0107i za opremu novoro\u0111enog djeteta za teku\u0107u godinu.\n\n<\/p>\n\n\n\n<div class=\"wp-block-file\"><a href=\"https:\/\/www.velika-trnovitica.hr\/wp-content\/uploads\/2022\/05\/Zahtjev-za-ostvarivanje-prava-na-nov\u010danu-pomo\u0107-za-opremu-novoro\u0111enog-djeteta.docx\">Zahtjev za ostvarivanje prava na nov\u010danu pomo\u0107 za opremu novoro\u0111enog djeteta<\/a><\/div>\n","protected":false},"excerpt":{"rendered":"<p>Zahtjev za suglasnost za izvo\u0111enje radova se podnosi za izvo\u0111enje radova na groblju za koju se pla\u0107a naknada sukladno Odluci o naknadi za dodjelu grobnog mjesta na grobljima na podru\u010dju Op\u0107ine Velika Trnovitica (Slu\u017ebeni glasnik Op\u0107ine Velika Trnovitica broj 2\/19 &#8211;&nbsp;https:\/\/www.velika-trnovitica.hr\/wp-content\/uploads\/2019\/06\/SLU%C5%BDBENI-GLASNIK-2-2019.pdf&nbsp;) Zahtjev za dodjelu grobnog mjesta podnosi se prilikom dodjeljivanja grobnog mjesta za koji se [&hellip;]<\/p>\n","protected":false},"author":1,"featured_media":0,"parent":0,"menu_order":0,"comment_status":"closed","ping_status":"closed","template":"","meta":{"ngg_post_thumbnail":0,"footnotes":""},"class_list":["post-2854","page","type-page","status-publish","hentry"],"_links":{"self":[{"href":"https:\/\/www.velika-trnovitica.hr\/index.php?rest_route=\/wp\/v2\/pages\/2854","targetHints":{"allow":["GET"]}}],"collection":[{"href":"https:\/\/www.velika-trnovitica.hr\/index.php?rest_route=\/wp\/v2\/pages"}],"about":[{"href":"https:\/\/www.velika-trnovitica.hr\/index.php?rest_route=\/wp\/v2\/types\/page"}],"author":[{"embeddable":true,"href":"https:\/\/www.velika-trnovitica.hr\/index.php?rest_route=\/wp\/v2\/users\/1"}],"replies":[{"embeddable":true,"href":"https:\/\/www.velika-trnovitica.hr\/index.php?rest_route=%2Fwp%2Fv2%2Fcomments&post=2854"}],"version-history":[{"count":2,"href":"https:\/\/www.velika-trnovitica.hr\/index.php?rest_route=\/wp\/v2\/pages\/2854\/revisions"}],"predecessor-version":[{"id":2861,"href":"https:\/\/www.velika-trnovitica.hr\/index.php?rest_route=\/wp\/v2\/pages\/2854\/revisions\/2861"}],"wp:attachment":[{"href":"https:\/\/www.velika-trnovitica.hr\/index.php?rest_route=%2Fwp%2Fv2%2Fmedia&parent=2854"}],"curies":[{"name":"wp","href":"https:\/\/api.w.org\/{rel}","templated":true}]}}