{"id":2782,"date":"2022-03-14T08:58:10","date_gmt":"2022-03-14T08:58:10","guid":{"rendered":"http:\/\/www.velika-trnovitica.hr\/?page_id=2782"},"modified":"2022-03-14T08:58:11","modified_gmt":"2022-03-14T08:58:11","slug":"2782-2","status":"publish","type":"page","link":"https:\/\/www.velika-trnovitica.hr\/?page_id=2782","title":{"rendered":""},"content":{"rendered":"\n<div class=\"wp-block-file\"><a href=\"https:\/\/www.velika-trnovitica.hr\/wp-content\/uploads\/2022\/03\/01.-Zapisnik-18.-prosinca-2021.pdf\">01. Zapisnik 18. prosinca 2021<\/a><\/div>\n\n\n\n<div class=\"wp-block-file\"><a href=\"https:\/\/www.velika-trnovitica.hr\/wp-content\/uploads\/2022\/03\/03.-Odluka-o-usvajanju-izvje\u0161\u0107a-o-provedbi-Plana-gospodarenja-otpadom-za-2021..pdf\">03. Odluka o usvajanju izvje\u0161\u0107a o provedbi Plana gospodarenja otpadom za 2021.<\/a><\/div>\n\n\n\n<div class=\"wp-block-file\"><a href=\"https:\/\/www.velika-trnovitica.hr\/wp-content\/uploads\/2022\/03\/03a-Izvje\u0161\u0107e-o-provedbi-Plana-gospodarenja-otpadom-za-2021..pdf\">03a Izvje\u0161\u0107e o provedbi Plana gospodarenja otpadom za 2021.<\/a><\/div>\n\n\n\n<div class=\"wp-block-file\"><a href=\"https:\/\/www.velika-trnovitica.hr\/wp-content\/uploads\/2022\/03\/04.-Odluka-o-izmjeni-i-dopuni-odluke-o-komunalnom-redu.pdf\">04. Odluka o izmjeni i dopuni odluke o komunalnom redu<\/a><\/div>\n\n\n\n<div class=\"wp-block-file\"><a href=\"https:\/\/www.velika-trnovitica.hr\/wp-content\/uploads\/2022\/03\/05.-Odluka-o-povjeravanju-obavljanja-kom.-djelatnosti-javna-rasvjeta.pdf\">05. Odluka o povjeravanju obavljanja kom. djelatnosti &#8211; javna rasvjeta<\/a><\/div>\n\n\n\n<div class=\"wp-block-file\"><a href=\"https:\/\/www.velika-trnovitica.hr\/wp-content\/uploads\/2022\/03\/06.-Odluka-o-povjeravanju-obavljanja-kom.-djelatnosti-zelene-povr\u0161ine.pdf\">06. Odluka o povjeravanju obavljanja kom. djelatnosti &#8211; zelene povr\u0161ine<\/a><\/div>\n\n\n\n<div class=\"wp-block-file\"><a href=\"https:\/\/www.velika-trnovitica.hr\/wp-content\/uploads\/2022\/03\/07.-Odluka-o-povjeravanju-obavljanja-kom.-djelatnosti-groblje-i-mrtva\u010dnica.pdf\">07. Odluka o povjeravanju obavljanja kom. djelatnosti &#8211; groblje i mrtva\u010dnica<\/a><\/div>\n\n\n\n<div class=\"wp-block-file\"><a href=\"https:\/\/www.velika-trnovitica.hr\/wp-content\/uploads\/2022\/03\/08.-Eti\u010dki-kodeks-nositelja-politi\u010dkih-du\u017enosti.pdf\">08. Eti\u010dki kodeks nositelja politi\u010dkih du\u017enosti<\/a><\/div>\n\n\n\n<div class=\"wp-block-file\"><a href=\"https:\/\/www.velika-trnovitica.hr\/wp-content\/uploads\/2022\/03\/09.-Odluka-o-imenovanju-Eti\u010dkog-odbora.pdf\">09. Odluka o imenovanju Eti\u010dkog odbora<\/a><\/div>\n\n\n\n<div class=\"wp-block-file\"><a href=\"https:\/\/www.velika-trnovitica.hr\/wp-content\/uploads\/2022\/03\/10.-Odluka-o-imenovanju-Vije\u0107a-\u010dasti.pdf\">10. Odluka o imenovanju Vije\u0107a \u010dasti<\/a><\/div>\n","protected":false},"excerpt":{"rendered":"","protected":false},"author":1,"featured_media":0,"parent":0,"menu_order":0,"comment_status":"closed","ping_status":"closed","template":"","meta":{"ngg_post_thumbnail":0,"footnotes":""},"class_list":["post-2782","page","type-page","status-publish","hentry"],"_links":{"self":[{"href":"https:\/\/www.velika-trnovitica.hr\/index.php?rest_route=\/wp\/v2\/pages\/2782","targetHints":{"allow":["GET"]}}],"collection":[{"href":"https:\/\/www.velika-trnovitica.hr\/index.php?rest_route=\/wp\/v2\/pages"}],"about":[{"href":"https:\/\/www.velika-trnovitica.hr\/index.php?rest_route=\/wp\/v2\/types\/page"}],"author":[{"embeddable":true,"href":"https:\/\/www.velika-trnovitica.hr\/index.php?rest_route=\/wp\/v2\/users\/1"}],"replies":[{"embeddable":true,"href":"https:\/\/www.velika-trnovitica.hr\/index.php?rest_route=%2Fwp%2Fv2%2Fcomments&post=2782"}],"version-history":[{"count":1,"href":"https:\/\/www.velika-trnovitica.hr\/index.php?rest_route=\/wp\/v2\/pages\/2782\/revisions"}],"predecessor-version":[{"id":2794,"href":"https:\/\/www.velika-trnovitica.hr\/index.php?rest_route=\/wp\/v2\/pages\/2782\/revisions\/2794"}],"wp:attachment":[{"href":"https:\/\/www.velika-trnovitica.hr\/index.php?rest_route=%2Fwp%2Fv2%2Fmedia&parent=2782"}],"curies":[{"name":"wp","href":"https:\/\/api.w.org\/{rel}","templated":true}]}}