{"id":257,"date":"2015-04-03T10:25:59","date_gmt":"2015-04-03T10:25:59","guid":{"rendered":"http:\/\/www.velika-trnovitica.hr\/?page_id=257"},"modified":"2026-04-22T11:12:11","modified_gmt":"2026-04-22T11:12:11","slug":"sluzbeni-glasnici","status":"publish","type":"page","link":"https:\/\/www.velika-trnovitica.hr\/?page_id=257","title":{"rendered":"Slu\u017ebeni glasnici"},"content":{"rendered":"<h3>&nbsp;<\/h3>\n<h3>Slu\u017ebeni glasnik br. 3<\/h3>\n<p><a href=\"https:\/\/www.velika-trnovitica.hr\/wp-content\/uploads\/2026\/04\/SLUZBENI-GLASNIK-3.pdf\">SLU\u017dBENI GLASNIK &#8211; 3-26<\/a><\/p>\n<h3>Slu\u017ebeni glasnik br. 2<\/h3>\n<p><a href=\"https:\/\/www.velika-trnovitica.hr\/wp-content\/uploads\/2026\/03\/SLUZBENI-GLASNIK-2-26-1.pdf\">SLU\u017dBENI GLASNIK 2-26<\/a><\/p>\n<h3>Slu\u017ebeni glasnik br. 1<\/h3>\n<p><a href=\"https:\/\/www.velika-trnovitica.hr\/wp-content\/uploads\/2026\/03\/SLUZBENI-GLASNIK-1-2.pdf\">SLU\u017dBENI GLASNIK &#8211; 1-26<\/a><\/p>\n<h3>Slu\u017ebeni glasnik br. 6<\/h3>\n<p><a href=\"https:\/\/www.velika-trnovitica.hr\/wp-content\/uploads\/2026\/03\/SLUZBENI-GLASNIK-6-25.pdf\">SLU\u017dBENI GLASNIK 6-25<\/a><\/p>\n<h3>Slu\u017ebeni glasnik br. 5<\/h3>\n<p><a href=\"https:\/\/www.velika-trnovitica.hr\/wp-content\/uploads\/2025\/09\/SLUZBENI-GLASNIK-5-25.pdf\">SLU\u017dBENI GLASNIK 5 25<\/a><\/p>\n<h3>Slu\u017ebeni glasnik br. 4<\/h3>\n<p><a href=\"https:\/\/www.velika-trnovitica.hr\/wp-content\/uploads\/2025\/08\/SLUZBENI-GLASNIK-4-25.pdf\">SLU\u017dBENI GLASNIK 4 25<\/a><\/p>\n<h3>Slu\u017ebeni glasnik br. 3<\/h3>\n<p><a href=\"https:\/\/www.velika-trnovitica.hr\/wp-content\/uploads\/2025\/07\/SLUZBENI-GLASNIK-3-25.pdf\">SLU\u017dBENI GLASNIK 3 25<\/a><\/p>\n<h3>Slu\u017ebeni glasnik br. 2<\/h3>\n<p><a href=\"https:\/\/www.velika-trnovitica.hr\/wp-content\/uploads\/2025\/06\/SLUZBENI-GLASNIK-2-25.pdf\">SLU\u017dBENI GLASNIK 2 &#8211; 25<\/a><\/p>\n<h3>Slu\u017ebeni glasnik br. 1<\/h3>\n<p><a href=\"https:\/\/www.velika-trnovitica.hr\/wp-content\/uploads\/2025\/03\/SLUZBENI-GLASNIK-1-25.pdf\">SLU\u017dBENI GLASNIK 1 25<\/a><\/p>\n<h3>Slu\u017ebeni glasnik br. 7<\/h3>\n<p><a href=\"https:\/\/www.velika-trnovitica.hr\/wp-content\/uploads\/2025\/01\/SLUZBENI-GLASNIK-7-24.pdf\">SLU\u017dBENI GLASNIK 7 24<\/a><\/p>\n<h3>Slu\u017ebeni glasnik br. 6<\/h3>\n<p><a href=\"https:\/\/www.velika-trnovitica.hr\/wp-content\/uploads\/2024\/10\/SLUZBENI-GLASNIK-6-24-2.pdf\">SLU\u017dBENI GLASNIK 6 24<\/a><\/p>\n<h3>Slu\u017ebeni glasnik br. 5<\/h3>\n<p><a href=\"https:\/\/www.velika-trnovitica.hr\/wp-content\/uploads\/2025\/02\/SLUZBENI-GLASNIK-5-24.pdf\">SLU\u017dBENI GLASNIK 5 24<\/a><\/p>\n<h3>Slu\u017ebeni glasnik br. 4<\/h3>\n<p><a href=\"https:\/\/www.velika-trnovitica.hr\/wp-content\/uploads\/2024\/06\/SLUZBENI-GLASNIK-4-24.pdf\">SLU\u017dBENI GLASNIK 4-24<\/a><\/p>\n<h3>Slu\u017ebeni glasnik br. 3<\/h3>\n<p><a href=\"https:\/\/www.velika-trnovitica.hr\/wp-content\/uploads\/2025\/12\/SLUZBENI-GLASNIK-3-24.pdf\">SLU\u017dBENI GLASNIK 3-24<\/a><\/p>\n<h3>Slu\u017ebeni glasnik br. 2<\/h3>\n<p><a href=\"https:\/\/www.velika-trnovitica.hr\/wp-content\/uploads\/2024\/02\/SLUZBENI-GLASNIK-2-24.pdf\">SLU\u017dBENI GLASNIK 2-24<\/a><\/p>\n<h3>Slu\u017ebeni glasnik br. 1<\/h3>\n<p><strong> <a href=\"https:\/\/www.velika-trnovitica.hr\/wp-content\/uploads\/2024\/01\/SLUZBENI-GLASNIK-1-24.pdf\">SLU\u017dBENI GLASNIK 1-24<\/a><\/strong><\/p>\n<h3>Slu\u017ebeni glasnik br. 8<\/h3>\n<p><a href=\"https:\/\/www.velika-trnovitica.hr\/wp-content\/uploads\/2024\/01\/SLUZBENI-GLASNIK-8-23.pdf\">SLU\u017dBENI GLASNIK 8-23<\/a><\/p>\n<h3>Slu\u017ebeni glasnik br. 7<\/h3>\n<p><a href=\"https:\/\/www.velika-trnovitica.hr\/wp-content\/uploads\/2023\/12\/Sluzbeni-glasnik-7-23.pdf\">Slu\u017ebeni glasnik 7-23<\/a><\/p>\n<h3>Slu\u017ebeni glasnik br. 6<\/h3>\n<p><a href=\"https:\/\/www.velika-trnovitica.hr\/wp-content\/uploads\/2023\/11\/SLUZBENI-GLASNIK-6-23.pdf\">SLU\u017dBENI GLASNIK 6-23<\/a><\/p>\n<h3>Slu\u017ebeni glasnik br. 5<\/h3>\n<p><a href=\"https:\/\/www.velika-trnovitica.hr\/wp-content\/uploads\/2023\/10\/SLU\u017dBENI-GLASNIK-5-23.pdf\">SLU\u017dBENI GLASNIK 5-23<\/a><\/p>\n<h3>Slu\u017ebeni glasnik br. 4<\/h3>\n<p><a href=\"https:\/\/www.velika-trnovitica.hr\/wp-content\/uploads\/2023\/07\/SLU\u017dBENI-GLASNIK-4-23.docx.pdf\">SLU\u017dBENI GLASNIK 4-23<\/a><\/p>\n<h3>Slu\u017ebeni glasnik br. 3<\/h3>\n<p><a href=\"https:\/\/www.velika-trnovitica.hr\/wp-content\/uploads\/2023\/05\/SLU\u017dBENI-GLASNIK-3-23.pdf\">SLU\u017dBENI GLASNIK 3-23<\/a><\/p>\n<h3>Slu\u017ebeni glasnik br. 2<\/h3>\n<p><a href=\"https:\/\/www.velika-trnovitica.hr\/wp-content\/uploads\/2023\/05\/SLU\u017dBENI-GLASNIK-2-23.pdf\">SLU\u017dBENI GLASNIK 2-23<\/a><\/p>\n<h3>Slu\u017ebeni glasnik br. 1<\/h3>\n<p><a href=\"https:\/\/www.velika-trnovitica.hr\/wp-content\/uploads\/2023\/03\/SLU\u017dBENI-GLASNIK-1-23.pdf\">SLU\u017dBENI GLASNIK 1-23<\/a><\/p>\n<h3>Slu\u017ebeni glasnik br. 6<\/h3>\n<p><a href=\"https:\/\/www.velika-trnovitica.hr\/wp-content\/uploads\/2023\/02\/SLU\u017dBENI-GLASNIK-6-22.pdf\">SLU\u017dBENI GLASNIK 6-22<\/a><\/p>\n<h3>Slu\u017ebeni glasnik br. 5<\/h3>\n<p><a href=\"https:\/\/www.velika-trnovitica.hr\/wp-content\/uploads\/2022\/12\/SLU\u017dBENI-GLASNIK-5-22.pdf\">SLU\u017dBENI GLASNIK 5-22<\/a><\/p>\n<h3>Slu\u017ebeni glasnik br. 4<\/h3>\n<p><a href=\"https:\/\/www.velika-trnovitica.hr\/wp-content\/uploads\/2022\/10\/SLU\u017dBENI-GLASNIK-4-22-1.pdf\">SLU\u017dBENI GLASNIK 4-22<\/a><\/p>\n<h3>Slu\u017ebeni glasnik br. 3<\/h3>\n<p><a href=\"https:\/\/www.velika-trnovitica.hr\/wp-content\/uploads\/2022\/08\/SLU\u017dBENI-GLASNIK-3-22.pdf\">SLU\u017dBENI GLASNIK 3-22<\/a><\/p>\n<h3>Slu\u017ebeni glasnik br. 2<\/h3>\n<p><a href=\"https:\/\/www.velika-trnovitica.hr\/wp-content\/uploads\/2022\/06\/SLU\u017dBENI-GLASNIK-2-22.pdf\">SLU\u017dBENI GLASNIK 2-22<\/a><\/p>\n<h3>Slu\u017ebeni glasnik br. 1<\/h3>\n<p><a href=\"https:\/\/www.velika-trnovitica.hr\/wp-content\/uploads\/2022\/03\/SLU\u017dBENI-GLASNIK-1-22.pdf\">SLU\u017dBENI GLASNIK 1-22<\/a><\/p>\n<h3>Slu\u017ebeni glasnik br. 9<\/h3>\n<p><a href=\"https:\/\/www.velika-trnovitica.hr\/wp-content\/uploads\/2023\/02\/SLU\u017dBENI-GLASNIK-9-21.pdf\">SLU\u017dBENI GLASNIK 9-21<\/a><\/p>\n<h3>Slu\u017ebeni glasnik br. 8<\/h3>\n<p><a href=\"https:\/\/www.velika-trnovitica.hr\/wp-content\/uploads\/2022\/06\/SLU\u017dBENI-GLASNIK-8-21.pdf\">SLU\u017dBENI GLASNIK 8-21<\/a><\/p>\n<h3>Slu\u017ebeni glasnik br. 7<\/h3>\n<p><a href=\"https:\/\/www.velika-trnovitica.hr\/wp-content\/uploads\/2022\/01\/SLU\u017dBENI-GLASNIK-7-21.pdf\">SLU\u017dBENI GLASNIK 7-21<\/a><\/p>\n<h3>Slu\u017ebeni glasnik br. 6<\/h3>\n<p><a href=\"https:\/\/www.velika-trnovitica.hr\/wp-content\/uploads\/2021\/09\/SLU\u017dBENI-GLASNIK-6-21.pdf\">SLU\u017dBENI GLASNIK 6-21<\/a><\/p>\n<h3>Slu\u017ebeni glasnik br. 5<\/h3>\n<p><a href=\"https:\/\/www.velika-trnovitica.hr\/wp-content\/uploads\/2021\/12\/SLU\u017dBENI-GLASNIK-5-21.pdf\">SLU\u017dBENI GLASNIK 5-21<\/a><\/p>\n<h3>Slu\u017ebeni glasnik br. 4<\/h3>\n<p><a href=\"https:\/\/www.velika-trnovitica.hr\/wp-content\/uploads\/2021\/09\/SLU\u017dBENI-GLASNIK-4-21-1.pdf\">SLU\u017dBENI GLASNIK 4-21<\/a><\/p>\n<h3>Slu\u017ebeni glasnik br. 3<\/h3>\n<p><a href=\"https:\/\/www.velika-trnovitica.hr\/wp-content\/uploads\/2021\/03\/SLU\u017dBENI-GLASNIK-3-21.pdf\">SLU\u017dBENI GLASNIK 3-21<\/a><\/p>\n<h3>Slu\u017ebeni glasnik br. 2<\/h3>\n<p><a href=\"https:\/\/www.velika-trnovitica.hr\/wp-content\/uploads\/2022\/02\/SLU\u017dBENI-GLASNIK-2-21.pdf\">SLU\u017dBENI GLASNIK 2-21<\/a><\/p>\n<h3>Slu\u017ebeni glasnik br. 1<\/h3>\n<p><a href=\"https:\/\/www.velika-trnovitica.hr\/wp-content\/uploads\/2021\/01\/SLU\u017dBENI-GLASNIK-1-21.pdf\">SLU\u017dBENI GLASNIK 1-21<\/a><\/p>\n<h3>Slu\u017ebeni glasnik 5\/20<\/h3>\n<p><a href=\"https:\/\/www.velika-trnovitica.hr\/wp-content\/uploads\/2021\/12\/SLU\u017dBENI-GLASNIK-5-20.pdf\">SLU\u017dBENI GLASNIK 5-20<\/a><\/p>\n<h3>Slu\u017ebeni glasnik 4\/20<\/h3>\n<p><a href=\"https:\/\/www.velika-trnovitica.hr\/wp-content\/uploads\/2020\/12\/SLU\u017dBENI-GLASNIK-4-20-.pdf\">SLU\u017dBENI GLASNIK 4-20<\/a><\/p>\n<h3>Slu\u017ebeni glasnik 3\/20<\/h3>\n<p><a href=\"https:\/\/www.velika-trnovitica.hr\/wp-content\/uploads\/2020\/10\/SLU\u017dBENI-GLASNIK-3-20.docx.pdf\">SLU\u017dBENI GLASNIK 3-20<\/a><\/p>\n<h3>Slu\u017ebeni glasnik 2\/20<\/h3>\n<p><a href=\"https:\/\/www.velika-trnovitica.hr\/wp-content\/uploads\/2020\/07\/SLU\u017dBENI-GLASNIK-2-20.pdf\">SLU\u017dBENI GLASNIK 2-20<\/a><\/p>\n<h3>Slu\u017ebeni glasnik 1\/20<\/h3>\n<p><a href=\"https:\/\/www.velika-trnovitica.hr\/wp-content\/uploads\/2021\/01\/SLU\u017dBENI-GLASNIK-1-20.pdf\">SLU\u017dBENI GLASNIK 1-20<\/a><\/p>\n<h3>Slu\u017ebeni glasnik 5\/19<\/h3>\n<p><a href=\"https:\/\/www.velika-trnovitica.hr\/wp-content\/uploads\/2020\/01\/SLU\u017dBENI-GLASNIK-br.-5-2019.-1.pdf\">SLU\u017dBENI GLASNIK br. 5 2019.<\/a><\/p>\n<h3>Slu\u017ebeni glasnik 4\/19<\/h3>\n<p><a href=\"https:\/\/www.velika-trnovitica.hr\/wp-content\/uploads\/2020\/12\/Slu\u017ebeni-glasnik-4-19-1.pdf\">Slu\u017ebeni glasnik 4-19<\/a><\/p>\n<h3>Slu\u017ebeni glasnik 3\/19<\/h3>\n<p><a href=\"https:\/\/www.velika-trnovitica.hr\/wp-content\/uploads\/2019\/07\/SLU\u017dBENI-GLASNIK-3-2019.pdf\">SLU\u017dBENI GLASNIK 3-2019<\/a><\/p>\n<h3>Slu\u017ebeni glasnik 2\/19<\/h3>\n<p><a href=\"https:\/\/www.velika-trnovitica.hr\/wp-content\/uploads\/2019\/06\/SLU\u017dBENI-GLASNIK-2-2019.pdf\">SLU\u017dBENI GLASNIK 2-2019<\/a><\/p>\n<h3>Slu\u017ebeni glasnik 1\/19<\/h3>\n<p><a href=\"https:\/\/www.velika-trnovitica.hr\/wp-content\/uploads\/2019\/03\/SLU\u017dBENI-GLASNIK-1-19.pdf\">SLU\u017dBENI GLASNIK 1-19<\/a><\/p>\n<h3>Slu\u017ebeni glasnik 7\/18<\/h3>\n<p><a href=\"https:\/\/www.velika-trnovitica.hr\/wp-content\/uploads\/2019\/01\/SLU\u017dBENI-GLASNIK-7-18.pdf\">SLU\u017dBENI GLASNIK 7-18<\/a><\/p>\n<h3>Slu\u017ebeni glasnik 6\/18<\/h3>\n<p><a href=\"https:\/\/www.velika-trnovitica.hr\/wp-content\/uploads\/2018\/12\/SLU\u017dBENI-GLASNIK-6-18.pdf\">SLU\u017dBENI GLASNIK 6-18<\/a><\/p>\n<h3>Slu\u017ebeni glasnik 5\/18<\/h3>\n<p><a href=\"https:\/\/www.velika-trnovitica.hr\/wp-content\/uploads\/2018\/09\/SLU\u017dBENI-GLASNIK-5-18.pdf\">SLU\u017dBENI GLASNIK 5-18<\/a><\/p>\n<h3>Slu\u017ebeni glasnik 4\/18<\/h3>\n<p><a href=\"https:\/\/www.velika-trnovitica.hr\/wp-content\/uploads\/2018\/10\/SLU\u017dBENI-GLASNIK-4-18.pdf\">SLU\u017dBENI GLASNIK 4-18<\/a><\/p>\n<h3>Slu\u017ebeni glasnik 3\/18<\/h3>\n<p><a href=\"https:\/\/www.velika-trnovitica.hr\/wp-content\/uploads\/2018\/09\/SLU\u017dBENI-GLASNIK-3-18.pdf\">SLU\u017dBENI GLASNIK 3-18<\/a><\/p>\n<h3>Slu\u017ebeni glasnik 2\/18<\/h3>\n<p><a href=\"https:\/\/www.velika-trnovitica.hr\/wp-content\/uploads\/2018\/09\/SLU\u017dBENI-GLASNIK-2-18.pdf\">SLU\u017dBENI GLASNIK 2-18<\/a><\/p>\n<h3>Slu\u017ebeni glasnik 1\/18<\/h3>\n<p><a href=\"https:\/\/www.velika-trnovitica.hr\/wp-content\/uploads\/2015\/04\/SLU\u017dBENI-GLASNIK-1-18.docx\" rel=\"\">SLU\u017dBENI GLASNIK-1-18<\/a><\/p>\n<h3>Slu\u017ebeni glasnik 7\/17<\/h3>\n<p><a href=\"https:\/\/www.velika-trnovitica.hr\/wp-content\/uploads\/2015\/04\/SLU\u017dBENI-GLASNIK-7-2017.pdf\" rel=\"\">SLU\u017dBENI GLASNIK-7-2017<\/a><\/p>\n<h3>Slu\u017ebeni glasnik 6\/17<\/h3>\n<p><a href=\"https:\/\/www.velika-trnovitica.hr\/wp-content\/uploads\/2015\/04\/SLU\u017dBENI-GLASNIK-6-2017.pdf\" rel=\"\">SLU\u017dBENI GLASNIK-6-2017<\/a><\/p>\n<h3>Slu\u017ebeni glasnik 5\/17<\/h3>\n<p><a href=\"https:\/\/www.velika-trnovitica.hr\/wp-content\/uploads\/2015\/04\/SLU\u017dBENI-GLASNIK-5-2017.pdf\" rel=\"\">SLU\u017dBENI GLASNIK-5-2017<\/a><\/p>\n<h3>Slu\u017ebeni glasnik 4\/17<\/h3>\n<p><a href=\"https:\/\/www.velika-trnovitica.hr\/wp-content\/uploads\/2015\/04\/SLU\u017dBENI-GLASNIK-4-2017.pdf\" rel=\"\">SLU\u017dBENI GLASNIK-4 -2017<\/a><\/p>\n<h3>Slu\u017ebeni glasnik 3\/17<\/h3>\n<p><a href=\"https:\/\/www.velika-trnovitica.hr\/wp-content\/uploads\/2015\/04\/SLU\u017dBENI-GLASNIK-3-konstituiraju\u0107a-2017..pdf\" rel=\"\">SLU\u017dBENI GLASNIK-3-konstituiraju\u0107a 2017.<\/a><\/p>\n<h3>Slu\u017ebeni glasnik 2\/17<\/h3>\n<p><a href=\"https:\/\/www.velika-trnovitica.hr\/wp-content\/uploads\/2015\/04\/SLU\u017dBENI-GLASNIK-2-2017.pdf\" rel=\"\">SLU\u017dBENI GLASNIK-2 2017<\/a><\/p>\n<h3>Slu\u017ebeni glasnik 1\/17<\/h3>\n<p><a href=\"https:\/\/www.velika-trnovitica.hr\/wp-content\/uploads\/2015\/04\/SLU\u017dBENI-GLASNIK-1-2017.pdf\" rel=\"\">SLU\u017dBENI GLASNIK-1-2017<\/a><\/p>\n<h3>Slu\u017ebeni glasnik 6\/16<\/h3>\n<p><a href=\"https:\/\/www.velika-trnovitica.hr\/wp-content\/uploads\/2015\/04\/Slu\u017ebeni-glasnik-06-2016.pdf\" rel=\"\">Slu\u017ebeni glasnik- 06-2016<\/a><\/p>\n<h3>Slu\u017ebeni glasnik 5\/16<\/h3>\n<p><a href=\"https:\/\/www.velika-trnovitica.hr\/wp-content\/uploads\/2015\/04\/Slu\u017ebeni-glasnik-5-2016.pdf\" rel=\"\">sluzbeni-glasnik-5-2016<\/a><\/p>\n<h3>Slu\u017ebeni glasnik 4\/16<\/h3>\n<p><a href=\"https:\/\/www.velika-trnovitica.hr\/wp-content\/uploads\/2015\/04\/Slu\u017ebeni-glasnik-04-2016.pdf\" rel=\"\">sluzbeni-glasnik-04-2016<\/a><\/p>\n<h3>Slu\u017ebeni glasnik 3\/16<\/h3>\n<p><a href=\"https:\/\/www.velika-trnovitica.hr\/wp-content\/uploads\/2015\/04\/Slu\u017ebeni-glasnik-3-2016.pdf\" rel=\"\">Slu\u017ebeni glasnik 3-2016<\/a><\/p>\n<h3>Slu\u017ebeni glasnik 2\/16<\/h3>\n<p><a href=\"https:\/\/www.velika-trnovitica.hr\/wp-content\/uploads\/2015\/04\/Slu\u017ebeni-glasnik-2-2016.g.pdf\" rel=\"\">Slu\u017ebeni glasnik 2-2016.g<\/a><\/p>\n<h3>Slu\u017ebeni glasnik 1\/16<\/h3>\n<p><a href=\"https:\/\/www.velika-trnovitica.hr\/wp-content\/uploads\/2015\/04\/Slu\u017ebeni-glasnik-1-2016.g.pdf\" rel=\"\">Slu\u017ebeni glasnik 1-2016.g<\/a><\/p>\n<h3>Slu\u017ebeni glasnik 8\/15<\/h3>\n<p><a href=\"https:\/\/www.velika-trnovitica.hr\/wp-content\/uploads\/2015\/04\/Slu\u017ebeni-glasnik-8-2015.g.pdf\" rel=\"\">Slu\u017ebeni glasnik 8-2015.g<\/a><\/p>\n<h3>Slu\u017ebeni glasnik 7\/15<\/h3>\n<p><a href=\"https:\/\/www.velika-trnovitica.hr\/wp-content\/uploads\/2015\/04\/Slu\u017ebeni-glasnik-br.-7-2015.-g..pdf\">7\/15 Slu\u017ebeni glasnik<\/a><\/p>\n<h3>Slu\u017ebeni glasnik 6\/15<\/h3>\n<p style=\"padding-left: 30px;\"><a href=\"https:\/\/www.velika-trnovitica.hr\/wp-content\/uploads\/2015\/04\/Slu\u017ebeni-glasnik-br.-6-2015..pdf\">6\/15 Slu\u017ebeni glasnik<\/a><\/p>\n<h3>Slu\u017ebeni glasnik 5\/15<\/h3>\n<p style=\"padding-left: 30px;\"><a href=\"https:\/\/www.velika-trnovitica.hr\/wp-content\/uploads\/2015\/04\/Slu\u017ebeni-glasnik-br.-5-2015.-g..pdf\">5\/15 Slu\u017ebeni glasnik<\/a><\/p>\n<h3>Slu\u017ebeni glasnik 4\/15<\/h3>\n<p><a href=\"https:\/\/www.velika-trnovitica.hr\/wp-content\/uploads\/2020\/07\/Slu\u017ebeni-glasnik.pdf\">Slu\u017ebeni glasnik<\/a><\/p>\n<h3>Slu\u017ebeni glasnik 3\/15<\/h3>\n<p style=\"padding-left: 30px;\"><a href=\"https:\/\/www.velika-trnovitica.hr\/wp-content\/uploads\/2015\/04\/Slu\u017ebeni-glasnik-br.-3-2015.-g..doc.pdf\">3\/15 Slu\u017ebeni glasnik<\/a><\/p>\n<h3>Slu\u017ebeni glasnik 2\/15<\/h3>\n<p style=\"padding-left: 30px;\"><a href=\"https:\/\/www.velika-trnovitica.hr\/wp-content\/uploads\/2015\/04\/2.-Slu\u017ebeni-glasnik2.pdf\">2\/15 &#8211; Slu\u017ebeni glasnik<\/a><\/p>\n<h3>Slu\u017ebeni glasnik 1\/15<\/h3>\n<p style=\"padding-left: 30px;\"><a href=\"https:\/\/www.velika-trnovitica.hr\/wp-content\/uploads\/2015\/04\/1.-Slu\u017ebeni-glasnik1.pdf\">1\/15 Slu\u017ebeni glasnik<\/a><\/p>\n<h3>Slu\u017ebeni glasnik 5\/14<\/h3>\n<p style=\"padding-left: 60px;\"><a href=\"https:\/\/www.velika-trnovitica.hr\/wp-content\/uploads\/2015\/04\/5.-Slu\u017ebeni-glasnik.pdf\">5. Slu\u017ebeni glasnik<\/a><\/p>\n<h3>Slu\u017ebeni glasnik 4\/14<\/h3>\n<p style=\"padding-left: 60px;\"><a href=\"https:\/\/www.velika-trnovitica.hr\/wp-content\/uploads\/2015\/04\/4.-Slu\u017ebeni-glasnik.pdf\">4. Slu\u017ebeni glasnik<\/a><\/p>\n<h3>Slu\u017ebeni glasnik 3\/14<\/h3>\n<p style=\"padding-left: 60px;\"><a href=\"https:\/\/www.velika-trnovitica.hr\/wp-content\/uploads\/2015\/04\/3.-Slu\u017ebeni-glasnik.pdf\">3. Slu\u017ebeni glasnik<\/a><\/p>\n<h3>Slu\u017ebeni glasnik 2\/14<\/h3>\n<p style=\"padding-left: 60px;\"><a href=\"https:\/\/www.velika-trnovitica.hr\/wp-content\/uploads\/2015\/04\/2.-Slu\u017ebeni-glasnik.pdf\">2. Slu\u017ebeni glasnik<\/a><\/p>\n<h3>Slu\u017ebeni glasnik 1\/14<\/h3>\n<p style=\"padding-left: 60px;\"><a href=\"https:\/\/www.velika-trnovitica.hr\/wp-content\/uploads\/2015\/04\/1.-Slu\u017ebeni-glasnik.pdf\">1. Slu\u017ebeni glasnik<\/a><\/p>\n<p style=\"padding-left: 60px;\">&nbsp;<\/p>\n\n\n<p><\/p>\n\n\n\n\n\n<div class=\"wp-block-file\"><\/div>\n","protected":false},"excerpt":{"rendered":"<p>&nbsp; Slu\u017ebeni glasnik br. 3 SLU\u017dBENI GLASNIK &#8211; 3-26 Slu\u017ebeni glasnik br. 2 SLU\u017dBENI GLASNIK 2-26 Slu\u017ebeni glasnik br. 1 SLU\u017dBENI GLASNIK &#8211; 1-26 Slu\u017ebeni glasnik br. 6 SLU\u017dBENI GLASNIK 6-25 Slu\u017ebeni glasnik br. 5 SLU\u017dBENI GLASNIK 5 25 Slu\u017ebeni glasnik br. 4 SLU\u017dBENI GLASNIK 4 25 Slu\u017ebeni glasnik br. 3 SLU\u017dBENI GLASNIK 3 25 [&hellip;]<\/p>\n","protected":false},"author":1,"featured_media":0,"parent":0,"menu_order":0,"comment_status":"closed","ping_status":"closed","template":"","meta":{"ngg_post_thumbnail":0,"footnotes":""},"class_list":["post-257","page","type-page","status-publish","hentry"],"_links":{"self":[{"href":"https:\/\/www.velika-trnovitica.hr\/index.php?rest_route=\/wp\/v2\/pages\/257","targetHints":{"allow":["GET"]}}],"collection":[{"href":"https:\/\/www.velika-trnovitica.hr\/index.php?rest_route=\/wp\/v2\/pages"}],"about":[{"href":"https:\/\/www.velika-trnovitica.hr\/index.php?rest_route=\/wp\/v2\/types\/page"}],"author":[{"embeddable":true,"href":"https:\/\/www.velika-trnovitica.hr\/index.php?rest_route=\/wp\/v2\/users\/1"}],"replies":[{"embeddable":true,"href":"https:\/\/www.velika-trnovitica.hr\/index.php?rest_route=%2Fwp%2Fv2%2Fcomments&post=257"}],"version-history":[{"count":129,"href":"https:\/\/www.velika-trnovitica.hr\/index.php?rest_route=\/wp\/v2\/pages\/257\/revisions"}],"predecessor-version":[{"id":4833,"href":"https:\/\/www.velika-trnovitica.hr\/index.php?rest_route=\/wp\/v2\/pages\/257\/revisions\/4833"}],"wp:attachment":[{"href":"https:\/\/www.velika-trnovitica.hr\/index.php?rest_route=%2Fwp%2Fv2%2Fmedia&parent=257"}],"curies":[{"name":"wp","href":"https:\/\/api.w.org\/{rel}","templated":true}]}}