{"id":2554,"date":"2021-09-21T19:25:42","date_gmt":"2021-09-21T19:25:42","guid":{"rendered":"http:\/\/www.velika-trnovitica.hr\/?page_id=2554"},"modified":"2021-09-22T06:25:31","modified_gmt":"2021-09-22T06:25:31","slug":"polugodisnje-izvrsenje-i-vi-2021","status":"publish","type":"page","link":"https:\/\/www.velika-trnovitica.hr\/?page_id=2554","title":{"rendered":"Polugodi\u0161nje izvr\u0161enje I-VI. 2021."},"content":{"rendered":"\n<div class=\"wp-block-file\"><a href=\"https:\/\/www.velika-trnovitica.hr\/wp-content\/uploads\/2021\/09\/Naslovna-strana.pdf\">Naslovna strana<\/a><\/div>\n\n\n\n<div class=\"wp-block-file\"><a href=\"https:\/\/www.velika-trnovitica.hr\/wp-content\/uploads\/2021\/09\/Op\u0107i-dio.pdf\">Op\u0107i dio<\/a><\/div>\n\n\n\n<div class=\"wp-block-file\"><a href=\"https:\/\/www.velika-trnovitica.hr\/wp-content\/uploads\/2021\/09\/Posebni-dio-.pdf\">Posebni dio<\/a><\/div>\n\n\n\n<div class=\"wp-block-file\"><a href=\"https:\/\/www.velika-trnovitica.hr\/wp-content\/uploads\/2021\/09\/Bilje\u0161ke-uz-polugodi\u0161nje-izvr\u0161enje.pdf\">Bilje\u0161ke uz polugodi\u0161nje izvr\u0161enje<\/a><\/div>\n\n\n\n<div class=\"wp-block-file\"><a href=\"https:\/\/www.velika-trnovitica.hr\/wp-content\/uploads\/2021\/09\/Odluka-o-prihva\u0107anju-polugodi\u0161njeg-izvje\u0161taja-I-VI.-2021..pdf\">Odluka o prihva\u0107anju polugodi\u0161njeg izvje\u0161taja I-VI. 2021.<\/a><\/div>\n\n\n\n<div class=\"wp-block-file\"><a href=\"https:\/\/www.velika-trnovitica.hr\/wp-content\/uploads\/2021\/09\/Izvje\u0161taj-o-zadu\u017eivanju.pdf\">Izvje\u0161taj o zadu\u017eivanju<\/a><\/div>\n\n\n\n<div class=\"wp-block-file\"><a href=\"https:\/\/www.velika-trnovitica.hr\/wp-content\/uploads\/2021\/09\/Izvje\u0161taj-o-kori\u0161tenju-prora\u010dunske-zalihe.pdf\">Izvje\u0161taj o kori\u0161tenju prora\u010dunske zalihe<\/a><\/div>\n\n\n\n<div class=\"wp-block-file\"><a href=\"https:\/\/www.velika-trnovitica.hr\/wp-content\/uploads\/2021\/09\/Polugodi\u0161nje-izvr\u0161enje-I-VI-2021.-3-znamenke.xls\">Polugodi\u0161nje izvr\u0161enje I-VI 2021. &#8211; 3 znamenke<\/a><\/div>\n","protected":false},"excerpt":{"rendered":"","protected":false},"author":1,"featured_media":0,"parent":0,"menu_order":0,"comment_status":"closed","ping_status":"closed","template":"","meta":{"ngg_post_thumbnail":0,"footnotes":""},"class_list":["post-2554","page","type-page","status-publish","hentry"],"_links":{"self":[{"href":"https:\/\/www.velika-trnovitica.hr\/index.php?rest_route=\/wp\/v2\/pages\/2554","targetHints":{"allow":["GET"]}}],"collection":[{"href":"https:\/\/www.velika-trnovitica.hr\/index.php?rest_route=\/wp\/v2\/pages"}],"about":[{"href":"https:\/\/www.velika-trnovitica.hr\/index.php?rest_route=\/wp\/v2\/types\/page"}],"author":[{"embeddable":true,"href":"https:\/\/www.velika-trnovitica.hr\/index.php?rest_route=\/wp\/v2\/users\/1"}],"replies":[{"embeddable":true,"href":"https:\/\/www.velika-trnovitica.hr\/index.php?rest_route=%2Fwp%2Fv2%2Fcomments&post=2554"}],"version-history":[{"count":2,"href":"https:\/\/www.velika-trnovitica.hr\/index.php?rest_route=\/wp\/v2\/pages\/2554\/revisions"}],"predecessor-version":[{"id":2566,"href":"https:\/\/www.velika-trnovitica.hr\/index.php?rest_route=\/wp\/v2\/pages\/2554\/revisions\/2566"}],"wp:attachment":[{"href":"https:\/\/www.velika-trnovitica.hr\/index.php?rest_route=%2Fwp%2Fv2%2Fmedia&parent=2554"}],"curies":[{"name":"wp","href":"https:\/\/api.w.org\/{rel}","templated":true}]}}