{"id":254,"date":"2015-04-03T10:25:22","date_gmt":"2015-04-03T10:25:22","guid":{"rendered":"http:\/\/www.velika-trnovitica.hr\/?page_id=254"},"modified":"2026-01-29T11:45:27","modified_gmt":"2026-01-29T11:45:27","slug":"akti","status":"publish","type":"page","link":"https:\/\/www.velika-trnovitica.hr\/?page_id=254","title":{"rendered":"Akti"},"content":{"rendered":"<p style=\"text-align: center;\"><a href=\"https:\/\/www.velika-trnovitica.hr\/wp-content\/uploads\/2026\/01\/ContractRegistryPrivateExport92ac406c-68de-42d9-a22f-6718e191e728.xlsx\">Registar ugovora i okvirnih sporazuma 2025. EOJN<\/a><\/p>\n<p style=\"text-align: center;\"><a href=\"https:\/\/www.velika-trnovitica.hr\/wp-content\/uploads\/2026\/01\/Popis-ugovora-u-2025.pdf\">Popis ugovora u 2025<\/a><\/p>\n<p style=\"text-align: center;\"><a href=\"https:\/\/www.velika-trnovitica.hr\/wp-content\/uploads\/2026\/01\/Popis-korisnika-sponzorstava-i-donacija-2025.pdf\">Popis korisnika sponzorstava i donacija 2025<\/a><\/p>\n<p style=\"text-align: center;\">___________________________________________________________________________<\/p>\n<p>&nbsp;<\/p>\n<p style=\"text-align: center;\"><a href=\"https:\/\/www.velika-trnovitica.hr\/wp-content\/uploads\/2025\/12\/Izjava-sukob-interesa-Ivan-Markovic_0002.pdf\">Izjava sukob interesa Ivan Markovi\u0107_0002<\/a><\/p>\n<p style=\"text-align: center;\"><a href=\"https:\/\/www.velika-trnovitica.hr\/wp-content\/uploads\/2025\/03\/Registar-ugovora-i-okvirnih-sporazuma-2024-EOJN.xlsx\">Registar ugovora i okvirnih sporazuma 2024 EOJN<\/a><\/p>\n<p style=\"text-align: center;\"><a href=\"https:\/\/www.velika-trnovitica.hr\/wp-content\/uploads\/2025\/02\/POPIS-KORISNIKA-SPONZORSTVA-I-DONACIJA-2024.pdf\">POPIS KORISNIKA SPONZORSTVA I DONACIJA 2024<\/a><\/p>\n<p style=\"text-align: center;\"><a href=\"https:\/\/www.velika-trnovitica.hr\/wp-content\/uploads\/2025\/01\/Popis-ugovora-u-2024.pdf\">Popis ugovora u 2024<\/a><\/p>\n<p style=\"text-align: center;\"><a href=\"https:\/\/www.velika-trnovitica.hr\/wp-content\/uploads\/2024\/02\/Popis-ugovora-u-2023-1.pdf\">Popis ugovora u 2023<\/a><\/p>\n<p style=\"text-align: center;\"><a href=\"https:\/\/www.velika-trnovitica.hr\/wp-content\/uploads\/2024\/01\/POPIS-KORISNIKA-SPONZORSTVA-I-DONACIJA-2023.pdf\">POPIS KORISNIKA SPONZORSTVA I DONACIJA 2023<\/a><\/p>\n<p style=\"text-align: center;\">_______________________________________________________________________________<\/p>\n<p style=\"text-align: center;\"><a href=\"https:\/\/www.velika-trnovitica.hr\/wp-content\/uploads\/2023\/01\/REGISTAR-UGOVORA-JAVNA-I-JEDNOSTAVNA-NABAVA-2022.pdf\">REGISTAR UGOVORA &#8211; JAVNA I JEDNOSTAVNA NABAVA 2022<\/a><\/p>\n<p style=\"text-align: center;\"><a href=\"https:\/\/www.velika-trnovitica.hr\/wp-content\/uploads\/2023\/01\/Popis-ugovora-u-2022.pdf\">Popis ugovora u 2022<\/a><\/p>\n<p style=\"text-align: center;\"><a href=\"https:\/\/www.velika-trnovitica.hr\/wp-content\/uploads\/2023\/01\/Popis-korisnika-spozonrstava-i-donacija-2022.-godina.pdf\">Popis korisnika, spozonrstava i donacija &#8211; 2022. godina<\/a><\/p>\n<p style=\"text-align: center;\">______________________________________________________________________________<\/p>\n<p style=\"text-align: center;\"><a href=\"https:\/\/www.velika-trnovitica.hr\/wp-content\/uploads\/2022\/01\/POPIS-KORISNIKA-SPONZORSTVA-I-DONACIJA-2021-1.pdf\">POPIS KORISNIKA SPONZORSTVA I DONACIJA 2021<\/a><\/p>\n<p style=\"text-align: center;\"><a href=\"https:\/\/www.velika-trnovitica.hr\/wp-content\/uploads\/2022\/04\/Popis-ugovora-u-2021.-god..pdf\">Popis ugovora u 2021. god.<\/a><\/p>\n<p style=\"text-align: center;\"><a href=\"https:\/\/www.velika-trnovitica.hr\/wp-content\/uploads\/2022\/01\/REGISTAR-UGOVORA-JAVNA-I-JEDNOSTAVNA-NABAVA-2021.-godina.pdf\">REGISTAR UGOVORA &#8211; JAVNA I JEDNOSTAVNA NABAVA 2021. godina<\/a><\/p>\n<p style=\"text-align: center;\"><strong>______________________________________________________________________________<\/strong><\/p>\n<p style=\"text-align: center;\"><a href=\"https:\/\/www.velika-trnovitica.hr\/wp-content\/uploads\/2022\/01\/POPIS-KORISNIKA-SPONZORSTVA-I-DONACIJA-2020.pdf\">POPIS KORISNIKA SPONZORSTVA I DONACIJA 2020<\/a><\/p>\n<p><strong>______________________________________________________________________________<\/strong><\/p>\n<p style=\"text-align: center;\"><a href=\"https:\/\/www.velika-trnovitica.hr\/wp-content\/uploads\/2020\/01\/Popis-ugovora-u-2019..docx\">Popis ugovora u 2019.<\/a><\/p>\n<p style=\"text-align: center;\"><a href=\"https:\/\/www.velika-trnovitica.hr\/wp-content\/uploads\/2020\/01\/POPIS-KORISNIKA-SPONZORSTVA-I-DONACIJA-2019.-godina.pdf\">POPIS KORISNIKA SPONZORSTVA I DONACIJA 2019. godina<\/a><\/p>\n<p style=\"text-align: center;\"><a href=\"https:\/\/www.velika-trnovitica.hr\/wp-content\/uploads\/2020\/01\/Polugodi\u0161nje-izvje\u0161\u0107e-na\u010delnika-2019.god_..pdf\">Polugodi\u0161nje izvje\u0161\u0107e na\u010delnika 2019.god.<\/a><\/p>\n<div><strong>______________________________________________________________________________<\/strong><\/div>\n<div>&nbsp;<\/div>\n<div style=\"text-align: center;\"><a href=\"https:\/\/www.velika-trnovitica.hr\/wp-content\/uploads\/2019\/01\/Registar-ugovora-o-javnoj-nabavi-u-2018.-godini.pdf\">Registar ugovora o javnoj nabavi u 2018. godini<\/a><\/div>\n<div style=\"text-align: center;\">&nbsp;<\/div>\n<div style=\"text-align: center;\"><a href=\"https:\/\/www.velika-trnovitica.hr\/wp-content\/uploads\/2019\/01\/Popis-korisnika-sponzorstva-i-donacija-2018..pdf\">Popis korisnika sponzorstva i donacija 2018.<\/a><b>&nbsp;<\/b><\/div>\n<div>&nbsp;<\/div>\n<div style=\"text-align: center;\"><a href=\"https:\/\/www.velika-trnovitica.hr\/wp-content\/uploads\/2019\/01\/Popis-ugovora-u-2018.-godini.pdf\">Popis ugovora u 2018. godini<\/a><\/div>\n<div>&nbsp;<\/div>\n<p style=\"text-align: center;\"><strong>______________________________________________________________________________<\/strong><\/p>\n<p style=\"text-align: center;\"><a href=\"https:\/\/www.velika-trnovitica.hr\/wp-content\/uploads\/2015\/04\/izvje\u0161\u0107e-na\u010delnika-2017.pdf\" rel=\"\">izvje\u0161\u0107e na\u010delnika 2017<\/a><\/p>\n<p style=\"text-align: center;\"><a href=\"https:\/\/www.velika-trnovitica.hr\/wp-content\/uploads\/2015\/04\/Registar-ugovora-o-javnoj-nabavi-za-2017.pdf\" rel=\"\">Registar ugovora o javnoj nabavi &#8211; za 2017<\/a><\/p>\n<p style=\"text-align: center;\"><a href=\"https:\/\/www.velika-trnovitica.hr\/wp-content\/uploads\/2015\/04\/Popis-korisnika-sponzorstva-i-donacija-2017.pdf\" rel=\"\">Popis korisnika sponzorstva i donacija 2017<\/a><\/p>\n<p style=\"text-align: center;\"><a href=\"https:\/\/www.velika-trnovitica.hr\/wp-content\/uploads\/2015\/04\/Popis-ugovora-u-2017.pdf\" rel=\"\">Popis ugovora u 2017<\/a><\/p>\n<p>__________________________________________________________________________________________________<\/p>\n<p>Sukladno \u010dlanku 28. Zakona o javnoj nabavi (Narodne novine 120\/16) Op\u0107ina Velika Trnovitica objavljuje<\/p>\n<h3 style=\"text-align: center;\"><u>REGISTAR UGOVORA O JAVNOJ NABAVI I OKVIRNIH SPORAZUMA ZA 2016. g.<\/u><\/h3>\n<p style=\"text-align: center;\"><a href=\"https:\/\/www.velika-trnovitica.hr\/wp-content\/uploads\/2015\/04\/Registar-ugovora-o-javnoj-nabavi-za-2016.doc\" rel=\"\">Registar ugovora o javnoj nabavi &#8211; za 2016<\/a><\/p>\n<p>_________________________________________________________________________________________________<\/p>\n<h3 style=\"text-align: center;\">Popis ugovora u 2016. godini<\/h3>\n<p style=\"text-align: center;\"><a href=\"https:\/\/www.velika-trnovitica.hr\/wp-content\/uploads\/2015\/04\/Popis-ugovora-u-2016.pdf\" rel=\"\">Popis ugovora u 2016<\/a><\/p>\n<p>__________________________________________________________________________________________________<\/p>\n<h3 style=\"text-align: center;\">POPIS KORISNIKA SPONZORSTVA I DONACIJA OD 01.01.-31.12.2016<\/h3>\n<p style=\"text-align: center;\"><a href=\"https:\/\/www.velika-trnovitica.hr\/wp-content\/uploads\/2015\/04\/popis-korisnika-sponzorstva-i-donacija-2016.pdf\" rel=\"\">popis korisnika sponzorstva i donacija 2016<\/a><\/p>\n<p>__________________________________________________________________________________________________<\/p>\n<h3 style=\"text-align: center;\">&nbsp;<\/h3>\n<h3 style=\"text-align: center;\">IZJAVA O NE POSTOJANJU SUKOBA INTERESA U SMISLU \u010cLANKA 13. ZAKONA O JAVNOJ NABAVI (\u201eNARODNE NOVINE\u201c BR. 90\/11, 83\/13, 143\/13, 13\/14)<\/h3>\n<h5 style=\"text-align: center;\">za \u010delnika tijela naru\u010ditelja\/\u010dlana upravnog tijela naru\u010ditelja\/ \u010dlana nadzornog tijela naru\u010ditelja &nbsp;&nbsp;&nbsp;(\u010dlanak 13. stavak 2. to\u010dka 1.) s &nbsp;Grad-IM, obrt za graditeljstvo, vl. Ivan Markovi\u0107, Gornja Plo\u0161\u010dica 7, Velika Trnovitica<\/h5>\n<p style=\"text-align: center;\"><a href=\"https:\/\/www.velika-trnovitica.hr\/wp-content\/uploads\/2015\/04\/Popis-i-izjava-o-nepostojanju-sukoba-interesa.pdf\" rel=\"\">Popis i izjava o nepostojanju sukoba interesa<\/a><\/p>\n<p style=\"text-align: center;\">____________________________________<\/p>\n<h3 style=\"text-align: center;\">POPIS KORISNIKA SPONZORSTVA I DONACIJA OD 01.01.-31.12.2015<\/h3>\n<p style=\"text-align: center;\"><a href=\"https:\/\/www.velika-trnovitica.hr\/wp-content\/uploads\/2015\/04\/Popis-korisnika-sponzorstva-i-donacija-2015-1.pdf\" rel=\"\">Popis korisnika sponzorstva i donacija 2015<\/a><\/p>\n<p>______________________________________________________________________________<\/p>\n<h3 style=\"text-align: center;\">IZVJE\u0160\u0106E O RADU<br \/>\nNA\u0108ELNIKA OP\u0106INE VELIKA TRNOVITICA<br \/>\nZA 2015. GODINU<\/h3>\n<p style=\"text-align: center;\"><a href=\"https:\/\/www.velika-trnovitica.hr\/wp-content\/uploads\/2015\/04\/IZVJE\u0160\u0106E-NA\u010cELNIKA-ZA-2015.pdf\" rel=\"\">IZVJE\u0160\u0106E NA\u010cELNIKA ZA 2015<\/a><\/p>\n<p>______________________________________________________________________________<\/p>\n<h3 style=\"text-align: center;\">POPIS UGOVORA U 2015<\/h3>\n<p style=\"text-align: center;\"><a href=\"https:\/\/www.velika-trnovitica.hr\/wp-content\/uploads\/2015\/04\/Popis-ugovora-u-2015.pdf\" rel=\"\">Popis ugovora u 2015<\/a><\/p>\n<p>______________________________________________________________________________<\/p>\n<h3 style=\"text-align: center;\">REGISTAR UGOVORA O JAVNOJ NABAVI I OKVIRNIH SPORAZUMA ZA 2015. g.<\/h3>\n<p style=\"text-align: center;\"><a href=\"https:\/\/www.velika-trnovitica.hr\/wp-content\/uploads\/2015\/04\/Registar-ugovora-o-javnoj-nabavi-2015..pdf\" rel=\"\">Registar ugovora o javnoj nabavi 2015.<\/a><\/p>\n<p style=\"text-align: center;\"><a href=\"https:\/\/www.velika-trnovitica.hr\/wp-content\/uploads\/2015\/04\/Izmjene-rebalans-2015.Odluka-1.docx\" rel=\"\">Izmjene rebalans-2015.Odluka<\/a><\/p>\n<p style=\"text-align: center;\">_____________________________________________________________________________<\/p>\n<h3 style=\"text-align: center;\">Strategija razvoja Op\u0107ine Velika Trnovitica za razdoblje 2015.-2020.<\/h3>\n<p style=\"text-align: center;\"><a href=\"https:\/\/www.velika-trnovitica.hr\/wp-content\/uploads\/2015\/04\/Strategija-razvoja-Op\u0107ina-Velika-Trnovitica.pdf\">Strategija razvoja Op\u0107ina Velika Trnovitica<\/a><\/p>\n<p>______________________________________________________________________________<\/p>\n<p>Na temelju \u010dlanka 31. Statuta Op\u0107ine Velika Trnovitica (\u201eSlu\u017ebeni glasnik Op\u0107ine Velika Trnovitica\u201c broj 1\/18 i 1\/20) te \u010dlanka 32. Zakona o lokalnoj i podru\u010dnoj (regionalnoj) samoupravi (\u201eNarodne novine\u201c 33\/01, 60\/01, 129\/05, 109\/07, 125\/08, 36\/29, 150\/11, 144\/12, 19\/13, 137\/15, 123\/17, 98\/19, 144\/20) Op\u0107insko vije\u0107e Op\u0107ine Velika Trnovitica na 26. sjednici odr\u017eanoj 22. velja\u010de 2021. godine donijelo je<\/p>\n<h1 style=\"text-align: center;\">STATUT OP\u0106INE VELIKA TRNOVITICA<\/h1>\n<p style=\"text-align: center;\"><a href=\"https:\/\/www.velika-trnovitica.hr\/wp-content\/uploads\/2023\/01\/Statut-Op\u0107ine-Velika-Trnovitica-1.pdf\">Statut Op\u0107ine Velika Trnovitica<\/a><\/p>\n<p>______________________________________________________________________________<\/p>\n<p>Na temelju \u010dlanka&nbsp; 33.&nbsp; Zakona o lokalnoj i podru\u010dnoj (regionalnoj) samoupravi&nbsp; (\u201eNarodne novine\u201c br.&nbsp; 33\/01, 60\/01, 129\/05, 109\/07, 125\/08,&nbsp; 36\/09,&nbsp; 36\/09,&nbsp; 150\/11,&nbsp; 144\/12,&nbsp; 19\/13,&nbsp; 137\/15,&nbsp; 123\/17,98\/19, 144\/20) i \u010dlanka 31. Statuta Op\u0107ine Velika Trnovitica (\u201eSlu\u017ebeni glasnik Op\u0107ine Velika Trnovitica\u201c, br. 2\/21)&nbsp; Op\u0107insko vije\u0107e Op\u0107ine Velika Trnovitica na sjednici odr\u017eanoj 26. o\u017eujka 2021. godine donosi<\/p>\n<h1 style=\"text-align: center;\">POSLOVNIK OP\u0106INSKOG VIJE\u0106A OP\u0106INE VELIKA TRNOVITICA<\/h1>\n<p style=\"text-align: center;\"><a href=\"https:\/\/www.velika-trnovitica.hr\/wp-content\/uploads\/2023\/01\/Poslovnik-Op\u0107inskog-vije\u0107a-Op\u0107ine-Velika-Trnovitica.pdf\">Poslovnik Op\u0107inskog vije\u0107a Op\u0107ine Velika Trnovitica<\/a><\/p>\n<p>______________________________________________________________________________<\/p>\n<p>Na temelju \u010dlanka 20. Zakona o javnoj nabavi (&#8221;Narodne novine&#8221; br. 90\/2011), u skladu sa Prora\u010dunom op\u0107ine Velika Trnovitica te \u010dlanka 46. Statuta Op\u0107ine Velika Trnovitica, op\u0107inski na\u010delnik dana 21.12.2014.godine donosi<\/p>\n<h1 style=\"text-align: center;\">&nbsp; PLAN NABAVE ZA 2015. GODINU<\/h1>\n<p style=\"text-align: center;\"><a href=\"https:\/\/www.velika-trnovitica.hr\/wp-content\/uploads\/2015\/04\/PLAN-NABAVE-ZA-2015.-GODINU.pdf\">PLAN NABAVE ZA 2015. GODINU<\/a><\/p>\n<p>___________________________________________________________________________________________<\/p>\n<div>&nbsp;<\/div>\n","protected":false},"excerpt":{"rendered":"<p>Registar ugovora i okvirnih sporazuma 2025. EOJN Popis ugovora u 2025 Popis korisnika sponzorstava i donacija 2025 ___________________________________________________________________________ &nbsp; Izjava sukob interesa Ivan Markovi\u0107_0002 Registar ugovora i okvirnih sporazuma 2024 EOJN POPIS KORISNIKA SPONZORSTVA I DONACIJA 2024 Popis ugovora u 2024 Popis ugovora u 2023 POPIS KORISNIKA SPONZORSTVA I DONACIJA 2023 _______________________________________________________________________________ REGISTAR UGOVORA &#8211; [&hellip;]<\/p>\n","protected":false},"author":1,"featured_media":0,"parent":0,"menu_order":0,"comment_status":"closed","ping_status":"closed","template":"","meta":{"ngg_post_thumbnail":0,"footnotes":""},"class_list":["post-254","page","type-page","status-publish","hentry"],"_links":{"self":[{"href":"https:\/\/www.velika-trnovitica.hr\/index.php?rest_route=\/wp\/v2\/pages\/254","targetHints":{"allow":["GET"]}}],"collection":[{"href":"https:\/\/www.velika-trnovitica.hr\/index.php?rest_route=\/wp\/v2\/pages"}],"about":[{"href":"https:\/\/www.velika-trnovitica.hr\/index.php?rest_route=\/wp\/v2\/types\/page"}],"author":[{"embeddable":true,"href":"https:\/\/www.velika-trnovitica.hr\/index.php?rest_route=\/wp\/v2\/users\/1"}],"replies":[{"embeddable":true,"href":"https:\/\/www.velika-trnovitica.hr\/index.php?rest_route=%2Fwp%2Fv2%2Fcomments&post=254"}],"version-history":[{"count":81,"href":"https:\/\/www.velika-trnovitica.hr\/index.php?rest_route=\/wp\/v2\/pages\/254\/revisions"}],"predecessor-version":[{"id":4689,"href":"https:\/\/www.velika-trnovitica.hr\/index.php?rest_route=\/wp\/v2\/pages\/254\/revisions\/4689"}],"wp:attachment":[{"href":"https:\/\/www.velika-trnovitica.hr\/index.php?rest_route=%2Fwp%2Fv2%2Fmedia&parent=254"}],"curies":[{"name":"wp","href":"https:\/\/api.w.org\/{rel}","templated":true}]}}