{"id":2123,"date":"2020-09-29T10:14:25","date_gmt":"2020-09-29T10:14:25","guid":{"rendered":"http:\/\/www.velika-trnovitica.hr\/?page_id=2123"},"modified":"2020-09-29T10:14:26","modified_gmt":"2020-09-29T10:14:26","slug":"polugodisnje-izvrsenje-proracuna-i-vi-2020-godine","status":"publish","type":"page","link":"https:\/\/www.velika-trnovitica.hr\/?page_id=2123","title":{"rendered":"Polugodi\u0161nje izvr\u0161enje prora\u010duna I-VI 2020. godine"},"content":{"rendered":"\n<div class=\"wp-block-file\"><a href=\"https:\/\/www.velika-trnovitica.hr\/wp-content\/uploads\/2020\/09\/Naslovna-strana-polugodi\u0161nje-izvr\u0161enje-.pdf\">Naslovna strana &#8211; polugodi\u0161nje izvr\u0161enje<\/a><\/div>\n\n\n\n<div class=\"wp-block-file\"><a href=\"https:\/\/www.velika-trnovitica.hr\/wp-content\/uploads\/2020\/09\/Op\u0107i-dio-polugodi\u0161nje-izvr\u0161enje.pdf\">Op\u0107i dio &#8211; polugodi\u0161nje izvr\u0161enje<\/a><\/div>\n\n\n\n<div class=\"wp-block-file\"><a href=\"https:\/\/www.velika-trnovitica.hr\/wp-content\/uploads\/2020\/09\/Posebni-dio-polugodi\u0161nje-izvr\u0161enje.pdf\">Posebni dio &#8211; polugodi\u0161nje izvr\u0161enje<\/a><\/div>\n\n\n\n<div class=\"wp-block-file\"><a href=\"https:\/\/www.velika-trnovitica.hr\/wp-content\/uploads\/2020\/09\/Odluka-polugodi\u0161nje-izvr\u0161enje.pdf\">Odluka &#8211; polugodi\u0161nje izvr\u0161enje<\/a><\/div>\n\n\n\n<div class=\"wp-block-file\"><a href=\"https:\/\/www.velika-trnovitica.hr\/wp-content\/uploads\/2020\/09\/Bilje\u0161ke.pdf\">Bilje\u0161ke<\/a><\/div>\n\n\n\n<div class=\"wp-block-file\"><a href=\"https:\/\/www.velika-trnovitica.hr\/wp-content\/uploads\/2020\/09\/Izvje\u0161taj-o-kori\u0161tenju-prora\u010dunske-zalihe.pdf\">Izvje\u0161taj o kori\u0161tenju prora\u010dunske zalihe<\/a><\/div>\n\n\n\n<div class=\"wp-block-file\"><a href=\"https:\/\/www.velika-trnovitica.hr\/wp-content\/uploads\/2020\/09\/Izvje\u0161taj-o-zadu\u017eivanju.pdf\">Izvje\u0161taj o zadu\u017eivanju<\/a><\/div>\n","protected":false},"excerpt":{"rendered":"","protected":false},"author":1,"featured_media":0,"parent":0,"menu_order":0,"comment_status":"closed","ping_status":"closed","template":"","meta":{"ngg_post_thumbnail":0,"footnotes":""},"class_list":["post-2123","page","type-page","status-publish","hentry"],"_links":{"self":[{"href":"https:\/\/www.velika-trnovitica.hr\/index.php?rest_route=\/wp\/v2\/pages\/2123","targetHints":{"allow":["GET"]}}],"collection":[{"href":"https:\/\/www.velika-trnovitica.hr\/index.php?rest_route=\/wp\/v2\/pages"}],"about":[{"href":"https:\/\/www.velika-trnovitica.hr\/index.php?rest_route=\/wp\/v2\/types\/page"}],"author":[{"embeddable":true,"href":"https:\/\/www.velika-trnovitica.hr\/index.php?rest_route=\/wp\/v2\/users\/1"}],"replies":[{"embeddable":true,"href":"https:\/\/www.velika-trnovitica.hr\/index.php?rest_route=%2Fwp%2Fv2%2Fcomments&post=2123"}],"version-history":[{"count":1,"href":"https:\/\/www.velika-trnovitica.hr\/index.php?rest_route=\/wp\/v2\/pages\/2123\/revisions"}],"predecessor-version":[{"id":2132,"href":"https:\/\/www.velika-trnovitica.hr\/index.php?rest_route=\/wp\/v2\/pages\/2123\/revisions\/2132"}],"wp:attachment":[{"href":"https:\/\/www.velika-trnovitica.hr\/index.php?rest_route=%2Fwp%2Fv2%2Fmedia&parent=2123"}],"curies":[{"name":"wp","href":"https:\/\/api.w.org\/{rel}","templated":true}]}}