{"id":19,"date":"2013-11-26T15:54:37","date_gmt":"2013-11-26T15:54:37","guid":{"rendered":"http:\/\/www.velika-trnovitica.hr\/?page_id=19"},"modified":"2024-03-27T12:40:56","modified_gmt":"2024-03-27T12:40:56","slug":"akti-opcine","status":"publish","type":"page","link":"https:\/\/www.velika-trnovitica.hr\/?page_id=19","title":{"rendered":"Pravilnici, odluke i izjave"},"content":{"rendered":"<p style=\"text-align: center;\"><span style=\"color: #000000;\"><strong>PRAVILNIK&nbsp;<\/strong><strong>O PROVEDBI POSTUPAKA JEDNOSTAVNE NABAVE<\/strong><\/span><\/p>\n<p style=\"text-align: center;\"><a href=\"https:\/\/www.velika-trnovitica.hr\/wp-content\/uploads\/2024\/03\/PRAVILNIK-O-PROVEDBI-POSTUPAKA-JEDNOSTAVNE-NABAVE.pdf\">PRAVILNIK O PROVEDBI POSTUPAKA JEDNOSTAVNE NABAVE<\/a><\/p>\n<p style=\"text-align: center;\"><span style=\"color: #000000;\">_____________________________________________________________________________<\/span><\/p>\n<p><span style=\"color: #000000;\"><!--more--><\/span><\/p>\n<h4 style=\"text-align: center;\"><span style=\"color: #000000;\">V.Trnovitica, 19.11. 2014.<\/span><\/h4>\n<p><span style=\"color: #000000;\">&nbsp;<\/span><\/p>\n<p style=\"text-align: center;\"><span style=\"color: #000000;\"><a style=\"color: #000000;\" href=\"https:\/\/www.velika-trnovitica.hr\/wp-content\/uploads\/2013\/11\/Odluka-o-imenovanju-slu\u017ebenika-za-informiranje.pdf\">Odluka o imenovanju slu\u017ebenika za informiranje<\/a><\/span><\/p>\n<p style=\"text-align: center;\"><span style=\"color: #000000;\">_____________________________________________________________________________<\/span><\/p>\n<p><span style=\"color: #000000;\"><!--more--><\/span><\/p>\n<h4 style=\"text-align: center;\"><span style=\"color: #000000;\">V.Trnovitica, 19. 11. 2014.<\/span><\/h4>\n<p style=\"text-align: center;\"><span style=\"color: #000000;\"><a style=\"color: #000000;\" href=\"https:\/\/www.velika-trnovitica.hr\/wp-content\/uploads\/2013\/11\/Odluka-o-ustrojavanju-slu\u017ebenog-upisnika.pdf\">Odluka o ustrojavanju slu\u017ebenog upisnika<\/a><\/span><\/p>\n<p style=\"text-align: center;\"><span style=\"color: #000000;\">_____________________________________________________________________________<\/span><\/p>\n<p><span style=\"color: #000000;\"><!--more--><\/span><\/p>\n<h4 style=\"text-align: center;\"><span style=\"color: #000000;\">V.Trnovitica, 12.10.2014.<\/span><\/h4>\n<p style=\"text-align: center;\"><span style=\"color: #000000;\"><a style=\"color: #000000;\" href=\"https:\/\/www.velika-trnovitica.hr\/wp-content\/uploads\/2013\/11\/Registar-ugovora-o-javnoj-nabavi.pdf\">Registar ugovora o javnoj nabavi<\/a><\/span><\/p>\n<p style=\"text-align: center;\"><span style=\"color: #000000;\"> _____________________________________________________________________________<!--more--><\/span><\/p>\n<h4 style=\"text-align: center;\"><span style=\"color: #000000;\">V.Trnovitica, 30.09. 2014.<\/span><\/h4>\n<p><span style=\"color: #000000;\">Temeljem \u010dlanka 13. stavka 8. Zakona o javnoj nabavi (\u201eNarodne novine&#8221; broj 90\/11,83\/13, 143\/13 i 13\/14) i 46. Statuta Op\u0107ine V.Trnovitica Sl.glasnik 1\/2013.), na\u010delnik Op\u0107ine V.Trnovitica kao predstavnik naru\u010ditelja u postupcima javne nabave, 30. prosinca 2013. godine daje sljede\u0107u<\/span><\/p>\n<p style=\"text-align: center;\"><span style=\"color: #000000;\">&nbsp;IZJAVU<\/span><\/p>\n<p style=\"text-align: center;\"><span style=\"color: #000000;\">o nepostojanju sukoba interesa<\/span><\/p>\n<p style=\"text-align: center;\"><span style=\"color: #000000;\"><a style=\"color: #000000;\" href=\"https:\/\/www.velika-trnovitica.hr\/wp-content\/uploads\/2013\/11\/Izjava-na\u010delnika.pdf\">Izjava na\u010delnika<\/a><\/span><\/p>\n<p style=\"text-align: center;\"><span style=\"color: #000000;\">_____________________________________________________________________________<\/span><\/p>\n<p><span style=\"color: #000000;\"><!--more--><\/span><\/p>\n<h4 style=\"text-align: center;\"><span style=\"color: #000000;\">V.Trnovitica,&nbsp;19.09. 2014.<\/span><\/h4>\n<p><span style=\"color: #000000;\">Na temelju \u010dlanka 18. stavak 3. Zakona o javnoj nabavi ( Narodne novine br. 90\/11, 83\/13 i 143\/13). \u010dlanka 46. Statuta op\u0107ine V.Trnovitica , na\u010delnik op\u0107ine V.Trnovitica donosi<\/span><\/p>\n<p style=\"text-align: center;\"><span style=\"color: #000000;\"><strong>&nbsp; &nbsp; &nbsp;PRAVILNIK&nbsp;<\/strong><strong>O NABAVI &nbsp;ROBA &nbsp;I &nbsp;USLUGA &nbsp;MALE VRIJEDNOSTI &nbsp;<\/strong><\/span><\/p>\n<p style=\"text-align: center;\"><span style=\"color: #000000;\">&nbsp;<strong>&nbsp;<a style=\"color: #000000;\" href=\"https:\/\/www.velika-trnovitica.hr\/wp-content\/uploads\/2013\/11\/PRAVILNIK-O-NABAVI-ROBA-I-USLUGA-MALE-VRIJEDNOSTI-2.doc\">PRAVILNIK<\/a><\/strong><\/span><\/p>\n<p style=\"text-align: center;\"><span style=\"color: #000000;\"><a style=\"color: #000000;\" href=\"https:\/\/www.velika-trnovitica.hr\/wp-content\/uploads\/2013\/11\/Pravilnik-o-nabavi-roba-i-usluga-male-vrijednosti.pdf\">Pravilnik o nabavi roba i usluga male vrijednosti<\/a><\/span><\/p>\n<p style=\"text-align: center;\"><span style=\"color: #000000;\">_____________________________________________________________________________<\/span><\/p>\n<p><span style=\"color: #000000;\"><!--more--><\/span><\/p>\n<h4 style=\"text-align: center;\"><span style=\"color: #000000;\">V.Trnovitica,&nbsp;18.02. 2014.<\/span><\/h4>\n<p style=\"text-align: center; padding-left: 30px;\"><span style=\"color: #000000;\"><strong>Provedba javne rasprave i javnog izlaganja u postupku isho\u0111enja okoli\u0161ne dozvole za odlagali\u0161te otpada Johova\u010da u Velikoj Mlinskoj, tra\u017ei se.<\/strong><\/span><\/p>\n<p style=\"padding-left: 30px;\"><span style=\"color: #000000;\">Sukladno odluci Ministarstva za\u0161tite okoli\u0161a i prirode, Klasa: UP\/I-351-03\/13-02\/127, Ur.broj: 517-06-2-2-1-14-5 od 04. velja\u010de 2014. o upu\u0107ivanju na javnu raspravu Stru\u010dne podloge za uho\u0111enje okoli\u0161ne dozvole i tri sa\u017eetka Stru\u010dne podloge za odlagali\u0161te otpada Johova\u010da, ovaj Upravni odjel temeljem povjerene koordinacije istog ministarstva o provo\u0111enju radnji javne rasprave za isho\u0111enja okoli\u0161ne dozvole za odlagali\u0161te otpada Johova\u010da, Velika Mlinska u Op\u0107ini Velika Trnovitica, donio je Obavijest o provo\u0111enju javne rasprave o postupku koju je objavio u &#8220;Ve\u010dernjem listu&#8221; 20. velja\u010de 2014. godine, oglasnoj plo\u010di Bjelovarsko-bi logorske \u017eupanije i na slu\u017ebenoj internetskoj stranici Bjelovarsko-bilogorske&nbsp;\u017eupanije.<\/span><\/p>\n<p style=\"padding-left: 30px; text-align: center;\"><span style=\"color: #000000;\"><a style=\"color: #000000;\" href=\"https:\/\/www.velika-trnovitica.hr\/wp-content\/uploads\/2013\/11\/REPUBLIKA-HRVATSKA.pdf\">OBAVIJEST u PDF-u<\/a><\/span><\/p>\n<p style=\"text-align: center;\"><span style=\"color: #000000;\">_____________________________________________________________________________<\/span><\/p>\n<p style=\"padding-left: 30px; text-align: center;\"><span style=\"color: #000000;\"><!--more--><\/span><\/p>\n<h4 style=\"text-align: center;\"><span style=\"color: #000000;\">V.Trnovitica, 10.01.2014.<\/span><\/h4>\n<p style=\"text-align: center;\"><span style=\"color: #000000;\"><a style=\"color: #000000;\" href=\"https:\/\/www.velika-trnovitica.hr\/wp-content\/uploads\/2013\/11\/Sprje\u010davanje-sukoba-interesa.pdf\">Sprje\u010davanje sukoba interesa<\/a><\/span><\/p>\n<p style=\"text-align: center;\"><span style=\"color: #000000;\">_____________________________________________________________________________<\/span><\/p>\n<p style=\"text-align: center;\"><span style=\"color: #000000;\"><!--more--><\/span><\/p>\n<h4 style=\"text-align: center;\"><span style=\"color: #000000;\">V.Trnovitica, 21.12.2013.<\/span><\/h4>\n<p style=\"text-align: center;\"><span style=\"color: #000000;\"><a style=\"color: #000000;\" href=\"https:\/\/www.velika-trnovitica.hr\/wp-content\/uploads\/2013\/11\/Plan-nabave-za-2014.pdf\">Plan nabave za 2014<\/a><\/span><\/p>\n<p style=\"text-align: center;\"><span style=\"color: #000000;\">_____________________________________________________________________________<\/span><\/p>\n<p><span style=\"color: #000000;\"><!--more--><\/span><\/p>\n<h4 style=\"text-align: center;\"><span style=\"color: #000000;\">V.Trnovitica,&nbsp;25.11.2013.<\/span><\/h4>\n<p style=\"text-align: center; padding-left: 30px;\"><span style=\"color: #000000;\"><strong>Tablicu sklopljenih ugovora Op\u0107ine Velika Trnovitica mo\u017eete preuzeti na sljede\u0107em linku<\/strong><\/span><\/p>\n<p style=\"padding-left: 30px; text-align: center;\"><span style=\"color: #000000;\"><a style=\"color: #000000;\" href=\"https:\/\/www.velika-trnovitica.hr\/wp-content\/uploads\/2013\/11\/TABLICA-ZA-SKLOPLJENE-UGOVORE.xls\">Sklopljeni ugovori<\/a><\/span><\/p>\n<p style=\"text-align: center;\"><span style=\"color: #000000;\">_____________________________________________________________________________<!--more--><\/span><\/p>\n<h4 style=\"text-align: center;\"><span style=\"color: #000000;\">V. Trnovitica, 20. 06. 2013.<\/span><\/h4>\n<p style=\"padding-left: 30px;\"><span style=\"color: #000000;\">Temeljem \u010dlanka 46. Statuta Op\u0107ine Velika Trnovitica Op\u0107inski na\u010delnik Op\u0107ine Velika Trnovitica donosi<\/span><\/p>\n<p style=\"padding-left: 30px; text-align: center;\"><span style=\"color: #000000;\"><b>PROCEDURU ZAPRIMANJA ROBA, USLUGA I RADOVA<\/b><\/span><\/p>\n<p style=\"padding-left: 60px; text-align: center;\"><span style=\"color: #000000;\"><a style=\"color: #000000;\" href=\"https:\/\/www.velika-trnovitica.hr\/wp-content\/uploads\/2013\/11\/Procedura-zaprimanja-roba-usluga-i-radova.pdf\">ROCEDURU MO\u017dETE PREUZETI OVDJE<\/a><\/span><\/p>\n<p style=\"text-align: center;\"><span style=\"color: #000000;\">_____________________________________________________________________________<\/span><\/p>\n<p><span style=\"color: #000000;\"><!--more--><\/span><\/p>\n<h4 style=\"text-align: center;\"><span style=\"color: #000000;\">V. Trnovitica, 20.6. 2013.<\/span><\/h4>\n<p style=\"padding-left: 30px;\"><span style=\"color: #000000;\">Temeljem \u010dlanka 46. Statuta Op\u0107ine Velika Trnovitica Op\u0107inski na\u010delnik Op\u0107ine Velika Trnovitica donosi<\/span><\/p>\n<p style=\"padding-left: 30px; text-align: center;\"><span style=\"color: #000000;\"><b>PROCEDURU OBRA\u010cUNA I NAPLATE POTRA\u017dIVANJA<\/b><\/span><\/p>\n<p style=\"padding-left: 30px; text-align: center;\"><span style=\"color: #000000;\"><a style=\"color: #000000;\" href=\"https:\/\/www.velika-trnovitica.hr\/wp-content\/uploads\/2013\/11\/Procedura-obra\u010duna-i-naplate-potra\u017eivanja-Op\u0107ine-V.-Trnovitica.pdf\">ROCEDURU MO\u017dETE PREUZETI OVDJE<\/a><\/span><\/p>\n<p style=\"text-align: center;\"><span style=\"color: #000000;\"> _____________________________________________________________________________ <!--more--><\/span><\/p>\n<h4 style=\"text-align: center;\"><span style=\"color: #000000;\">V.Trnovitica, 30. 06. 2012.<\/span><\/h4>\n<p style=\"padding-left: 30px;\"><span style=\"color: #000000;\">Na temelju odredbi Zakona o fiskalnoj odgovornosti (Narodne novine br. 130\/10) i Uredbe o sastavljanju i predaji izjave o fiskalnoj odgovornosti i izvje\u0161taja o primjeni fiskalnih pravila (Narodne novine br.78\/11) i \u010dlanka 45. Statuta Op\u0107ine V.Trnovitica (Slu\u017ebeni glasnik Op\u0107ine V.Trnovitica br. 2\/09) Na\u010delnik Op\u0107ine V.Trnovitica donosi<\/span><\/p>\n<p style=\"padding-left: 30px; text-align: center;\"><span style=\"color: #000000;\">&nbsp;<strong>PROCEDURU ZAPRIMANJA RA\u010cUNA, NJIHOVOJ PROVJERI I PRAVOVREMENOM PLA\u0106ANJU U OP\u0106INI V.TRNOVITIC<\/strong>A<\/span><\/p>\n<p style=\"text-align: center;\"><span style=\"color: #000000;\"><a style=\"color: #000000;\" href=\"https:\/\/www.velika-trnovitica.hr\/wp-content\/uploads\/2013\/11\/PROCEDURA-zaprimanje-ra\u010duna.pdf\"> ROCEDURU MO\u017dETE PREUZETI OVDJE<\/a><\/span><\/p>\n<p style=\"text-align: center;\"><span style=\"color: #000000;\"> _____________________________________________________________________________ <!--more--><\/span><\/p>\n<h4 style=\"text-align: center;\"><span style=\"color: #000000;\">V.Trnovitica, 20.06. 2012.<\/span><\/h4>\n<p style=\"padding-left: 30px;\"><span style=\"color: #000000;\">Na temelju \u010dlanka 3. Zakona o fiskalnoj odgovornosti \u201eNarodne novine\u201c, broj 139\/10) i \u010dlankom 1. Uredbe o sastavljanju i predaji izjave o fiskalnoj odgovornosti i izvje\u0161taja o primjeni fiskalnih pravila (\u201eNarodne novine\u201c, broj 78\/11), op\u0107inski na\u010delnik Op\u0107ine V.Trnovitica donio &nbsp;je dana 20. lipnja 2012. godine<\/span><\/p>\n<p style=\"padding-left: 30px;\" align=\"center\"><span style=\"color: #000000;\"><strong>P R O C E D U R U<\/strong><\/span><\/p>\n<p style=\"padding-left: 30px;\" align=\"center\"><span style=\"color: #000000;\"><strong>stvaranja ugovornih obveza u Op\u0107ini V.Trnovitica<\/strong><\/span><\/p>\n<p align=\"center\"><span style=\"color: #000000;\"><b>&nbsp;<a style=\"color: #000000;\" href=\"https:\/\/www.velika-trnovitica.hr\/wp-content\/uploads\/2013\/11\/PROCEDURA-STVARANJA-UGOVORNIH-OBVEZA1.pdf\">ROCEDURU MO\u017dETE PREUZETI OVDJE<\/a><\/b><\/span><\/p>\n<p align=\"center\"><!--more--><\/p>\n<p align=\"center\"><b>&nbsp;<\/b><\/p>\n","protected":false},"excerpt":{"rendered":"<p>PRAVILNIK&nbsp;O PROVEDBI POSTUPAKA JEDNOSTAVNE NABAVE PRAVILNIK O PROVEDBI POSTUPAKA JEDNOSTAVNE NABAVE _____________________________________________________________________________<\/p>\n","protected":false},"author":1,"featured_media":0,"parent":0,"menu_order":0,"comment_status":"closed","ping_status":"closed","template":"","meta":{"ngg_post_thumbnail":0,"footnotes":""},"class_list":["post-19","page","type-page","status-publish","hentry"],"_links":{"self":[{"href":"https:\/\/www.velika-trnovitica.hr\/index.php?rest_route=\/wp\/v2\/pages\/19","targetHints":{"allow":["GET"]}}],"collection":[{"href":"https:\/\/www.velika-trnovitica.hr\/index.php?rest_route=\/wp\/v2\/pages"}],"about":[{"href":"https:\/\/www.velika-trnovitica.hr\/index.php?rest_route=\/wp\/v2\/types\/page"}],"author":[{"embeddable":true,"href":"https:\/\/www.velika-trnovitica.hr\/index.php?rest_route=\/wp\/v2\/users\/1"}],"replies":[{"embeddable":true,"href":"https:\/\/www.velika-trnovitica.hr\/index.php?rest_route=%2Fwp%2Fv2%2Fcomments&post=19"}],"version-history":[{"count":45,"href":"https:\/\/www.velika-trnovitica.hr\/index.php?rest_route=\/wp\/v2\/pages\/19\/revisions"}],"predecessor-version":[{"id":3917,"href":"https:\/\/www.velika-trnovitica.hr\/index.php?rest_route=\/wp\/v2\/pages\/19\/revisions\/3917"}],"wp:attachment":[{"href":"https:\/\/www.velika-trnovitica.hr\/index.php?rest_route=%2Fwp%2Fv2%2Fmedia&parent=19"}],"curies":[{"name":"wp","href":"https:\/\/api.w.org\/{rel}","templated":true}]}}