{"id":188,"date":"2014-11-19T22:22:02","date_gmt":"2014-11-19T22:22:02","guid":{"rendered":"http:\/\/www.velika-trnovitica.hr\/?page_id=188"},"modified":"2026-01-30T21:15:24","modified_gmt":"2026-01-30T21:15:24","slug":"pristup-informacijama","status":"publish","type":"page","link":"https:\/\/www.velika-trnovitica.hr\/?page_id=188","title":{"rendered":"Pristup informacijama"},"content":{"rendered":"<h3>&nbsp;<\/h3>\n<p style=\"text-align: center;\"><a href=\"https:\/\/www.velika-trnovitica.hr\/wp-content\/uploads\/2026\/01\/Izvjesce-o-provedbi-Zakona-o-pravu-na-pristup-informacijama-za-2025.-godinu.pdf\">Izvje\u0161\u0107e o provedbi Zakona o pravu na pristup informacijama za 2025. godinu<\/a><\/p>\n<p style=\"text-align: center;\"><strong>Izvje\u0161\u0107e o provedbi Zakona o pravu na pristup informacijama za 2024. godinu<\/strong><\/p>\n<p style=\"text-align: center;\"><a href=\"https:\/\/www.velika-trnovitica.hr\/wp-content\/uploads\/2025\/02\/Godisnje_izvjesce.pdf\">Godisnje_izvjesce<\/a> 2024<\/p>\n<p style=\"text-align: center;\"><strong>Izvje\u0161\u0107e o provedbi Zakona o pravu na pristup informacijama za 2023. godinu<\/strong><\/p>\n<p style=\"text-align: center;\"><a href=\"https:\/\/www.velika-trnovitica.hr\/wp-content\/uploads\/2024\/01\/Godisnje_izvjesce.pdf\">Godisnje_izvjesce<\/a><\/p>\n<h3 style=\"text-align: center;\"><i>Odluka o prestanku va\u017eenja Pravilnika o pravu na pristup informacijama i ponovnu uporabu informacija<br clear=\"all\"><\/i><\/h3>\n<p style=\"text-align: center;\"><a href=\"https:\/\/www.velika-trnovitica.hr\/wp-content\/uploads\/2014\/11\/Odluka-o-prestanku-va\u017eenja-Pravilnika-pristup-informacijama.pdf\" rel=\"\">Odluka o prestanku va\u017eenja Pravilnika- pristup informacijama<\/a><\/p>\n<h5 style=\"text-align: center;\"><i style=\"color: #23282d; font-size: 1.4em; font-weight: 600;\">Otvoreni podaci (Asset lista) Op\u0107ine Velika Trnovitica<\/i><\/h5>\n<p style=\"text-align: center;\"><a href=\"https:\/\/www.velika-trnovitica.hr\/wp-content\/uploads\/2022\/03\/Otvoreni-podaci-Asset-lista.xlsx\">Otvoreni podaci (Asset lista)<\/a><\/p>\n<h3 style=\"text-align: center;\">&nbsp;<\/h3>\n<h3 style=\"text-align: center;\">Godi\u0161nja izvje\u0161\u0107a PPI<\/h3>\n<p style=\"text-align: center;\"><a href=\"https:\/\/www.velika-trnovitica.hr\/wp-content\/uploads\/2022\/01\/Godi\u0161nje-izvje\u0161\u0107e-za-2021.-godinu.pdf\">Godi\u0161nje izvje\u0161\u0107e za 2021. godinu<\/a><\/p>\n<p style=\"text-align: center;\"><a href=\"https:\/\/www.velika-trnovitica.hr\/wp-content\/uploads\/2021\/01\/Godisnje-izvje\u0161\u0107e-za-2020.-godinu.pdf\">Godisnje izvje\u0161\u0107e za 2020. godinu<\/a><\/p>\n<p style=\"text-align: center;\"><a href=\"https:\/\/www.velika-trnovitica.hr\/wp-content\/uploads\/2021\/01\/Godi\u0161nje-izvje\u0161\u0107e-za-2019.-godinu.pdf\">Godi\u0161nje izvje\u0161\u0107e za 2019. godinu<\/a><\/p>\n<p style=\"text-align: center;\"><a href=\"https:\/\/www.velika-trnovitica.hr\/wp-content\/uploads\/2019\/01\/Godi\u0161nje-izvje\u0161\u0107e-za-2018.-godinu.pdf\">Godi\u0161nje izvje\u0161\u0107e za 2018. godinu<\/a><\/p>\n<p style=\"text-align: center;\"><a href=\"https:\/\/www.velika-trnovitica.hr\/wp-content\/uploads\/2019\/01\/Godi\u0161nje-izvje\u0161\u0107e-za-2017.-godinu.pdf\">Godi\u0161nje izvje\u0161\u0107e za 2017. godinu<\/a><\/p>\n<p style=\"text-align: center;\"><a href=\"https:\/\/www.velika-trnovitica.hr\/wp-content\/uploads\/2014\/11\/Godi\u0161nje-izvje\u0161\u0107e-za-2016.pdf\" rel=\"\">Godi\u0161nje izvje\u0161\u0107e za 2016<\/a><\/p>\n<h3 style=\"text-align: center;\">&nbsp;<\/h3>\n<h3 style=\"text-align: center;\">Odluka o visini naknade stvarnih materijalnih tro\u0161kova<\/h3>\n<p style=\"text-align: center;\"><a href=\"https:\/\/www.velika-trnovitica.hr\/wp-content\/uploads\/2014\/11\/Odluka-o-visini-naknade.pdf\">Odluka o visini naknade<\/a><\/p>\n<h3 style=\"text-align: center;\"><strong>Pravo na pristup informacijama i ponovnu uporabu informacija<\/strong><\/h3>\n<p style=\"text-align: center;\">Temeljem \u010dlanka 3. Zakona o pravu na pristup informacijama (\u00bbNarodne novine\u00ab, broj 25\/13, 85\/15) ure\u0111eno je pravo na pristup informacijama fizi\u010dkim i pravnim osobama putem otvorenosti i javnosti djelovanja tijela javne vlasti.<\/p>\n<p style=\"text-align: center;\">Pravo na pristup informacijama i ponovnu uporabu informacija obuhva\u0107a pravo korisnika na tra\u017eenje i dobivanje informacije kao i obvezu tijela javne vlasti da omogu\u0107i pristup zatra\u017eenoj informaciji, odnosno da objavljuje informacije neovisno o postavljenom zahtjevu kada takvo objavljivanje proizlazi iz obveze odre\u0111ene zakonom ili drugim propisom.<\/p>\n<p style=\"text-align: center;\">Pravo na pristup informacijama i ponovnu uporabu informacija ure\u0111eno je i ostvaruje se u skladu sa Zakonom o pravu na pristup informacijama (\u00bbNarodne novine\u00ab, broj 25\/13, 85\/15). Zakonom se propisuju na\u010dela prava na pristup informacijama i ponovnu uporabu informacija, ograni\u010denja prava na pristup informacijama i ponovnu uporabu informacija, postupak za ostvarivanje i za\u0161titu prava na pristup informacijama i ponovnu uporabu informacija.<\/p>\n<p style=\"text-align: center;\"><strong>Slu\u017ebenik za informiranje<\/strong><\/p>\n<p style=\"text-align: center;\">Op\u0107ina Velika Trnovitica javnost informira putem slu\u017ebene web stranice dokumentima i informacijama koje posjeduje i koji su javno dostupni u elektroni\u010dkom obliku i mogu\u0107e im je pristupiti bez upu\u0107ivanja posebnog zahtjeva, a pristup svim ostalim informacijama i dokumentima ostvaruje se podno\u0161enjem usmenog ili pisanog zahtjeva.<\/p>\n<p style=\"text-align: center;\">Pravo na pristup informacijama i ponovnu uporabu informacija ostvaruje se podno\u0161enjem zahtjeva slu\u017ebeniku za informiranje na sljede\u0107e mogu\u0107e na\u010dine:<\/p>\n<ul style=\"text-align: center;\">\n<li style=\"list-style-type: none;\">\n<ul style=\"text-align: center;\">\n<li style=\"text-align: left;\">putem telefona na broj: +385 (0)43\/541-038, 541-028<\/li>\n<\/ul>\n<\/li>\n<\/ul>\n<ul style=\"text-align: center;\">\n<li style=\"list-style-type: none;\">\n<ul style=\"text-align: center;\">\n<li style=\"text-align: left;\">putem faksa na broj: +385 (0)43\/541-160<\/li>\n<\/ul>\n<\/li>\n<\/ul>\n<ul style=\"text-align: center;\">\n<li style=\"text-align: left;\">elektroni\u010dkom po\u0161tom slu\u017ebeniku za informiranje:<\/li>\n<\/ul>\n<p style=\"text-align: left;\"><a href=\"mailto:opcina-velika-trnovitica@bj.t-com.hr\">opcina-velika-trnovitica@bj.t-com.hr<\/a><\/p>\n<ul style=\"text-align: left;\">\n<li>na obrascu Zahtjev za pristup informacijama \/ Zahtjev za dopunu ili ispravak informacije \/ Zahtjev za ponovnu uporabu informacija;<\/li>\n<li>po\u0161tom na adresu: Op\u0107ina Velika Trnovitica, Velika Trnovitica 223a, 43285 Velika Trnovitica,, Hrvatska na obrascu Zahtjev za pristup informacijama \/ Zahtjev za dopunu ili ispravak informacije \/ Zahtjev za ponovnu uporabu informacija;<\/li>\n<\/ul>\n<ul style=\"text-align: left;\">\n<li>osobno na adresu: Op\u0107ina Velika Trnovitica, Velika Trnovitica 223a, 43285 Velika Trnovitica, Hrvatska, od ponedjeljka do petka od 08:00 do 16:00.<\/li>\n<\/ul>\n<p style=\"text-align: left;\"><strong>Uvjeti za ponovnu uporabu informacija:<\/strong><\/p>\n<ul style=\"text-align: left;\">\n<li>Tijelo javne vlasti korisniku daje podatke za ponovnu uporabu bez ograni\u010denja, za slobodnu uporabu i u otvorenom formatu.<\/li>\n<li>U opravdanim slu\u010dajevima tijelo javne vlasti mo\u017ee odrediti uvjete za ponovnu uporabu. U slu\u010daju odre\u0111ivanja uvjeta za ponovnu uporabu njihov sadr\u017eaj i primjena ne smiju neopravdano ograni\u010davati mogu\u0107nost ponovne uporabe, niti se smiju koristiti kako bi se ograni\u010dilo tr\u017ei\u0161no natjecanje.<\/li>\n<li>Uvjeti za ponovnu uporabu informacija ne smiju biti diskriminiraju\u0107i za iste ili sli\u010dne vrste informacija, odnosno za komercijalnu ili nekomercijalnu uporabu.<\/li>\n<li>Na tijelo javne vlasti koje ponovno koristi svoje informacije kao osnovu za komercijalne aktivnosti koje ne spadaju u djelokrug njegovih javnih poslova primjenjuju se isti uvjeti ka za druge korisnike.<\/li>\n<li>Vrste i sadr\u017eaj dozvola kojima se utvr\u0111uju ponovne uporabe, u skladu sa standardnim otvorenim dozvolama, pravilnikom ure\u0111uje ministar nadle\u017ean za poslove uprave.<\/li>\n<\/ul>\n<ul style=\"text-align: center;\">\n<li style=\"text-align: left;\">Tijelo javne vlasti du\u017eno je na svojoj internetskoj stranici objaviti dozvole kojima se odre\u0111uju uvjeti ponovne uporabe ili poveznice na takve dozvole u skladu sa standardnim otvorenim dozvolama.<\/li>\n<\/ul>\n<p style=\"text-align: center;\"><a href=\"https:\/\/www.velika-trnovitica.hr\/wp-content\/uploads\/2014\/11\/Zahtjev-za-pristup-informacijama-Obrazac-2.doc\" rel=\"\">Zahtjev za pristup informacijama- Obrazac 2<\/a><\/p>\n<p style=\"text-align: center;\"><a href=\"https:\/\/www.velika-trnovitica.hr\/wp-content\/uploads\/2014\/11\/Zahtjev-za-dopunu-ili-ispravak-informacije-Obrazac-3.doc\" rel=\"\">Zahtjev za dopunu ili ispravak informacije &#8211; Obrazac 3<\/a><\/p>\n<p style=\"text-align: center;\"><a href=\"https:\/\/www.velika-trnovitica.hr\/wp-content\/uploads\/2014\/11\/Zahtjev-za-ponovnu-uporabu-informacija-Obrazac-4.doc\" rel=\"\">Zahtjev za ponovnu uporabu informacija &#8211; Obrazac 4<\/a><\/p>\n<p style=\"text-align: left;\"><strong>Slu\u017ebenica za informiranje:<\/strong><\/p>\n<p style=\"text-align: center;\">Ivana Nem\u010di\u0107<\/p>\n<p style=\"text-align: center;\">Op\u0107ina Velika Trnovitica, Velika Trnovitica 223a,<\/p>\n<p style=\"text-align: center;\">43285 Velika Trnovitica, Hrvatska<\/p>\n<p style=\"text-align: center;\">Tel.: +385 (0)43\/541-038<\/p>\n<p style=\"text-align: center;\">Fax.: +385 (0)43\/541-160<\/p>\n<p style=\"text-align: center;\">E-mail slu\u017ebenika za informiranje: <a href=\"mailto:opcina-velika-trnovitica@bj.t-com.hr\">opcina-velika-trnovitica@bj.t-com.hr<\/a><\/p>\n<p style=\"text-align: center;\">Uredovno vrijeme za rad sa strankama odre\u0111uje se od ponedjeljka do petka od 08:00 do 16:00 sati.<\/p>\n<p style=\"text-align: center;\">Tro\u0161kovi dostave informacija obra\u010dunavaju se prema va\u017ee\u0107em cjeniku redovnih po\u0161tanskih usluga.<\/p>\n<p style=\"text-align: center;\"><strong>Naknada za pristup informacijama<\/strong><\/p>\n<p style=\"text-align: center;\">Op\u0107ina Velika Trnovitica ima pravo na naknadu stvarnih materijalnih tro\u0161kova koji nastanu pru\u017eanjem informacije korisniku prava na pristup informacijama i ponovnu uporabu informacija, kao i na naknadu tro\u0161kova dostave tra\u017eene informacije, koja se napla\u0107uje sukladno Kriteriju za odre\u0111ivanje visine naknade stvarnih materijalnih tro\u0161kova i tro\u0161kova dostave informacije (dalje u tekstu: Kriterij) na temelju \u010dlanka 19. stavka 2. Zakona o pravu na pristup informacijama (\u00bbNarodne novine\u00ab, broj 25\/13, 85\/15).<\/p>\n<p style=\"text-align: center;\">Visina naknade stvarnih materijalnih tro\u0161kova odre\u0111uje se u sljede\u0107em iznosu:<\/p>\n<ol style=\"text-align: center;\">\n<li>preslik jedne stranice veli\u010dine A4 \u2013 0,25 kuna<\/li>\n<li>preslik jedne stranice veli\u010dine A3 \u2013 0,50 kuna<\/li>\n<li>preslik jedne stranice u boji veli\u010dine A4 \u2013 1,00 kuna<\/li>\n<li>preslik jedne stranice u boji veli\u010dine A3 \u2013 1,60 kuna<\/li>\n<li>elektroni\u010dki zapis na jednom CD-u \u2013 4,00 kuna<\/li>\n<li>elektroni\u010dki zapis na jednom DVD-u \u2013 6,00 kuna<\/li>\n<li>elektroni\u010dki zapis na memorijskoj kartici ovisno o koli\u010dini memorije \u2013 210 kuna za 64 GB, 150 kuna za 32 GB, 120 kuna za 16 GB, 50 kuna za 8 GB, 30 kuna za 4 GB.<\/li>\n<li>pretvaranje jedne strane dokumenta iz fizi\u010dkog u elektroni\u010dki oblik \u2013 0,80 kuna<\/li>\n<\/ol>\n<ol style=\"text-align: center;\" start=\"9\">\n<li>pretvaranje zapisa s videovrpce, audiokazete ili diskete u elektroni\u010dki zapis \u2013 1,00 kuna<\/li>\n<\/ol>\n<p style=\"text-align: center;\">Tro\u0161kovi dostave informacija obra\u010dunavaju se prema va\u017ee\u0107em cjeniku redovnih po\u0161tanskih usluga.<\/p>\n<p style=\"text-align: center;\">NAPOMENA:<\/p>\n<p style=\"text-align: center;\">Visinu naknade stvarnih materijalnih tro\u0161kova za usluge koje nisu navedene u Kriteriju, tijelo javne vlasti odre\u0111uje na na\u010din da u visinu naknade zara\u010duna prosje\u010dnu tr\u017ei\u0161nu cijenu za uslugu, tro\u0161ak amortizacije koje ima tijelo javne vlasti te tro\u0161ak po\u0161tanskih usluga. Tro\u0161kovi dostave informacija obra\u010dunavaju se prema va\u017ee\u0107em cjeniku po\u0161tanskih usluga. Korisnik prava na informaciju treba unaprijed u cijelosti polo\u017eiti o\u010dekivani iznos stvarnih materijalnih tro\u0161kova. U slu\u010daju da korisnik prava na informaciju u roku ne polo\u017ei navedeni iznos, smatrat \u0107e se da je korisnik prava na informaciju odustao od zahtjeva. Op\u0107ina Velika Trnovitica izdat \u0107e korisniku prava na informaciju ra\u010dun prema visini naknade odre\u0111enom u Kriteriju.<\/p>\n<p style=\"text-align: center;\"><strong>Naknada za ponovnu uporabu informacija<\/strong><\/p>\n<p style=\"text-align: center;\">Op\u0107ina Velika Trnovitica ne napla\u0107uje naknadu za ponovnu uporabu informacija kad informacije objavljuje na slu\u017ebenim internetskim stranicama.<\/p>\n<p style=\"text-align: center;\">Prema Kriteriju za odre\u0111ivanje visine naknade stvarnih materijalnih tro\u0161kova i tro\u0161kova dostave informacije na temelju \u010dlanka 19. stavka 2. Zakona o pravu na pristup informacijama (\u00bbNarodne novine\u00ab, broj 25\/13, 85\/15), Op\u0107ina Velika Trnovitica mo\u017ee korisniku naplatiti stvarne materijalne tro\u0161kove ponovne uporabe informacija nastale zbog reprodukcije, davanja na uporabu i dostave informacije kao i ako je ispunjen jedan od sljede\u0107ih uvjeta:<\/p>\n<ol style=\"text-align: center;\">\n<li>tijelo javne vlasti prete\u017eito se financira iz vlastitih prihoda ili<\/li>\n<li>korisnik zahtjeva informacije kojima tijelo javne vlasti osigurava odgovaraju\u0107e prihode kojim pokriva tro\u0161kove njihova prikupljanja, izrade, reprodukcije i objave,<\/li>\n<li>tijelo javne vlasti odre\u0111uje naknadu za ponovnu uporabu u skladu s objektivnim, jasnim i povjerljivim kriterijima za izra\u010dun tro\u0161kova ponovne uporabe informacije koje utvr\u0111uje uredbom Vlade Republike Hrvatske a tro\u0161kovi se izra\u010dunavaju u skladu s ra\u010dunovodstvenim pravilima koja se primjenjuju na doti\u010dna tijela javne vlasti,<\/li>\n<\/ol>\n<ol style=\"text-align: center;\" start=\"4\">\n<li>ukupan godi\u0161nji prihod tijela javne vlasti ostvaren po osnovi naknade tro\u0161kova ne prelazi tro\u0161kove prikupljanja, izrade, reprodukcije i pru\u017eanja informacije, uklju\u010duju\u0107i razuman povrat ulaganja.<\/li>\n<\/ol>\n<p style=\"text-align: center;\"><strong>Pravo na pristup informacijama ure\u0111uju<\/strong><\/p>\n<p style=\"text-align: center;\"><strong>Op\u0107i propisi<\/strong><\/p>\n<ul style=\"text-align: center;\">\n<li>Ustav Republike Hrvatske (\u00bbNarodne novine\u00ab, broj 56\/90, 135\/97, 08\/98, 113\/00, 124\/00, 28\/01, 41\/01, 55\/01, 76\/10, 85\/10, 05\/14),<\/li>\n<li>Zakon o pravu na pristup informacijama (\u00bbNarodne novine\u00ab, broj 25\/13, 85\/15),<\/li>\n<li>Zakon o arhivskom gradivu i arhivima (\u00bbNarodne novine\u00ab, broj <a href=\"http:\/\/arhivima\">105\/97<\/a>, <a href=\"http:\/\/arhivima\">64\/00<\/a>, <a href=\"http:\/\/arhivima\">65\/09<\/a>, <a href=\"http:\/\/zakon\">144\/12<\/a>),<\/li>\n<li>Zakon o autorskom pravu i srodnim pravima (\u00bbNarodne novine\u00ab, broj 167\/03, 79\/07, 80\/11, 125\/11, 141\/13, 127\/14),<\/li>\n<li>Zakon o medijima (\u00bbNarodne novine\u00ab, broj <a href=\"http:\/\/www.iusinfo.hr\/Publication\/Content.aspx?Sopi=NN2004B59A1324&amp;Ver=1\">59\/04<\/a>, <a href=\"http:\/\/zakon\">84\/11<\/a>, 81\/13),<\/li>\n<li>Zakon o op\u0107em upravnom postupku (\u00bbNarodne novine\u00ab, broj 47\/09),<\/li>\n<li>Zakon o sustavu dr\u017eavne uprave u odnosima uprave i gra\u0111ana (\u00bbNarodne novine\u00ab, broj <a href=\"http:\/\/uprave\">150\/11<\/a>, 12\/13, 93\/16, 104\/16),<\/li>\n<li>Zakon o tajnosti podataka (\u00bbNarodne novine\u00ab, broj 79\/07, 86\/12),<\/li>\n<li>Zakon o upravnim sporovima (\u00bbNarodne novine\u00ab, broj 20\/10, 143\/12, 152\/14, 94\/16, 29\/17),<\/li>\n<li>Zakon o za\u0161titi osobnih podataka (\u00bbNarodne novine\u00ab, broj 103\/03, 118\/06, 41\/08, 130\/11, 106\/12),<\/li>\n<li>Zakon o za\u0161titi tajnosti podataka (\u00bbNarodne novine\u00ab, broj <a href=\"http:\/\/podataka\">108\/96<\/a>),<\/li>\n<li>Op\u0107i porezni zakon (\u00bbNarodne novine\u00ab, broj 115\/16),<\/li>\n<li>Pravilnik o sadr\u017eaju i na\u010dinu vo\u0111enja evidencije isklju\u010divih prava na ponovnu uporabu informacija (\u00bbNarodne novine\u00ab, broj 20\/16)<\/li>\n<li>Pravilnik o Sredi\u0161njem katalogu slu\u017ebenih dokumenata Republike Hrvatske (\u00bbNarodne novine\u00ab, broj 124\/15),<\/li>\n<li>Pravilnik o ustroju, sadr\u017eaju i na\u010dinu vo\u0111enja slu\u017ebenog Upisnika o ostvarivanju prava na pristup informacijama i ponovnu uporabu informacija (\u00bbNarodne novine\u00ab, broj 83\/14),<\/li>\n<li>Kriterij za odre\u0111ivanje visine naknadne stvarnih materijalnih tro\u0161kova i tro\u0161kova dostave informacije (\u00bbNarodne novine\u00ab, broj 12\/14, 15\/14).<\/li>\n<\/ul>\n<p style=\"text-align: center;\"><strong>Propisi EU <\/strong><\/p>\n<ul style=\"text-align: center;\">\n<li>Direktiva 2003\/98\/EZ Europskog parlamenta i Vije\u0107a od 17. studenog 2003. o ponovnoj uporabi informacija javnog sektora<\/li>\n<li>Directive 2003\/98\/EC of the European Parliament and of the Council of 17 November 2003 on the re-use of public sector information<\/li>\n<li>Direktiva o izmjeni Direktive 2003\/98\/EZ Europskog parlamenta i Vije\u0107a od 17. studenog 2003. o ponovnoj uporabi informacija javnog sektora, 2013\/37\/EU<\/li>\n<li>Directive 2013\/37\/EU of the European Parliament and of the Council of 26 June 2013 amending Directive 2003\/98\/EC on the re-use of public sector information Text with EEA relevance<\/li>\n<li>Konsolidirana Direktiva 2003\/98\/EZ Europskog parlamenta i Vije\u0107a od 17. studenog 2003. o ponovnoj uporabi informacija javnog sektora<\/li>\n<li>Consolidated Directive 2003\/98\/EC of the European Parliament and of the Council of 17 November 2003 on the re-use of public sector information<\/li>\n<li>Smjernice o preporu\u010denim standardnim dozvolama, skupovima podataka i naplati ponovne uporabe dokumenata 2014\/C 240\/01<\/li>\n<li>Guidelines on recommended standard licences, datasets and charging for the reuse of documents 2014\/C 240\/01<\/li>\n<\/ul>\n<p style=\"text-align: center;\"><strong>Vije\u0107e Europe<\/strong><\/p>\n<ul style=\"text-align: center;\">\n<li>Europska konvencija o ljudskim pravima i temeljnim slobodama (MU 18\/97, 06\/99, 14\/02, 13\/03, 09\/05, 01\/06, 02\/10)<\/li>\n<\/ul>\n<p style=\"text-align: center;\"><strong>Interni akti <\/strong><\/p>\n<ul style=\"text-align: center;\">\n<li>Akcijski plan za pove\u0107anje transparentnosti i otvorenosti u tijelu javne vlasti za 2017. godinu,<\/li>\n<li>Akcijski plan za pove\u0107anje transparentnosti i otvorenosti u tijelu javne vlasti za 2016. godinu,<\/li>\n<li>Odluka o imenovanju slu\u017ebenika za informiranje,<\/li>\n<li>Odluka o visini naknade (cjenik) stvarnih materijalnih tro\u0161kova,<\/li>\n<li>Slu\u017ebeni Upisnik o zahtjevima, postupcima i odlukama o ostvarivanju prava na pristup informacijama i ponovnu uporabu informacija,<\/li>\n<li>Zahtjev za pristup informacijama,<\/li>\n<li>Zahtjev za dopunu ili ispravak informacije,<\/li>\n<\/ul>\n<ul style=\"text-align: center;\">\n<li>Zahtjev za ponovnu uporabu informacija.<\/li>\n<\/ul>\n<p style=\"text-align: center;\"><strong>Izvje\u0161\u0107a <\/strong><\/p>\n<ul style=\"text-align: center;\">\n<li>Izvje\u0161\u0107e o provedbi Zakona o pravu na pristup informacijama za 2016. godinu<\/li>\n<li>Izvje\u0161\u0107e o provedbi Zakona o pravu na pristup informacijama za 2015. godinu<\/li>\n<li>Izvje\u0161\u0107e o provedbi Zakona o pravu na pristup informacijama za 2014. godinu<\/li>\n<\/ul>\n<ul style=\"text-align: center;\">\n<li>Izvje\u0161\u0107e o provedbi Zakona o pravu na pristup informacijama za 2013. godinu<\/li>\n<\/ul>\n<p style=\"text-align: center;\"><strong>\u010cesto postavljana pitanja<\/strong><\/p>\n","protected":false},"excerpt":{"rendered":"<p>&nbsp; Izvje\u0161\u0107e o provedbi Zakona o pravu na pristup informacijama za 2025. godinu Izvje\u0161\u0107e o provedbi Zakona o pravu na pristup informacijama za 2024. godinu Godisnje_izvjesce 2024 Izvje\u0161\u0107e o provedbi Zakona o pravu na pristup informacijama za 2023. godinu Godisnje_izvjesce Odluka o prestanku va\u017eenja Pravilnika o pravu na pristup informacijama i ponovnu uporabu informacija Odluka [&hellip;]<\/p>\n","protected":false},"author":1,"featured_media":0,"parent":0,"menu_order":0,"comment_status":"closed","ping_status":"closed","template":"","meta":{"ngg_post_thumbnail":0,"footnotes":""},"class_list":["post-188","page","type-page","status-publish","hentry"],"_links":{"self":[{"href":"https:\/\/www.velika-trnovitica.hr\/index.php?rest_route=\/wp\/v2\/pages\/188","targetHints":{"allow":["GET"]}}],"collection":[{"href":"https:\/\/www.velika-trnovitica.hr\/index.php?rest_route=\/wp\/v2\/pages"}],"about":[{"href":"https:\/\/www.velika-trnovitica.hr\/index.php?rest_route=\/wp\/v2\/types\/page"}],"author":[{"embeddable":true,"href":"https:\/\/www.velika-trnovitica.hr\/index.php?rest_route=\/wp\/v2\/users\/1"}],"replies":[{"embeddable":true,"href":"https:\/\/www.velika-trnovitica.hr\/index.php?rest_route=%2Fwp%2Fv2%2Fcomments&post=188"}],"version-history":[{"count":30,"href":"https:\/\/www.velika-trnovitica.hr\/index.php?rest_route=\/wp\/v2\/pages\/188\/revisions"}],"predecessor-version":[{"id":4691,"href":"https:\/\/www.velika-trnovitica.hr\/index.php?rest_route=\/wp\/v2\/pages\/188\/revisions\/4691"}],"wp:attachment":[{"href":"https:\/\/www.velika-trnovitica.hr\/index.php?rest_route=%2Fwp%2Fv2%2Fmedia&parent=188"}],"curies":[{"name":"wp","href":"https:\/\/api.w.org\/{rel}","templated":true}]}}