{"id":1588,"date":"2019-03-25T13:02:23","date_gmt":"2019-03-25T13:02:23","guid":{"rendered":"http:\/\/www.velika-trnovitica.hr\/?page_id=1588"},"modified":"2019-03-25T13:02:24","modified_gmt":"2019-03-25T13:02:24","slug":"izvjestaji-proracuna-proracunskih-i-izvanproracunskih-korisnika-za-razdoblje-1-sijecanj-2016-30-lipanj-2016","status":"publish","type":"page","link":"https:\/\/www.velika-trnovitica.hr\/?page_id=1588","title":{"rendered":"Izvje\u0161taji prora\u010duna, prora\u010dunskih i izvanprora\u010dunskih korisnika za razdoblje 1. sije\u010danj 2016. \u00a0 \u2013 \u00a0 30. lipanj 2016."},"content":{"rendered":"\n<p><a href=\"https:\/\/www.velika-trnovitica.hr\/wp-content\/uploads\/2015\/04\/Obra\u010dun-30.06.2016..xls\">obracun-30-06-2016<\/a><\/p>\n","protected":false},"excerpt":{"rendered":"<p>obracun-30-06-2016<\/p>\n","protected":false},"author":1,"featured_media":0,"parent":0,"menu_order":0,"comment_status":"closed","ping_status":"closed","template":"","meta":{"ngg_post_thumbnail":0,"footnotes":""},"class_list":["post-1588","page","type-page","status-publish","hentry"],"_links":{"self":[{"href":"https:\/\/www.velika-trnovitica.hr\/index.php?rest_route=\/wp\/v2\/pages\/1588","targetHints":{"allow":["GET"]}}],"collection":[{"href":"https:\/\/www.velika-trnovitica.hr\/index.php?rest_route=\/wp\/v2\/pages"}],"about":[{"href":"https:\/\/www.velika-trnovitica.hr\/index.php?rest_route=\/wp\/v2\/types\/page"}],"author":[{"embeddable":true,"href":"https:\/\/www.velika-trnovitica.hr\/index.php?rest_route=\/wp\/v2\/users\/1"}],"replies":[{"embeddable":true,"href":"https:\/\/www.velika-trnovitica.hr\/index.php?rest_route=%2Fwp%2Fv2%2Fcomments&post=1588"}],"version-history":[{"count":1,"href":"https:\/\/www.velika-trnovitica.hr\/index.php?rest_route=\/wp\/v2\/pages\/1588\/revisions"}],"predecessor-version":[{"id":1590,"href":"https:\/\/www.velika-trnovitica.hr\/index.php?rest_route=\/wp\/v2\/pages\/1588\/revisions\/1590"}],"wp:attachment":[{"href":"https:\/\/www.velika-trnovitica.hr\/index.php?rest_route=%2Fwp%2Fv2%2Fmedia&parent=1588"}],"curies":[{"name":"wp","href":"https:\/\/api.w.org\/{rel}","templated":true}]}}