{"id":1558,"date":"2019-03-25T12:43:21","date_gmt":"2019-03-25T12:43:21","guid":{"rendered":"http:\/\/www.velika-trnovitica.hr\/?page_id=1558"},"modified":"2019-03-25T12:43:22","modified_gmt":"2019-03-25T12:43:22","slug":"proracun-opcine-velika-trnovitica-za-2018-godinu","status":"publish","type":"page","link":"https:\/\/www.velika-trnovitica.hr\/?page_id=1558","title":{"rendered":"Prora\u010dun Op\u0107ine Velika Trnovitica za 2018. Godinu"},"content":{"rendered":"\n<h4 class=\"wp-block-heading\"><\/h4>\n\n\n\n<p><a href=\"https:\/\/www.velika-trnovitica.hr\/wp-content\/uploads\/2015\/04\/NASLOVNA.pdf\">NASLOVNA<\/a><\/p>\n\n\n\n<p><a href=\"https:\/\/www.velika-trnovitica.hr\/wp-content\/uploads\/2015\/04\/Odluka-o-izvr%C5%A1enju-prora%C4%8Duna-1.pdf\">Odluka o izvr\u0161enju prora\u010duna<\/a><\/p>\n\n\n\n<p><a href=\"https:\/\/www.velika-trnovitica.hr\/wp-content\/uploads\/2015\/04\/PLAN-NABAVE-ZA-2018.-GODINU.pdf\">PLAN NABAVE ZA 2018. GODINU<\/a><\/p>\n\n\n\n<p><a href=\"https:\/\/www.velika-trnovitica.hr\/wp-content\/uploads\/2015\/04\/Plan-razvojnih-programa.pdf\">Plan razvojnih programa<\/a><\/p>\n\n\n\n<p><a href=\"https:\/\/www.velika-trnovitica.hr\/wp-content\/uploads\/2015\/04\/prora%C4%8Dun-2018-opci-dio-1.pdf\">prora\u010dun 2018-opci dio<\/a><\/p>\n\n\n\n<p><a href=\"https:\/\/www.velika-trnovitica.hr\/wp-content\/uploads\/2015\/04\/Prora%C4%8Dun-2018-posebni-dio.pdf\">Prora\u010dun 2018 \u2013 posebni dio<\/a><\/p>\n\n\n\n<p><a href=\"https:\/\/www.velika-trnovitica.hr\/wp-content\/uploads\/2015\/04\/PRORA%C4%8CUN-U-MALOM-2018..pdf\">PRORA\u010cUN U MALOM 2018.<\/a><\/p>\n","protected":false},"excerpt":{"rendered":"<p>NASLOVNA Odluka o izvr\u0161enju prora\u010duna PLAN NABAVE ZA 2018. GODINU Plan razvojnih programa prora\u010dun 2018-opci dio Prora\u010dun 2018 \u2013 posebni dio PRORA\u010cUN U MALOM 2018.<\/p>\n","protected":false},"author":1,"featured_media":0,"parent":0,"menu_order":0,"comment_status":"closed","ping_status":"closed","template":"","meta":{"ngg_post_thumbnail":0,"footnotes":""},"class_list":["post-1558","page","type-page","status-publish","hentry"],"_links":{"self":[{"href":"https:\/\/www.velika-trnovitica.hr\/index.php?rest_route=\/wp\/v2\/pages\/1558","targetHints":{"allow":["GET"]}}],"collection":[{"href":"https:\/\/www.velika-trnovitica.hr\/index.php?rest_route=\/wp\/v2\/pages"}],"about":[{"href":"https:\/\/www.velika-trnovitica.hr\/index.php?rest_route=\/wp\/v2\/types\/page"}],"author":[{"embeddable":true,"href":"https:\/\/www.velika-trnovitica.hr\/index.php?rest_route=\/wp\/v2\/users\/1"}],"replies":[{"embeddable":true,"href":"https:\/\/www.velika-trnovitica.hr\/index.php?rest_route=%2Fwp%2Fv2%2Fcomments&post=1558"}],"version-history":[{"count":1,"href":"https:\/\/www.velika-trnovitica.hr\/index.php?rest_route=\/wp\/v2\/pages\/1558\/revisions"}],"predecessor-version":[{"id":1560,"href":"https:\/\/www.velika-trnovitica.hr\/index.php?rest_route=\/wp\/v2\/pages\/1558\/revisions\/1560"}],"wp:attachment":[{"href":"https:\/\/www.velika-trnovitica.hr\/index.php?rest_route=%2Fwp%2Fv2%2Fmedia&parent=1558"}],"curies":[{"name":"wp","href":"https:\/\/api.w.org\/{rel}","templated":true}]}}