{"id":147,"date":"2014-05-13T18:23:36","date_gmt":"2014-05-13T18:23:36","guid":{"rendered":"http:\/\/www.velika-trnovitica.hr\/?page_id=147"},"modified":"2014-05-13T18:51:18","modified_gmt":"2014-05-13T18:51:18","slug":"prostorni-plan","status":"publish","type":"page","link":"https:\/\/www.velika-trnovitica.hr\/?page_id=147","title":{"rendered":"Prostorni plan"},"content":{"rendered":"<p style=\"text-align: justify;\">Op\u0107ina Velika Trnovitica bila je do 1993. godine u sastavu biv\u0161e op\u0107ine\u00a0Gare\u0161nica. Prilikom promjene teritorijalno-politi\u010dkog ustrojstva Republike Hrvatske\u00a0Velika Trnovitica postaje samostalna op\u0107ina. Dosada\u0161nje se ure\u0111ivanje prostora\u00a0op\u0107ine stoga provodilo prema Prostornom planu op\u0107ine Gare\u0161nica te njegovim\u00a0kasnijim izmjenama i dopunama.<\/p>\n<p style=\"text-align: justify;\">\nBitne politi\u010dke promjene u posljednjih desetak godina dovele su do novog\u00a0administrativno-teritorijalnog ustroja prostora i omogu\u0107ile nov na\u010din gospodarenja\u00a0i zapo\u0161ljavanja \u0161to u urbanisti\u010dkom smislu daje nove mogu\u0107nosti i postavlja nove\u00a0zahtjeve. Tako\u0111er su, slijedom svjetskih trendova,znatno poo\u0161treni kriteriji za\u0161tite\u00a0okoli\u0161a, za\u0161tite prirodne i kulturne ba\u0161tine te za\u0161tite identiteta prostora. Zbog\u00a0svega toga je proteklo desetlje\u0107e obilje\u017eeno kao prijelazni period u izradi\u00a0prostorno-planske dokumentacije, kao priprema za prostorne planove koje je na\u00a0po\u010detku 21. stolje\u0107a mogu\u0107e izraditi znatno kvalitetnije. Najve\u0107i doprinos ovog\u00a0prostornog plana trebao bi biti u za\u0161titi prostora od devastacije, nekvalitetne i\u00a0nedovoljno promi\u0161ljene izgradnje, od neargumentiranih neutemeljenih politi\u010dkih\u00a0odluka na lokalnoj razini i nepromi\u0161ljenog tro\u0161enja prostora.<\/p>\n<p style=\"text-align: justify;\">Restrukturiranjem gospodarstva stvorene su druga\u010dije potrebe za gospodarskim\u00a0razvitkom, \u0161to stari planovi ne omogu\u0107uju, pa je potrebno tra\u017eiti nova rje\u0161enja u\u00a0gospodarskom vrednovanju prostora. O\u010dituju se i problemi u razvitku malog\u00a0poduzetni\u0161tva jer nisu osigurani prostori za takve sadr\u017eaje u naseljima u kojima\u00a0postoje stvarne potrebe. Tako\u0111er je ovim planom potrebno preispitati granice\u00a0gra\u0111evinskih podru\u010dja naselja te namjenu povr\u0161ina, kako bi se prostor mogao\u00a0izgra\u0111ivati i ure\u0111ivati u skladu sa novonastalim potrebama.<\/p>\n<h5>Izrada Prostornog plana ure\u0111enja temelji se na slijede\u0107im zakonima:<\/h5>\n<ul>\n<li>Zakon o prostornom ure\u0111enju NN 30\/1994<\/li>\n<li>Zakon o izmjenama i dopunama zakona o prostornom ure\u0111enju NN 68\/1998 i\u00a061\/2000<\/li>\n<li>Zakon o lokalnoj i podru\u010dnoj (regionalnoj) samoupravi NN 33\/2001<\/li>\n<li><\/li>\n<\/ul>\n<h5>Prostorni plan ure\u0111enja op\u0107ine odre\u0111uje ciljeve prostornog razvoja lokalnog<br \/>\nzna\u010daja te sadr\u017ei:<\/h5>\n<ul>\n<li>gra\u0111evinska podru\u010dja,<\/li>\n<li>namjenu prostora s razmje\u0161tajem gospodarskih i drugih funkcija lokalnog\u00a0zna\u010daja,<\/li>\n<li>mre\u017eu lokalne komunalne infrastrukture i na\u010din zbrinjavanja otpada,<\/li>\n<li>uvjete kori\u0161tenja i za\u0161tite prostora u odnosu na zna\u010dajke prostora i zahvate u\u00a0prostoru,<\/li>\n<li>podru\u010dja za koja \u0107e se izra\u0111ivati urbanisti\u010dki planovi.<\/li>\n<\/ul>\n<p>Prostorni plan ure\u0111enja Op\u0107ine Velika Trnovitica najva\u017eniji je dokument prostornog<br \/>\nure\u0111enja op\u0107ine, kojim se treba utvrditi daljnji razvoj i na\u010din iskori\u0161tenja prostornih<br \/>\nmogu\u0107nosti prostora op\u0107ine<\/p>\n<h5>Prostorni plan mo\u017eete preuzeti na sljede\u0107im linkovima:<\/h5>\n<p><a href=\"https:\/\/www.velika-trnovitica.hr\/wp-content\/uploads\/2014\/05\/0.-obrazlozenje.pdf\">1. Obrazlo\u017eenje<\/a><\/p>\n<p><a href=\"https:\/\/www.velika-trnovitica.hr\/wp-content\/uploads\/2014\/05\/1.-koristenje-i-namjena-povrsina.pdf\">2. Kori\u0161tenje i namjena povr\u0161ina<\/a><\/p>\n<p style=\"padding-left: 30px;\"><a href=\"https:\/\/www.velika-trnovitica.hr\/wp-content\/uploads\/2014\/05\/2.1.-elektroenergetska-telekomunikacijska-i-plinovodna-mreza.pdf\">2.1. Elektroenergetska, telekomunikacijska i plinovodna mreza<\/a><\/p>\n<p style=\"padding-left: 30px;\"><a href=\"https:\/\/www.velika-trnovitica.hr\/wp-content\/uploads\/2014\/05\/2.2.-vodovodna-mreza.pdf\">2.2. Vodovodna mre\u017ea<\/a><\/p>\n<p style=\"padding-left: 30px;\"><a href=\"https:\/\/www.velika-trnovitica.hr\/wp-content\/uploads\/2014\/05\/2.3.-odvodnja-otpadnih-voda.pdf\">2.3. Odvodnja otpadnih voda<\/a><\/p>\n<p><a href=\"https:\/\/www.velika-trnovitica.hr\/wp-content\/uploads\/2014\/05\/3.-uvjeti-koristenja-uredjenja-i-zastite-prostora.pdf\">3. Uvjeti koristenja, uredjenja i zastite prostora<\/a><\/p>\n<p><a href=\"https:\/\/www.velika-trnovitica.hr\/wp-content\/uploads\/2014\/05\/4.1.-gornja-ploscica.pdf\">4.1. Gornja Plo\u0161\u0107ica<\/a><\/p>\n<p><a href=\"https:\/\/www.velika-trnovitica.hr\/wp-content\/uploads\/2014\/05\/4.2.-gornja-trnovitica-mlinski-vinogradi.pdf\">4.2. Gornja Trnovitica, Mlinski Vinogradi<\/a><\/p>\n<p><a href=\"https:\/\/www.velika-trnovitica.hr\/wp-content\/uploads\/2014\/05\/4.3.-mala-mlinska.pdf\">4.3. Mala Mlinska<\/a><\/p>\n<p><a href=\"https:\/\/www.velika-trnovitica.hr\/wp-content\/uploads\/2014\/05\/4.4.-mala-trnovitica.pdf\">4.4. Mala Trnovitica<\/a><\/p>\n<p><a href=\"https:\/\/www.velika-trnovitica.hr\/wp-content\/uploads\/2014\/05\/4.5.-nova-ploscica.pdf\">4.5. Nova Plo\u0161\u0107ica<\/a><\/p>\n<p><a href=\"https:\/\/www.velika-trnovitica.hr\/wp-content\/uploads\/2014\/05\/4.6.-velika-mlinska.pdf\">4.6. Velika Mlinska<\/a><\/p>\n<p><a href=\"https:\/\/www.velika-trnovitica.hr\/wp-content\/uploads\/2014\/05\/4.7.-velika-trnovitica.pdf\">4.7. Velika Trnovitica<\/a><\/p>\n","protected":false},"excerpt":{"rendered":"<p>Op\u0107ina Velika Trnovitica bila je do 1993. godine u sastavu biv\u0161e op\u0107ine\u00a0Gare\u0161nica. Prilikom promjene teritorijalno-politi\u010dkog ustrojstva Republike Hrvatske\u00a0Velika Trnovitica postaje samostalna op\u0107ina. Dosada\u0161nje se ure\u0111ivanje prostora\u00a0op\u0107ine stoga provodilo prema Prostornom planu op\u0107ine Gare\u0161nica te njegovim\u00a0kasnijim izmjenama i dopunama. Bitne politi\u010dke promjene u posljednjih desetak godina dovele su do novog\u00a0administrativno-teritorijalnog ustroja prostora i omogu\u0107ile nov na\u010din [&hellip;]<\/p>\n","protected":false},"author":1,"featured_media":0,"parent":0,"menu_order":0,"comment_status":"closed","ping_status":"closed","template":"","meta":{"ngg_post_thumbnail":0,"footnotes":""},"class_list":["post-147","page","type-page","status-publish","hentry"],"_links":{"self":[{"href":"https:\/\/www.velika-trnovitica.hr\/index.php?rest_route=\/wp\/v2\/pages\/147","targetHints":{"allow":["GET"]}}],"collection":[{"href":"https:\/\/www.velika-trnovitica.hr\/index.php?rest_route=\/wp\/v2\/pages"}],"about":[{"href":"https:\/\/www.velika-trnovitica.hr\/index.php?rest_route=\/wp\/v2\/types\/page"}],"author":[{"embeddable":true,"href":"https:\/\/www.velika-trnovitica.hr\/index.php?rest_route=\/wp\/v2\/users\/1"}],"replies":[{"embeddable":true,"href":"https:\/\/www.velika-trnovitica.hr\/index.php?rest_route=%2Fwp%2Fv2%2Fcomments&post=147"}],"version-history":[{"count":5,"href":"https:\/\/www.velika-trnovitica.hr\/index.php?rest_route=\/wp\/v2\/pages\/147\/revisions"}],"predecessor-version":[{"id":167,"href":"https:\/\/www.velika-trnovitica.hr\/index.php?rest_route=\/wp\/v2\/pages\/147\/revisions\/167"}],"wp:attachment":[{"href":"https:\/\/www.velika-trnovitica.hr\/index.php?rest_route=%2Fwp%2Fv2%2Fmedia&parent=147"}],"curies":[{"name":"wp","href":"https:\/\/api.w.org\/{rel}","templated":true}]}}