{"id":1422,"date":"2019-01-28T19:38:52","date_gmt":"2019-01-28T19:38:52","guid":{"rendered":"http:\/\/www.velika-trnovitica.hr\/?page_id=1422"},"modified":"2022-08-17T08:00:20","modified_gmt":"2022-08-17T08:00:20","slug":"savjetovanje-sa-zainteresiranom-javnoscu","status":"publish","type":"page","link":"https:\/\/www.velika-trnovitica.hr\/?page_id=1422","title":{"rendered":"Savjetovanje sa zainteresiranom javno\u0161\u0107u"},"content":{"rendered":"<div><span style=\"font-family: times new roman, serif;\">Jedno od temeljnih obilje\u017eja suvremenih demokracija jest razvijeno civilno dru\u0161tvo koje se, izme\u0111u ostalog, ostvaruje u otvorenom dijalogu, suradnji, pa i partnerstvu gra\u0111ana, organizacija civilnoga dru\u0161tva, odnosno op\u0107enito zainteresirane javnosti s javnim i dr\u017eavnim institucijama. Prihva\u0107anje takve aktivne uloge gra\u0111ana, otvorenosti i javnosti kao temeljnih vrijednosti zna\u010di i spremnost tijela javne vlasti na poduzimanje djelotvornih mjera savjetovanja sa zainteresiranom javno\u0161\u0107u u postupcima dono\u0161enja zakona, drugih propisa i akata.<\/span><\/div>\n<div><span style=\"font-family: times new roman, serif;\">Vlada Republike Hrvatske je na sjednici odr\u017eanoj 21. studenoga 2009. godine prihvatila Kodeks savjetovanja sa zainteresiranom javno\u0161\u0107u u postupcima dono\u0161enja zakona, drugih propisa i akata. Usvajanjem Kodeksa Republika Hrvatska pridru\u017euje se skupini razvijenih europskih demokracija koje su uspostavile jasne standarde i mjere savjetovanja sa zainteresiranom javno\u0161\u0107u u postupcima kreiranja novih zakona, drugih propisa i akata.<br \/>\n<\/span><\/div>\n<div><span style=\"font-family: times new roman, serif;\">Va\u017ean korak u unaprje\u0111enju normativnog okvira za savjetovanja s javno\u0161\u0107u ostvaren je\u00a0<b>dono\u0161enjem\u00a0Zakonom o pravu na pristup informacijama (Narodne novine 25\/13 i 85\/15)<\/b>kojim je, izme\u0111u ostalog, odre\u0111ena i obveza dono\u0161enja i objavljivanja plana savjetovanja s javno\u0161\u0107u za kalendarsku godinu najkasnije do isteka prethodne kalendarske godine. \u00a0<\/span><\/div>\n<div><span style=\"font-family: times new roman, serif;\">Savjetovanje s javno\u0161\u0107u provodi se o Nacrtima onih op\u0107ih akata \u010dijim se dono\u0161enjem ili izmjenama utje\u010de na interese gra\u0111ana.<\/span><\/div>\n<p><span style=\"font-family: times new roman, serif;\">Uz op\u0107i akt o kojem se provodi savjetovanje s javno\u0161\u0107u objavljen\u00a0je i Obrazac za sudjelovanje javnosti u internetskom savjetovanju, u kojem su obrazlo\u017eeni razlozi i ciljevi koji se \u017eele posti\u0107i dono\u0161enjem akta.<br \/>\nNakon provedenog savjetovanja objavit \u0107e se izvje\u0161\u0107e iz kojeg \u0107e biti vidljivo koji su prijedlozi gra\u0111ana usvojeni, a koji ne sa obrazlo\u017eenjem.<\/span><\/p>\n<div><span style=\"font-family: times new roman, serif;\">Svoje prijedloge, mi\u0161ljenja i primjedbe na konkretne nacrte za koje je internetsko savjetovanje otvoreno, mo\u017eete uputiti putem Obrasca uz obaveznu naznaku pojedinog nacrta op\u0107eg akta na koju se internetsko savjetovanje odnosi. Ispunjene obrasce po\u0161aljite e-po\u0161tom na \u00a0navedenu adresu u nastavku<\/span><\/div>\n<div><span style=\"font-family: times new roman, serif;\"><a href=\"mailto:opcina-velika.-trnovitica@bj.t-com.hr\" target=\"_blank\" rel=\"noopener noreferrer\">opcina-velika.-trnovitica@bj.<wbr \/>t-com.hr<\/a>\u00a0\u00a0<\/span><\/div>\n<div><span style=\"font-family: times new roman, serif;\"><br \/>\n<\/span><br \/>\n<strong>Ogledni primjerci obrazaca u postupku savjetovanja sa zainteresiranom javno\u0161\u0107u<\/strong><\/div>\n<div><\/div>\n<div><a href=\"https:\/\/www.velika-trnovitica.hr\/wp-content\/uploads\/2019\/01\/Obrazac-savjetovanja-sa-zainteresiranom-javno\u0161\u0107u.docx\">Obrazac savjetovanja sa zainteresiranom javno\u0161\u0107u<\/a><\/div>\n<div><span style=\"color: #565656;\">\u00a0<\/span><\/div>\n<div><span style=\"color: #565656;\">\u00a0\u00a0\u00a0<\/span><\/div>\n<div><span style=\"color: #000000; font-size: large;\"><b>Plan savjetovanja sa zainteresiranom javno\u0161\u0107u<\/b><\/span><\/div>\n<div><span style=\"color: #000000;\">\u00a0<\/span><\/div>\n<div><a href=\"https:\/\/www.velika-trnovitica.hr\/wp-content\/uploads\/2019\/01\/Plan-savjetovanja-sa-zainteresiranom-javno\u0161\u0107u-za-2019.-godinu.doc\">Plan savjetovanja sa zainteresiranom javno\u0161\u0107u za 2019. godinu<\/a><\/div>\n<div><\/div>\n<div><\/div>\n<div><\/div>\n<div><\/div>\n<div>\n<table style=\"height: 650px;\" width=\"660\">\n<tbody>\n<tr>\n<td width=\"216\"><strong>Otvorena savjetovanja<\/strong><\/td>\n<td width=\"232\"><strong>Trajanje savjetovanja<\/strong><\/td>\n<td width=\"171\"><strong>Link<\/strong><\/td>\n<\/tr>\n<tr>\n<td width=\"216\"><\/td>\n<td width=\"232\"><\/td>\n<td width=\"171\"><\/td>\n<\/tr>\n<tr>\n<td width=\"216\"><\/td>\n<td width=\"232\"><\/td>\n<td width=\"171\"><\/td>\n<\/tr>\n<tr>\n<td width=\"216\"><strong>Zatvorena savjetovanja<\/strong><\/td>\n<td width=\"232\"><\/td>\n<td width=\"171\"><\/td>\n<\/tr>\n<tr>\n<td width=\"216\">Savjetovanje za prijedlog Plana upravljanja imovinom u vlasni\u0161tvu Op\u0107ine Velika Trnovitica za 2023.<\/p>\n<p>Savjetovanje sa zainteresiranom javno\u0161\u0107u za nacrt prijedloga Odluke o na\u010dinu pru\u017eanja javne usluge sakupljanja komunalnog otpada na podru\u010dju Op\u0107ine Velika Trnovitica<\/td>\n<td width=\"232\">23. lipanj do 23. srpanj 2022. god.<\/p>\n<p>.<\/p>\n<p>20.05.2022.-20.06.2022<\/p>\n<p>.<\/td>\n<td width=\"171\"><a href=\"https:\/\/www.velika-trnovitica.hr\/?p=2921\">Link<\/a><\/p>\n<p>.<\/p>\n<p><strong> <a href=\"https:\/\/www.velika-trnovitica.hr\/?p=2896\">Link<\/a><\/strong><\/p>\n<p>.<\/td>\n<\/tr>\n<tr>\n<td width=\"216\">Javna rasprava o Prijedlogu I. izmjena i dopuna Prostornog plana ure\u0111enja Op\u0107ine Velika Trnovitica<\/td>\n<td width=\"232\">06.\u00a0 srpnja \u2013 20. srpnja 2018. god<\/td>\n<td width=\"171\"><a href=\"https:\/\/www.velika-trnovitica.hr\/?p=1096\">https:\/\/www.velika-trnovitica.hr\/?p=1096<\/a><\/td>\n<\/tr>\n<tr>\n<td width=\"216\">Javni uvid prijedloga Programa raspolaganja poljoprivrednim zemlji\u0161tem u vlasni\u0161tvu Republike Hrvatske na podru\u010dju Op\u0107ine Velika Trnovitica<\/p>\n<p>Savjetovanje sa zainteresiranom javno\u0161\u0107u \u201eNacrt\u00a0 Strategije razvoja Op\u0107ine Velika Trnovitica 2019. -2027.\u201c<\/td>\n<td width=\"232\">07. lipnja \u2013 22. lipnja 2018. god.<\/p>\n<p>.<\/p>\n<p>04. velja\u010de \u2013 05. o\u017eujka 2019. god<\/td>\n<td width=\"171\"><a href=\"https:\/\/www.velika-trnovitica.hr\/?p=1055\">htt<\/a><a href=\"https:\/\/www.velika-trnovitica.hr\/?p=1055\">p:\/\/www.velika-trnovitica.hr\/?p=1055<\/a><\/p>\n<p>.<\/p>\n<p><a href=\"https:\/\/www.velika-trnovitica.hr\/?p=1485\">Link<\/a><\/td>\n<\/tr>\n<\/tbody>\n<\/table>\n<\/div>\n<div><\/div>\n<div><\/div>\n","protected":false},"excerpt":{"rendered":"<p>Jedno od temeljnih obilje\u017eja suvremenih demokracija jest razvijeno civilno dru\u0161tvo koje se, izme\u0111u ostalog, ostvaruje u otvorenom dijalogu, suradnji, pa i partnerstvu gra\u0111ana, organizacija civilnoga dru\u0161tva, odnosno op\u0107enito zainteresirane javnosti s javnim i dr\u017eavnim institucijama. Prihva\u0107anje takve aktivne uloge gra\u0111ana, otvorenosti i javnosti kao temeljnih vrijednosti zna\u010di i spremnost tijela javne vlasti na poduzimanje djelotvornih [&hellip;]<\/p>\n","protected":false},"author":1,"featured_media":0,"parent":0,"menu_order":0,"comment_status":"closed","ping_status":"closed","template":"","meta":{"ngg_post_thumbnail":0,"footnotes":""},"class_list":["post-1422","page","type-page","status-publish","hentry"],"_links":{"self":[{"href":"https:\/\/www.velika-trnovitica.hr\/index.php?rest_route=\/wp\/v2\/pages\/1422","targetHints":{"allow":["GET"]}}],"collection":[{"href":"https:\/\/www.velika-trnovitica.hr\/index.php?rest_route=\/wp\/v2\/pages"}],"about":[{"href":"https:\/\/www.velika-trnovitica.hr\/index.php?rest_route=\/wp\/v2\/types\/page"}],"author":[{"embeddable":true,"href":"https:\/\/www.velika-trnovitica.hr\/index.php?rest_route=\/wp\/v2\/users\/1"}],"replies":[{"embeddable":true,"href":"https:\/\/www.velika-trnovitica.hr\/index.php?rest_route=%2Fwp%2Fv2%2Fcomments&post=1422"}],"version-history":[{"count":18,"href":"https:\/\/www.velika-trnovitica.hr\/index.php?rest_route=\/wp\/v2\/pages\/1422\/revisions"}],"predecessor-version":[{"id":3016,"href":"https:\/\/www.velika-trnovitica.hr\/index.php?rest_route=\/wp\/v2\/pages\/1422\/revisions\/3016"}],"wp:attachment":[{"href":"https:\/\/www.velika-trnovitica.hr\/index.php?rest_route=%2Fwp%2Fv2%2Fmedia&parent=1422"}],"curies":[{"name":"wp","href":"https:\/\/api.w.org\/{rel}","templated":true}]}}