{"id":1334,"date":"2018-11-06T11:33:59","date_gmt":"2018-11-06T11:33:59","guid":{"rendered":"http:\/\/www.velika-trnovitica.hr\/?page_id=1334"},"modified":"2018-11-06T11:44:52","modified_gmt":"2018-11-06T11:44:52","slug":"i-izmjene-i-dopune-prostornog-plana","status":"publish","type":"page","link":"https:\/\/www.velika-trnovitica.hr\/?page_id=1334","title":{"rendered":"I. izmjene i dopune Prostornog plana"},"content":{"rendered":"<p><strong>1.&nbsp; &nbsp;izmjene i dopune Prostornog plana ure\u0111enja Op\u0107ine Velika Trnovitica<\/strong> izra\u0111ene su tako da se:<\/p>\n<p>&nbsp;<\/p>\n<ul>\n<li>zadr\u017eava cijeli tekstualni dio do sada va\u017ee\u0107eg Plana (\u201eSlu\u017ebeni glasnik Op\u0107ine Velika<\/li>\n<\/ul>\n<p>Trnovitica\u201c broj 2\/06) osim Odredbi za provedbu koje se mijenjaju,<\/p>\n<ul>\n<li>zamjenjuju svi kartografski prikazi grafi\u010dkog dijela do sada va\u017ee\u0107eg Plana (\u201eSlu\u017ebeni glasnik Op\u0107ine Velika Trnovitica\u201c broj 2\/06), te izmijenjeni i dopunjeni Prostorni plan ure\u0111enja Op\u0107ine Velika Trnovitica (\u201eSlu\u017ebeni glasnik Op\u0107ineVelika Trnovitica\u201c broj 2\/06 i 5\/18) \u010dine:<\/li>\n<li>zadr\u017eani dijelovi do sada va\u017ee\u0107eg Plana (\u201eSlu\u017ebeni glasnik Op\u0107ine Velika Trnovitica\u201c broj 2\/06)<\/li>\n<\/ul>\n<p>&nbsp;<\/p>\n<p>Ovim I. izmjenama i dopunama PPU Op\u0107ine Velika Trnovitica obuhva\u0107en je cijeli prostor<\/p>\n<p>Op\u0107ine, a izradi izmjena se pristupilo zbog:<\/p>\n<ul>\n<li>uskla\u0111enja s odredbama Zakona o prostornom ure\u0111enju,<\/li>\n<li>uskla\u0111enja s drugim \u201enovim\u201c zakonima i propisima,<\/li>\n<li>uskla\u0111enja s Prostornim planom Bjelovarsko-bilogorske \u017eupanije,<\/li>\n<li>izmjena granica i namjena gra\u0111evinskih podru\u010dja,<\/li>\n<li>izmjena dijelova odnosnih na ostale zahvate u prostoru lokalnog zna\u010daja,<\/li>\n<li>izmjena odredbi za provedbu vezano na naprijed navedeno.<\/li>\n<\/ul>\n<p>&nbsp;<\/p>\n<p>Izmjene su izra\u0111ene tako da se tekst Obrazlo\u017eenja, odnosno Polazi\u0161ta, Ciljeva i Plana nije<\/p>\n<p>mijenjao, ve\u0107 su izmjene provedene promjenom grafi\u010dkog dijela i Odredbi za provedbu.<\/p>\n<p>&nbsp;<\/p>\n<ol>\n<li><strong> Izmjene i dopune Prostornog plana ure\u0111enja Op\u0107ine Velika Trnovitica<\/strong> (\u201eSlu\u017ebeni glasnik Op\u0107ine Velika Trnovitica\u201c broj 5\/18) sastoje se od:<\/li>\n<\/ol>\n<p>&nbsp;<\/p>\n<p>Knjiga 1<\/p>\n<p style=\"padding-left: 30px;\">Tekstualni dio<\/p>\n<p style=\"padding-left: 60px;\"><a href=\"https:\/\/www.velika-trnovitica.hr\/wp-content\/uploads\/2018\/11\/0.Op\u0107i-dio.pdf\">&nbsp;Op\u0107i dio<\/a><\/p>\n<p style=\"padding-left: 60px;\"><a href=\"https:\/\/www.velika-trnovitica.hr\/wp-content\/uploads\/2018\/11\/1.Tekstualni-dio.pdf\">Tekstualni dio<\/a><\/p>\n<p style=\"padding-left: 30px;\">Grafi\u010dki dio<\/p>\n<p style=\"padding-left: 60px;\"><a href=\"https:\/\/www.velika-trnovitica.hr\/wp-content\/uploads\/2018\/11\/1.-Kori\u0161tenje-i-namjena-povr\u0161ina.pdf\">1. Kori\u0161tenje i namjena povr\u0161ina<\/a><\/p>\n<p style=\"padding-left: 60px;\"><a href=\"https:\/\/www.velika-trnovitica.hr\/wp-content\/uploads\/2018\/11\/2.a-Po\u0161ta-i-telekomunikacije.pdf\">2.a Po\u0161ta i telekomunikacije<\/a><\/p>\n<p style=\"padding-left: 60px;\"><a href=\"https:\/\/www.velika-trnovitica.hr\/wp-content\/uploads\/2018\/11\/2.b-Energetski-sustav.pdf\">2.b Energetski sustav<\/a><\/p>\n<p style=\"padding-left: 60px;\"><a href=\"https:\/\/www.velika-trnovitica.hr\/wp-content\/uploads\/2018\/11\/2.c-Vodnogospodarski-sustav-i-otpad.pdf\">2.c Vodnogospodarski sustav i otpad<\/a><\/p>\n<p style=\"padding-left: 60px;\"><a href=\"https:\/\/www.velika-trnovitica.hr\/wp-content\/uploads\/2018\/11\/3.a-Uvjeti-kori\u0161tenja-prostora.pdf\">3.a Uvjeti kori\u0161tenja prostora<\/a><\/p>\n<p style=\"padding-left: 60px;\"><a href=\"https:\/\/www.velika-trnovitica.hr\/wp-content\/uploads\/2018\/11\/3.b-Uvjeti-kori\u0161tenja-prostora-i-podru\u010dja-posebnih-mjera.pdf\">3.b Uvjeti kori\u0161tenja prostora i podru\u010dja posebnih mjera<\/a><\/p>\n<p style=\"padding-left: 60px;\"><a href=\"https:\/\/www.velika-trnovitica.hr\/wp-content\/uploads\/2018\/11\/4.a-Gornja-Plo\u0161\u010dica.pdf\">4.a Gornja Plo\u0161\u010dica<\/a><\/p>\n<p style=\"padding-left: 60px;\"><a href=\"https:\/\/www.velika-trnovitica.hr\/wp-content\/uploads\/2018\/11\/4.b-Gornja-Trnovitica.pdf\">4.b Gornja Trnovitica<\/a><\/p>\n<p style=\"padding-left: 60px;\"><a href=\"https:\/\/www.velika-trnovitica.hr\/wp-content\/uploads\/2018\/11\/4.c-Mala-Mlinska.pdf\">4.c Mala Mlinska<\/a><\/p>\n<p style=\"padding-left: 60px;\"><a href=\"https:\/\/www.velika-trnovitica.hr\/wp-content\/uploads\/2018\/11\/4.d-Mala-Trnovitica.pdf\">4.d Mala Trnovitica<\/a><\/p>\n<p style=\"padding-left: 60px;\"><a href=\"https:\/\/www.velika-trnovitica.hr\/wp-content\/uploads\/2018\/11\/4.e-Mlinski-Vinogradi.pdf\">4.e Mlinski Vinogradi<\/a><\/p>\n<p style=\"padding-left: 60px;\"><a href=\"https:\/\/www.velika-trnovitica.hr\/wp-content\/uploads\/2018\/11\/4.f-Nova-Plo\u0161\u010dica.pdf\">4.f Nova Plo\u0161\u010dica<\/a><\/p>\n<p style=\"padding-left: 60px;\"><a href=\"https:\/\/www.velika-trnovitica.hr\/wp-content\/uploads\/2018\/11\/4.g-Velika-Mlinska.pdf\">4.g Velika Mlinska<\/a><\/p>\n<p style=\"padding-left: 60px;\"><a href=\"https:\/\/www.velika-trnovitica.hr\/wp-content\/uploads\/2018\/11\/4.h-Velika-Trnovitica.pdf\">4.h Velika Trnovitica<\/a><\/p>\n<p style=\"padding-left: 60px;\"><a href=\"https:\/\/www.velika-trnovitica.hr\/wp-content\/uploads\/2018\/11\/II.-Grafi\u010dki-dio-naslovna.pdf\">II. Grafi\u010dki dio-naslovna<\/a><\/p>\n<p>Knjiga 2<\/p>\n<p style=\"padding-left: 60px;\"><a href=\"https:\/\/www.velika-trnovitica.hr\/wp-content\/uploads\/2018\/11\/III.-Prilozi.pdf\">III. Prilozi<\/a><\/p>\n","protected":false},"excerpt":{"rendered":"<p>1.&nbsp; &nbsp;izmjene i dopune Prostornog plana ure\u0111enja Op\u0107ine Velika Trnovitica izra\u0111ene su tako da se: &nbsp; zadr\u017eava cijeli tekstualni dio do sada va\u017ee\u0107eg Plana (\u201eSlu\u017ebeni glasnik Op\u0107ine Velika Trnovitica\u201c broj 2\/06) osim Odredbi za provedbu koje se mijenjaju, zamjenjuju svi kartografski prikazi grafi\u010dkog dijela do sada va\u017ee\u0107eg Plana (\u201eSlu\u017ebeni glasnik Op\u0107ine Velika Trnovitica\u201c broj 2\/06), [&hellip;]<\/p>\n","protected":false},"author":1,"featured_media":1338,"parent":0,"menu_order":0,"comment_status":"closed","ping_status":"closed","template":"","meta":{"ngg_post_thumbnail":0,"footnotes":""},"class_list":["post-1334","page","type-page","status-publish","has-post-thumbnail","hentry"],"_links":{"self":[{"href":"https:\/\/www.velika-trnovitica.hr\/index.php?rest_route=\/wp\/v2\/pages\/1334","targetHints":{"allow":["GET"]}}],"collection":[{"href":"https:\/\/www.velika-trnovitica.hr\/index.php?rest_route=\/wp\/v2\/pages"}],"about":[{"href":"https:\/\/www.velika-trnovitica.hr\/index.php?rest_route=\/wp\/v2\/types\/page"}],"author":[{"embeddable":true,"href":"https:\/\/www.velika-trnovitica.hr\/index.php?rest_route=\/wp\/v2\/users\/1"}],"replies":[{"embeddable":true,"href":"https:\/\/www.velika-trnovitica.hr\/index.php?rest_route=%2Fwp%2Fv2%2Fcomments&post=1334"}],"version-history":[{"count":3,"href":"https:\/\/www.velika-trnovitica.hr\/index.php?rest_route=\/wp\/v2\/pages\/1334\/revisions"}],"predecessor-version":[{"id":1358,"href":"https:\/\/www.velika-trnovitica.hr\/index.php?rest_route=\/wp\/v2\/pages\/1334\/revisions\/1358"}],"wp:featuredmedia":[{"embeddable":true,"href":"https:\/\/www.velika-trnovitica.hr\/index.php?rest_route=\/wp\/v2\/media\/1338"}],"wp:attachment":[{"href":"https:\/\/www.velika-trnovitica.hr\/index.php?rest_route=%2Fwp%2Fv2%2Fmedia&parent=1334"}],"curies":[{"name":"wp","href":"https:\/\/api.w.org\/{rel}","templated":true}]}}