{"id":1229,"date":"2018-10-01T19:11:27","date_gmt":"2018-10-01T19:11:27","guid":{"rendered":"http:\/\/www.velika-trnovitica.hr\/?page_id=1229"},"modified":"2023-03-02T12:28:05","modified_gmt":"2023-03-02T12:28:05","slug":"jedinstveni-upravni-odjel","status":"publish","type":"page","link":"https:\/\/www.velika-trnovitica.hr\/?page_id=1229","title":{"rendered":"Jedinstveni upravni odjel"},"content":{"rendered":"<div>Jedinstveni upravni odjel Op\u0107ine Velika Trnovitica obavlja poslove iz samoupravnog djelokruga Op\u0107ine te stru\u010dne, administrativne i tehni\u010dke poslove za rad Op\u0107inskog vije\u0107a, op\u0107inskog na\u010delnika i zamjenika na\u010delnika.<\/div>\n<div><\/div>\n<div>Upravni odjel obavlja upravne i druge sli\u010dne poslove:<\/div>\n<div>\n<ul>\n \t<li>rje\u0161ava poslove dr\u017eavne uprave koji su zakonom stavljeni u nadle\u017enost Op\u0107ine,<\/li>\n \t<li>izvr\u0161ava Odluke i druge op\u0107e akte Op\u0107inskog vije\u0107a, te osigurava njihovo provo\u0111enje,<\/li>\n \t<li>priprema prijedloge Odluka i drugih Op\u0107ih akata koje donosi Op\u0107insko vije\u0107e,<\/li>\n \t<li>obavlja poslove izrade Prora\u010duna i godi\u0161njih obra\u010duna,<\/li>\n \t<li>obavlja ra\u010dunovodstvene i knjigovodstvene poslove,<\/li>\n \t<li>obavlja poslove u vezi funkcioniranja gospodarstva i dru\u0161tvenih djelatnosti,<\/li>\n \t<li>pra\u0107enja rada sjednica Op\u0107inskog vije\u0107a i njihovih radnih tijela, izra\u0111uje zaklju\u010dke, zapisnike, te prati njihovo izvr\u0161avanje,<\/li>\n \t<li>priprema i objavljuje akte u Slu\u017ebenom glasilu,<\/li>\n \t<li>vodi uredsko poslovanje; urud\u017ebeni zapisnik, prijem i otpremu po\u0161te, te arhivu spisa,<\/li>\n \t<li>obavlja stru\u010dne i administrativne poslove za potrebe Mjesnih odbora,<\/li>\n \t<li>zajedno s Mjesnim odborima vodi brigu o \u010disto\u0107i i redu javnih povr\u0161ina,<\/li>\n \t<li>obavlja i druge poslove koji su u nadle\u017enosti Op\u0107ine, a koje mu povjeri Op\u0107insko vije\u0107e<\/li>\n<\/ul>\n<div><i>Izvod iz Odluke o ustrojstvu Jedinstvenog upravnog odjela Op\u0107ine Velika Trnovitica ( &#8220;Slu\u017ebeni glasnik Op\u0107ine Velika Trnovitica&#8221;, broj 02\/2001).<\/i><\/div>\n<\/div>\n<div><\/div>\n<div><\/div>\n<div><\/div>\n<div><strong>RADNO VRIJEME:<\/strong><\/div>\n<div>Ponedjeljak &#8211; petak, od 8:00 do 16:00 h<\/div>\n<div><\/div>\n<div>Op\u0107ina Velika Trnovitica<\/div>\n<div>Velika Trnovitica 223 a<\/div>\n<div>43 285 Velika Trnovitica<\/div>\n<div>OIB:87993861361<\/div>\n<div>MB:02539586<\/div>\n<div><\/div>\n<p style=\"margin: 0cm; margin-bottom: .0001pt;\"><b>Erste &amp; Steierm\u00e4rkische Bank d.d.\u00a0 IBAN:\u00a0 HR97 2402 0061 8565 0000\u00a0<\/b><\/p>\n<p style=\"margin: 0cm; margin-bottom: .0001pt;\"><strong>\u00a0<\/strong><\/p>\n<p style=\"margin: 0cm; margin-bottom: .0001pt;\"><strong>KONTAKT PODACI:<\/strong><\/p>\n<p style=\"margin: 0cm; margin-bottom: .0001pt;\"><strong>\u00a0<\/strong><\/p>\n<p style=\"margin: 0cm; margin-bottom: .0001pt;\"><strong>Pro\u010delnica Jedinstvenog upravnog odjela<\/strong><\/p>\n<p style=\"margin: 0cm; margin-bottom: .0001pt; text-indent: 35.4pt;\"><!-- \/wp:paragraph --><!-- wp:paragraph -->Ivana Nem\u010di\u0107, dipl. iur<\/p>\n<p style=\"margin: 0cm; margin-bottom: .0001pt; text-indent: 35.4pt;\">tel. 043\/541-038<\/p>\n<p style=\"margin: 0cm; margin-bottom: .0001pt;\"><!-- \/wp:paragraph --><strong>\u00a0<\/strong><\/p>\n<p style=\"margin: 0cm; margin-bottom: .0001pt;\"><strong>Stru\u010dni suradnik za financije i ra\u010dunovodstvo <\/strong><\/p>\n<p style=\"margin: 0cm; margin-bottom: .0001pt; text-indent: 35.4pt;\"><!-- \/wp:paragraph --><!-- wp:paragraph -->Andrea Jandri\u0107, univ.bacc.oec<\/p>\n<p style=\"margin: 0cm; margin-bottom: .0001pt;\"><!-- \/wp:paragraph --><strong>\u00a0<\/strong><\/p>\n<p style=\"margin: 0cm; margin-bottom: .0001pt;\"><strong>Administrativni<\/strong><b> <strong>referent<\/strong><\/b><\/p>\n<p style=\"margin: 0cm; margin-bottom: .0001pt; text-indent: 35.4pt;\"><!-- wp:paragraph --><!-- \/wp:paragraph --><!-- wp:paragraph -->\u017daklina Na\u0111<\/p>\n<p style=\"margin: 0cm; margin-bottom: .0001pt; text-indent: 35.4pt;\"><!-- \/wp:paragraph --><!-- wp:paragraph -->tel. 043\/541-028<\/p>\n<p style=\"margin: 0cm; margin-bottom: .0001pt; text-indent: 35.4pt;\"><!-- \/wp:paragraph --><!-- wp:paragraph -->Fax.043\/541-160<\/p>\n<p style=\"margin: 0cm; margin-bottom: .0001pt;\"><!-- \/wp:paragraph --><!-- wp:paragraph --><\/p>\n<p style=\"margin: 0cm; margin-bottom: .0001pt;\">e-mail: <a href=\"mailto:opcina-velika-trnovitica@bj.t-com.hr\">opcina-velika-trnovitica@bj.t-com.hr<\/a><\/p>\n<p style=\"margin: 0cm; margin-bottom: .0001pt;\"><!-- \/wp:paragraph --><!-- wp:paragraph -->web stranica:\u00a0<a href=\"https:\/\/www.velika-trnovitica.hr\/\" target=\"_blank\" rel=\"noopener noreferrer\">www.velika-trnovitica.hr<\/a><\/p>\n<!-- \/wp:paragraph -->\n\n<!-- wp:paragraph -->\n\n<!-- \/wp:paragraph -->","protected":false},"excerpt":{"rendered":"<p>Jedinstveni upravni odjel Op\u0107ine Velika Trnovitica obavlja poslove iz samoupravnog djelokruga Op\u0107ine te stru\u010dne, administrativne i tehni\u010dke poslove za rad Op\u0107inskog vije\u0107a, op\u0107inskog na\u010delnika i zamjenika na\u010delnika. Upravni odjel obavlja upravne i druge sli\u010dne poslove: rje\u0161ava poslove dr\u017eavne uprave koji su zakonom stavljeni u nadle\u017enost Op\u0107ine, izvr\u0161ava Odluke i druge op\u0107e akte Op\u0107inskog vije\u0107a, te [&hellip;]<\/p>\n","protected":false},"author":1,"featured_media":0,"parent":0,"menu_order":0,"comment_status":"closed","ping_status":"closed","template":"","meta":{"ngg_post_thumbnail":0,"footnotes":""},"class_list":["post-1229","page","type-page","status-publish","hentry"],"_links":{"self":[{"href":"https:\/\/www.velika-trnovitica.hr\/index.php?rest_route=\/wp\/v2\/pages\/1229","targetHints":{"allow":["GET"]}}],"collection":[{"href":"https:\/\/www.velika-trnovitica.hr\/index.php?rest_route=\/wp\/v2\/pages"}],"about":[{"href":"https:\/\/www.velika-trnovitica.hr\/index.php?rest_route=\/wp\/v2\/types\/page"}],"author":[{"embeddable":true,"href":"https:\/\/www.velika-trnovitica.hr\/index.php?rest_route=\/wp\/v2\/users\/1"}],"replies":[{"embeddable":true,"href":"https:\/\/www.velika-trnovitica.hr\/index.php?rest_route=%2Fwp%2Fv2%2Fcomments&post=1229"}],"version-history":[{"count":20,"href":"https:\/\/www.velika-trnovitica.hr\/index.php?rest_route=\/wp\/v2\/pages\/1229\/revisions"}],"predecessor-version":[{"id":3359,"href":"https:\/\/www.velika-trnovitica.hr\/index.php?rest_route=\/wp\/v2\/pages\/1229\/revisions\/3359"}],"wp:attachment":[{"href":"https:\/\/www.velika-trnovitica.hr\/index.php?rest_route=%2Fwp%2Fv2%2Fmedia&parent=1229"}],"curies":[{"name":"wp","href":"https:\/\/api.w.org\/{rel}","templated":true}]}}