{"id":1199,"date":"2018-10-01T18:51:54","date_gmt":"2018-10-01T18:51:54","guid":{"rendered":"http:\/\/www.velika-trnovitica.hr\/?page_id=1199"},"modified":"2026-03-18T12:02:33","modified_gmt":"2026-03-18T12:02:33","slug":"proracun","status":"publish","type":"page","link":"https:\/\/www.velika-trnovitica.hr\/?page_id=1199","title":{"rendered":"Prora\u010dun"},"content":{"rendered":"<h4>2026.<\/h4>\n<p><a href=\"https:\/\/www.velika-trnovitica.hr\/?page_id=4644\">Prora\u010dun za 2026. godinu<\/a><\/p>\n<p><a href=\"https:\/\/www.velika-trnovitica.hr\/?page_id=4571\">Prijedlog prora\u010duna za 2026. godinu<\/a><\/p>\n<h4>2025.<\/h4>\n<p><a href=\"https:\/\/www.velika-trnovitica.hr\/?page_id=4782\">Godi\u0161nji izvje\u0161taj o izvr\u0161enju prora\u010duna za 2025. godinu<\/a><\/p>\n<p><a href=\"https:\/\/www.velika-trnovitica.hr\/?page_id=4696\">Financijska izvje\u0161\u0107a za 2025. godinu<\/a><\/p>\n<p><a href=\"https:\/\/www.velika-trnovitica.hr\/?page_id=4655\">II. izmjene i dopune prora\u010duna za 2025. godinu<\/a><\/p>\n<p><a href=\"https:\/\/www.velika-trnovitica.hr\/?page_id=4544\">Polugodi\u0161nji izvje\u0161taj o izvr\u0161enju prora\u010duna<\/a><\/p>\n<p><a href=\"https:\/\/www.velika-trnovitica.hr\/?page_id=4436\">I. izmjene i dopune prora\u010duna<\/a><\/p>\n<p><a href=\"https:\/\/www.velika-trnovitica.hr\/?page_id=4768\">Plan nabave&nbsp;<\/a><\/p>\n<p><a href=\"https:\/\/www.velika-trnovitica.hr\/?page_id=4232\">Prora\u010dun za 2025. godinu<\/a><\/p>\n<p><a href=\"https:\/\/www.velika-trnovitica.hr\/?page_id=4139\">Prijedlog prora\u010duna za 2025. godinu<\/a><\/p>\n<h4>2024.<\/h4>\n<p><a href=\"https:\/\/www.velika-trnovitica.hr\/?page_id=4334\">Godi\u0161nji izvje\u0161taj o izvr\u0161enju prora\u010duna za 2024. godinu<\/a><\/p>\n<p><a href=\"https:\/\/www.velika-trnovitica.hr\/?page_id=4295\">Financijska izvje\u0161\u0107a za 2024. godinu<\/a><\/p>\n<p><a href=\"https:\/\/www.velika-trnovitica.hr\/?page_id=4244\">III. izmjene i dopune prora\u010duna<\/a><\/p>\n<p><a href=\"https:\/\/www.velika-trnovitica.hr\/?page_id=4124\">II. izmjene i dopune prora\u010duna<\/a><\/p>\n<p><a href=\"https:\/\/www.velika-trnovitica.hr\/?page_id=4359\">Polugodi\u0161nji izvje\u0161taj o izvr\u0161enju prora\u010duna za 2024. godinu<\/a><\/p>\n<p><a href=\"https:\/\/www.velika-trnovitica.hr\/?page_id=4003\">I. izmjene i dopune prora\u010duna<\/a><\/p>\n<p><a href=\"https:\/\/www.velika-trnovitica.hr\/?page_id=3759\">Prora\u010dun za 2024. godinu<\/a><\/p>\n<p><a href=\"https:\/\/www.velika-trnovitica.hr\/?page_id=3676\">Prijedlog prora\u010duna za 2024. godinu<\/a><\/p>\n<h4>2023.<\/h4>\n<p><a href=\"https:\/\/www.velika-trnovitica.hr\/?page_id=4012\">Godi\u0161nji izvje\u0161taj o izvr\u0161enju prora\u010duna<\/a><\/p>\n<p><a href=\"https:\/\/www.velika-trnovitica.hr\/?page_id=3831\">Financijska izvje\u0161\u0107a za 2023. godinu<\/a><\/p>\n<p><a href=\"https:\/\/www.velika-trnovitica.hr\/?page_id=3776\">II. izmjene i dopune prora\u010duna Op\u0107ine<\/a><\/p>\n<p><a href=\"https:\/\/www.velika-trnovitica.hr\/?page_id=3615\">Polugodi\u0161nji izvje\u0161taj o izvr\u0161enju prora\u010duna<\/a><\/p>\n<p><a href=\"https:\/\/www.velika-trnovitica.hr\/?page_id=3562\">1.izmjene i dopune prora\u010duna<\/a><\/p>\n<p><a href=\"https:\/\/www.velika-trnovitica.hr\/?page_id=3218\">Prora\u010dun za 2023. godinu<\/a><\/p>\n<p><a href=\"https:\/\/www.velika-trnovitica.hr\/?page_id=3142\">Prijedlog prora\u010duna za 2023. godinu<\/a><\/p>\n<h4>&nbsp;<\/h4>\n<h4>2022.<\/h4>\n<p><a href=\"https:\/\/www.velika-trnovitica.hr\/?page_id=3499\">Godi\u0161nji izvje\u0161taj o izvr\u0161enju prora\u010duna za 2022. godinu<\/a><\/p>\n<p><a href=\"https:\/\/www.velika-trnovitica.hr\/?page_id=3313\">Financijska izvje\u0161\u0107a za 2022. godinu<\/a><\/p>\n<p><a href=\"https:\/\/www.velika-trnovitica.hr\/?page_id=3231\">&nbsp;2. izmjene i dopune prora\u010duna<\/a><\/p>\n<p><a href=\"https:\/\/www.velika-trnovitica.hr\/?page_id=3087\">Polugodi\u0161nji izvje\u0161taj o izvr\u0161enju prora\u010duna za I-VI 2022. godine&nbsp;<\/a><\/p>\n<p><a href=\"https:\/\/www.velika-trnovitica.hr\/?page_id=2991\">1. izmjene i dopune prora\u010duna<\/a><\/p>\n<p><a href=\"https:\/\/www.velika-trnovitica.hr\/?page_id=2640\">Prora\u010dun za 2022. godinu<\/a><\/p>\n<p><a href=\"https:\/\/www.velika-trnovitica.hr\/?page_id=2587\">Prijedlog Prora\u010duna za 2022. godinu<\/a><\/p>\n<h4>2021.<\/h4>\n<p><a href=\"https:\/\/www.velika-trnovitica.hr\/?page_id=2864\">Godi\u0161nji izvje\u0161taj o izvr\u0161enju prora\u010duna za 2021. godinu<\/a><\/p>\n<p><a href=\"https:\/\/www.velika-trnovitica.hr\/?page_id=2748\">Financijska izvje\u0161\u0107a za 2021. godinu<\/a><\/p>\n<p><a href=\"https:\/\/www.velika-trnovitica.hr\/?page_id=2690\">3. Izmjene i dopune prora\u010duna<\/a><\/p>\n<p><a href=\"https:\/\/www.velika-trnovitica.hr\/?page_id=2554\">Polugodi\u0161nje izvr\u0161enje I-VI. 2021.<\/a><\/p>\n<p><a href=\"https:\/\/www.velika-trnovitica.hr\/?page_id=2549\">2. izmjene i dopune prora\u010duna<\/a><\/p>\n<p><a href=\"https:\/\/www.velika-trnovitica.hr\/wp-content\/uploads\/2021\/03\/1.-izmjene-plana-nabave.pdf\">1. izmjene plana nabave<\/a><\/p>\n<p><a href=\"https:\/\/www.velika-trnovitica.hr\/?page_id=2411\">1. izmjene i dopune prora\u010duna za 2021. godinu<\/a><\/p>\n<p><a href=\"https:\/\/www.velika-trnovitica.hr\/?page_id=2211\">Prora\u010dun za 2021. godinu<\/a><\/p>\n<p><a href=\"https:\/\/www.velika-trnovitica.hr\/?page_id=2193\">Prijedlog prora\u010duna za 2021. godinu<\/a><\/p>\n<h4>2020.<\/h4>\n<p><a href=\"https:\/\/www.velika-trnovitica.hr\/?page_id=2405\">Godi\u0161nje izvr\u0161enje prora\u010duna za 2020. godinu<\/a><\/p>\n<p><a href=\"https:\/\/www.velika-trnovitica.hr\/?page_id=2303\">Financijska izvje\u0161\u0107a za 2020. godinu<\/a><\/p>\n<p><a href=\"https:\/\/www.velika-trnovitica.hr\/?page_id=2240\">II. izmjene i dopune Prora\u010duna Op\u0107ine Velika Trnovitica za 2020. godinu<\/a><\/p>\n<p><a href=\"https:\/\/www.velika-trnovitica.hr\/?page_id=2123\">Polugodi\u0161nje izvr\u0161enje prora\u010duna I -VI 2020. godine<\/a><\/p>\n<p><a href=\"https:\/\/www.velika-trnovitica.hr\/?page_id=2134\">I. izmjene i dopune prora\u010duna Op\u0107ine Velika Trnovitica za 2020.godinu<\/a><\/p>\n<p><a href=\"https:\/\/www.velika-trnovitica.hr\/?page_id=1871\">Prora\u010dun Op\u0107ine Velika Trnovitica za 2020. godinu<\/a><\/p>\n<h4>2019.<\/h4>\n<p><a href=\"https:\/\/www.velika-trnovitica.hr\/?page_id=1984\">Godi\u0161nje izvje\u0161taj o izvr\u0161enju Prora\u010duna op\u0107ine Velika Trnovitica za 2019.godinu<\/a><\/p>\n<p><a href=\"https:\/\/www.velika-trnovitica.hr\/?page_id=1929\">Financijska izvje\u0161\u0107a za 2019. godinu<\/a><\/p>\n<p><a href=\"https:\/\/www.velika-trnovitica.hr\/?page_id=1859\">II. IZMJENE I DOPUNE PRORA\u010cUNA ZA 2019. GODINU<\/a><\/p>\n<p><a href=\"https:\/\/www.velika-trnovitica.hr\/?page_id=1848\">Prijedlog prora\u010duna za 2020. godinu<\/a><\/p>\n<p style=\"font-weight: 400;\"><a href=\"https:\/\/www.velika-trnovitica.hr\/?page_id=1813\">Polugodi\u0161nje izvr\u0161enje prora\u010duna od I-VI. 2019. godine<\/a><\/p>\n<p><a href=\"https:\/\/www.velika-trnovitica.hr\/?page_id=1762\">I. izmjene i dopune Prora\u010duna Op\u0107ine Velika Trnovitica za 2019.godinu<\/a><\/p>\n<p><a href=\"https:\/\/www.velika-trnovitica.hr\/?page_id=1387\">Prora\u010dun 2019.godina<\/a><\/p>\n<h4>2018.<\/h4>\n<p><a href=\"https:\/\/www.velika-trnovitica.hr\/?page_id=1733\">Godi\u0161nje izvr\u0161enje prora\u010duna za 2018. godinu<\/a><\/p>\n<p><a href=\"https:\/\/www.velika-trnovitica.hr\/?page_id=1495\">Bilje\u0161ke uz financijske izvje\u0161taje 2018<\/a><\/p>\n<p><a href=\"https:\/\/www.velika-trnovitica.hr\/?page_id=1399\">II. IZMJENE I DOPUNE PRORA\u010cUNA ZA 2018.GODINU<\/a><\/p>\n<p><a href=\"https:\/\/www.velika-trnovitica.hr\/?page_id=1552\">IZMJENE I DOPUNE PRORA\u010cUNA OP\u0106INE VELIKA TRNOVITICA ZA 2018.GODINU<\/a><\/p>\n<p><a href=\"https:\/\/www.velika-trnovitica.hr\/?page_id=1545\">POLUGODI\u0160NJI IZVJE\u0160TAJ O IZVR\u0160ENJU PRORA\u010cUNA OP\u0106INE VELIKA TRNOVITICA ZA 2018.GODINU<\/a><\/p>\n<p><a href=\"https:\/\/www.velika-trnovitica.hr\/?page_id=1558\">Prora\u010dun Op\u0107ine Velika Trnovitica za 2018. Godinu<\/a><\/p>\n<h4>2017.<\/h4>\n<p><a href=\"https:\/\/www.velika-trnovitica.hr\/?page_id=1040\">Godi\u0161nji izvje\u0161taj o izvr\u0161enju Prora\u010duna Op\u0107ine Velika Trnovitica za 2017.godinu<\/a><\/p>\n<p><a href=\"https:\/\/www.velika-trnovitica.hr\/?page_id=962\">Obrasci financijskih izvje\u0161\u0107a za 2017.godinu<\/a><\/p>\n<p><a href=\"https:\/\/www.velika-trnovitica.hr\/?page_id=1562\">Izmjene i dopune prora\u010duna op\u0107ine Velika Trnovitica za 2017. godinu<\/a><\/p>\n<p style=\"text-align: left;\"><a href=\"https:\/\/www.velika-trnovitica.hr\/?page_id=1568\"><u>Polugodi\u0161nji izvje\u0161taj o izvr\u0161enju prora\u010duna Op\u0107ine Velika Trnovitica za I-VI. 2017.godine<\/u><\/a><\/p>\n<p><a href=\"https:\/\/www.velika-trnovitica.hr\/?page_id=1577\">ODLUKA O IZVR\u0160ENJU PRORA\u010cUNA ZA 2017.godinu<\/a><\/p>\n<h4>2016.<\/h4>\n<p><a href=\"https:\/\/www.velika-trnovitica.hr\/?page_id=736\">Financijsko izvje\u0161tavanje za 2016.godinu<\/a><\/p>\n<p><a href=\"https:\/\/www.velika-trnovitica.hr\/?page_id=1582\">IZMJENE I DOPUNE PRORA\u010cUNA ZA 2016.godinu<\/a><\/p>\n<p><a href=\"https:\/\/www.velika-trnovitica.hr\/?page_id=1588\">Izvje\u0161taji prora\u010duna, prora\u010dunskih i izvanprora\u010dunskih korisnika za razdoblje 1. sije\u010danj 2016.\u201330. lipanj 2016<\/a>.<\/p>\n<p><a href=\"https:\/\/www.velika-trnovitica.hr\/?page_id=1601\">PLAN NABAVE ZA 2016. GODINU<\/a><\/p>\n<p><a href=\"https:\/\/www.velika-trnovitica.hr\/?page_id=1609\">ODLUKU O IZVR\u0160ENJU PRORA\u010cUNA OP\u0106INE V.TRNOVITICA ZA 2016.<\/a><\/p>\n<h4>2015.<\/h4>\n<p><a href=\"https:\/\/www.velika-trnovitica.hr\/?page_id=454\">Financijsko izvje\u0161tavanje za 2015.godinu<\/a><\/p>\n<p><a href=\"https:\/\/www.velika-trnovitica.hr\/?page_id=1597\">GODI\u0160NJI IZVJE\u0160TAJ O IZVR\u0160ENJU PRORA\u010cUNA OP\u0106INE VELIKA TRNOVITICA ZA 2015. GODINU<\/a><\/p>\n<p><a href=\"https:\/\/www.velika-trnovitica.hr\/?page_id=1619\">IZMJENE I DOPUNE PRORA\u010cUNA OP\u0106INE VELIKA TRNOVITICA ZA 2015. GODINU<\/a><\/p>\n<p style=\"text-align: left;\"><a href=\"https:\/\/www.velika-trnovitica.hr\/?page_id=1624\">Izvje\u0161taji prora\u010duna, prora\u010dunskih i izvanprora\u010dunskih korisnika za razdoblje 1. sije\u010danj 2015. &#8211; 30. lipanj 2015.<\/a><\/p>\n<p><a href=\"https:\/\/www.velika-trnovitica.hr\/?page_id=1637\">PRORA\u010cUN OP\u0106INE VELIKA TRNOVITICA ZA 2015. godinu<\/a><\/p>\n<h4>2014.<\/h4>\n<p><a href=\"https:\/\/www.velika-trnovitica.hr\/?page_id=290\">Financijsko izvje\u0161tavanje za 2014.godinu<\/a><\/p>\n<p><a href=\"https:\/\/www.velika-trnovitica.hr\/?page_id=1629\">GODI\u0160NJI IZVJE\u0160TAJ O IZVR\u0160ENJU PRORA\u010cUNA ZA OP\u0106INU VELIKA TRNOVITICA ZA I-XII 2014.GODINE<\/a><\/p>\n\n\n<p><\/p>\n","protected":false},"excerpt":{"rendered":"<p>2026. Prora\u010dun za 2026. godinu Prijedlog prora\u010duna za 2026. godinu 2025. Godi\u0161nji izvje\u0161taj o izvr\u0161enju prora\u010duna za 2025. godinu Financijska izvje\u0161\u0107a za 2025. godinu II. izmjene i dopune prora\u010duna za 2025. godinu Polugodi\u0161nji izvje\u0161taj o izvr\u0161enju prora\u010duna I. izmjene i dopune prora\u010duna Plan nabave&nbsp; Prora\u010dun za 2025. godinu Prijedlog prora\u010duna za 2025. godinu 2024. Godi\u0161nji [&hellip;]<\/p>\n","protected":false},"author":1,"featured_media":0,"parent":0,"menu_order":0,"comment_status":"closed","ping_status":"closed","template":"","meta":{"ngg_post_thumbnail":0,"footnotes":""},"class_list":["post-1199","page","type-page","status-publish","hentry"],"_links":{"self":[{"href":"https:\/\/www.velika-trnovitica.hr\/index.php?rest_route=\/wp\/v2\/pages\/1199","targetHints":{"allow":["GET"]}}],"collection":[{"href":"https:\/\/www.velika-trnovitica.hr\/index.php?rest_route=\/wp\/v2\/pages"}],"about":[{"href":"https:\/\/www.velika-trnovitica.hr\/index.php?rest_route=\/wp\/v2\/types\/page"}],"author":[{"embeddable":true,"href":"https:\/\/www.velika-trnovitica.hr\/index.php?rest_route=\/wp\/v2\/users\/1"}],"replies":[{"embeddable":true,"href":"https:\/\/www.velika-trnovitica.hr\/index.php?rest_route=%2Fwp%2Fv2%2Fcomments&post=1199"}],"version-history":[{"count":167,"href":"https:\/\/www.velika-trnovitica.hr\/index.php?rest_route=\/wp\/v2\/pages\/1199\/revisions"}],"predecessor-version":[{"id":4793,"href":"https:\/\/www.velika-trnovitica.hr\/index.php?rest_route=\/wp\/v2\/pages\/1199\/revisions\/4793"}],"wp:attachment":[{"href":"https:\/\/www.velika-trnovitica.hr\/index.php?rest_route=%2Fwp%2Fv2%2Fmedia&parent=1199"}],"curies":[{"name":"wp","href":"https:\/\/api.w.org\/{rel}","templated":true}]}}